{"id":487,"date":"2026-04-17T18:04:07","date_gmt":"2026-04-17T18:04:07","guid":{"rendered":"https:\/\/chocobakery.azdigi.shop\/?post_type=product&#038;p=487"},"modified":"2026-04-17T18:24:05","modified_gmt":"2026-04-17T18:24:05","slug":"ca-phe-specialty-ethiopia-guji-jigesa-g1-anaerobic-natural-toh","status":"publish","type":"product","link":"https:\/\/chocobakery.azdigi.shop\/?product=ca-phe-specialty-ethiopia-guji-jigesa-g1-anaerobic-natural-toh","title":{"rendered":"C\u00e0 Ph\u00ea Specialty Ethiopia Guji Jigesa G1 Anaerobic Natural TOH"},"content":{"rendered":"<h2 data-section-id=\"1ammfcl\" data-start=\"482\" data-end=\"552\"><span role=\"text\"><strong data-start=\"485\" data-end=\"552\">C\u00e0 ph\u00ea Guji Jigesa Ethiopia \u2013 B\u00f9ng n\u1ed5 h\u01b0\u01a1ng tr\u00e1i c\u00e2y v\u00e0 l\u00ean men<\/strong><\/span><\/h2>\n<p data-start=\"554\" data-end=\"654\">C\u00e0 ph\u00ea Guji Jigesa Ethiopia l\u00e0 d\u00f2ng c\u00e0 ph\u00ea \u0111\u1eb7c s\u1ea3n n\u1ed5i b\u1eadt. H\u1ea1t \u0111\u01b0\u1ee3c tr\u1ed3ng \u1edf \u0111\u1ed9 cao t\u1eeb 1.800\u20132.100m.<\/p>\n<p data-start=\"656\" data-end=\"757\">Nh\u1edd \u0111i\u1ec1u ki\u1ec7n kh\u00ed h\u1eadu l\u00fd t\u01b0\u1edfng, c\u00e2y ph\u00e1t tri\u1ec3n ch\u1eadm. H\u01b0\u01a1ng v\u1ecb v\u00ec th\u1ebf tr\u1edf n\u00ean ph\u1ee9c t\u1ea1p v\u00e0 r\u00f5 r\u00e0ng h\u01a1n.<\/p>\n<p data-start=\"759\" data-end=\"850\">Gi\u1ed1ng 74110\/74112 G1 mang l\u1ea1i ch\u1ea5t l\u01b0\u1ee3ng \u1ed5n \u0111\u1ecbnh. \u0110\u00e2y l\u00e0 d\u00f2ng gi\u1ed1ng \u0111\u1eb7c tr\u01b0ng c\u1ee7a Ethiopia.<\/p>\n<h2 data-section-id=\"zix88z\" data-start=\"857\" data-end=\"914\"><span role=\"text\"><strong data-start=\"860\" data-end=\"914\">H\u01b0\u01a1ng v\u1ecb \u0111\u1eb7c tr\u01b0ng c\u1ee7a c\u00e0 ph\u00ea Guji Jigesa Ethiopia<\/strong><\/span><\/h2>\n<p data-start=\"916\" data-end=\"1021\">C\u00e0 ph\u00ea Guji Jigesa Ethiopia g\u00e2y \u1ea5n t\u01b0\u1ee3ng m\u1ea1nh v\u1edbi pineapple. H\u01b0\u01a1ng tr\u00e1i c\u00e2y nhi\u1ec7t \u0111\u1edbi r\u00f5 r\u1ec7t ngay t\u1eeb \u0111\u1ea7u.<\/p>\n<p data-start=\"1023\" data-end=\"1117\">Honey mang l\u1ea1i v\u1ecb ng\u1ecdt t\u1ef1 nhi\u00ean v\u00e0 m\u01b0\u1ee3t. Melon v\u00e0 strawberry t\u1ea1o th\u00eam s\u1ef1 t\u01b0\u01a1i m\u1edbi v\u00e0 c\u00e2n b\u1eb1ng.<\/p>\n<p data-start=\"1119\" data-end=\"1220\">\u0110\u1eb7c bi\u1ec7t, red wine aroma gi\u00fap ly c\u00e0 ph\u00ea tr\u1edf n\u00ean s\u00e2u v\u00e0 kh\u00e1c bi\u1ec7t. H\u1eadu v\u1ecb k\u00e9o d\u00e0i v\u00e0 r\u1ea5t d\u1ec5 nh\u1eadn bi\u1ebft.<\/p>\n<h2 data-section-id=\"7pox7w\" data-start=\"1227\" data-end=\"1288\"><span role=\"text\"><strong data-start=\"1230\" data-end=\"1288\">\u0110i\u1ec3m n\u1ed5i b\u1eadt t\u1eeb ph\u01b0\u01a1ng ph\u00e1p ch\u1ebf bi\u1ebfn Anaerobic Natural<\/strong><\/span><\/h2>\n<p data-start=\"1290\" data-end=\"1392\">C\u00e0 ph\u00ea \u0111\u01b0\u1ee3c ch\u1ebf bi\u1ebfn theo ph\u01b0\u01a1ng ph\u00e1p anaerobic natural. \u0110\u00e2y l\u00e0 k\u1ef9 thu\u1eadt l\u00ean men trong m\u00f4i tr\u01b0\u1eddng k\u00edn.<\/p>\n<p data-start=\"1394\" data-end=\"1489\">Qu\u00e1 tr\u00ecnh n\u00e0y gi\u00fap t\u0103ng c\u01b0\u1eddng h\u01b0\u01a1ng tr\u00e1i c\u00e2y. \u0110\u1ed3ng th\u1eddi, n\u00f3 t\u1ea1o ra nh\u1eefng n\u1ed1t l\u00ean men \u0111\u1eb7c tr\u01b0ng.<\/p>\n<p data-start=\"1491\" data-end=\"1594\">Nh\u1edd \u0111\u00f3, ly c\u00e0 ph\u00ea c\u00f3 \u0111\u1ed9 ng\u1ecdt cao h\u01a1n. H\u01b0\u01a1ng v\u1ecb tr\u1edf n\u00ean d\u00e0y v\u00e0 tr\u00f2n h\u01a1n so v\u1edbi ph\u01b0\u01a1ng ph\u00e1p th\u00f4ng th\u01b0\u1eddng.<\/p>\n<h2 data-section-id=\"ea7eoa\" data-start=\"1601\" data-end=\"1655\"><span role=\"text\"><strong data-start=\"1604\" data-end=\"1655\">Tr\u1ea3i nghi\u1ec7m ph\u00f9 h\u1ee3p v\u1edbi phong c\u00e1ch pha hi\u1ec7n \u0111\u1ea1i<\/strong><\/span><\/h2>\n<p data-start=\"1657\" data-end=\"1779\">C\u00e0 ph\u00ea Guji Jigesa Ethiopia r\u1ea5t ph\u00f9 h\u1ee3p v\u1edbi pour over. Ph\u01b0\u01a1ng ph\u00e1p n\u00e0y gi\u00fap l\u00e0m n\u1ed5i b\u1eadt h\u01b0\u01a1ng tr\u00e1i c\u00e2y v\u00e0 aroma \u0111\u1eb7c tr\u01b0ng.<\/p>\n<p data-start=\"1781\" data-end=\"1864\">Cold brew c\u0169ng l\u00e0 l\u1ef1a ch\u1ecdn l\u00fd t\u01b0\u1edfng. C\u00e1ch pha n\u00e0y l\u00e0m t\u0103ng \u0111\u1ed9 ng\u1ecdt v\u00e0 gi\u1ea3m \u0111\u1ed9 chua.<\/p>\n<p data-start=\"1866\" data-end=\"1966\">M\u1ee9c rang light roast gi\u00fap gi\u1eef tr\u1ecdn h\u01b0\u01a1ng t\u1ef1 nhi\u00ean. Nh\u1edd \u0111\u00f3, ly c\u00e0 ph\u00ea gi\u1eef \u0111\u01b0\u1ee3c s\u1ef1 tinh t\u1ebf v\u00e0 r\u00f5 r\u00e0ng.<\/p>\n","protected":false},"excerpt":{"rendered":"<p>Th\u00f4ng tin h\u1ea1t:<\/p>\n<p>\u0110\u1ed9 cao \u00a0 \u00a0 \u00a0 \u00a0 \u00a0 | 1.800\u20132.100 masl<\/p>\n<p>Gi\u1ed1ng \u00a0 \u00a0 \u00a0 \u00a0 \u00a0 \u00a0 |\u00a0 74110\/74112 G1<\/p>\n<p>S\u01a1 ch\u1ebf\u00a0 \u00a0 \u00a0 \u00a0 \u00a0 \u00a0 | Anaerobic Natural<\/p>\n<p>V\u00f9ng tr\u1ed3ng \u00a0 \u00a0 | Guji Jigesa<\/p>\n<p>C\u1ee1 rang\u00a0 \u00a0 \u00a0 \u00a0 \u00a0 | Light Roast<\/p>\n<p>Ph\u01b0\u01a1ng ph\u00e1p pha \u0111\u1ec1 xu\u1ea5t: Pour Over \/ Cold Brew<\/p>\n<p>Taste notes: | Pineapple, Honey, Melon, Strawberry, Red Wine Aroma |<\/p>\n","protected":false},"featured_media":488,"comment_status":"open","ping_status":"closed","template":"","meta":[],"product_brand":[],"product_cat":[38],"product_tag":[],"class_list":{"0":"post-487","1":"product","2":"type-product","3":"status-publish","4":"has-post-thumbnail","6":"product_cat-ethopia","8":"first","9":"instock","10":"shipping-taxable","11":"purchasable","12":"product-type-variable"},"yoast_head":"<!-- This site is optimized with the Yoast SEO plugin v27.1.1 - https:\/\/yoast.com\/product\/yoast-seo-wordpress\/ -->\n<title>C\u00e0 ph\u00ea Guji Jigesa Ethiopia \u2013 Pineapple, honey, red wine aroma - Vietnamesecoffee<\/title>\n<meta name=\"description\" content=\"C\u00e0 ph\u00ea Guji Jigesa Ethiopia v\u1edbi h\u01b0\u01a1ng pineapple, honey, melon v\u00e0 strawberry. S\u01a1 ch\u1ebf anaerobic natural, rang light roast, ph\u00f9 h\u1ee3p pour over v\u00e0 cold brew.\" \/>\n<meta name=\"robots\" content=\"index, follow, max-snippet:-1, max-image-preview:large, max-video-preview:-1\" \/>\n<link rel=\"canonical\" href=\"https:\/\/chocobakery.azdigi.shop\/index.php\/san-pham\/ca-phe-specialty-ethiopia-guji-jigesa-g1-anaerobic-natural-toh\/\" \/>\n<meta property=\"og:locale\" content=\"vi_VN\" \/>\n<meta property=\"og:type\" content=\"article\" \/>\n<meta property=\"og:title\" content=\"C\u00e0 ph\u00ea Guji Jigesa Ethiopia \u2013 Pineapple, honey, red wine aroma - Vietnamesecoffee\" \/>\n<meta property=\"og:description\" content=\"C\u00e0 ph\u00ea Guji Jigesa Ethiopia v\u1edbi h\u01b0\u01a1ng pineapple, honey, melon v\u00e0 strawberry. S\u01a1 ch\u1ebf anaerobic natural, rang light roast, ph\u00f9 h\u1ee3p pour over v\u00e0 cold brew.\" \/>\n<meta property=\"og:url\" content=\"https:\/\/chocobakery.azdigi.shop\/index.php\/san-pham\/ca-phe-specialty-ethiopia-guji-jigesa-g1-anaerobic-natural-toh\/\" \/>\n<meta property=\"og:site_name\" content=\"Vietnamesecoffee\" \/>\n<meta property=\"article:modified_time\" content=\"2026-04-17T18:24:05+00:00\" \/>\n<meta property=\"og:image\" content=\"https:\/\/chocobakery.azdigi.shop\/wp-content\/uploads\/2026\/04\/ethog1.png\" \/>\n\t<meta property=\"og:image:width\" content=\"2048\" \/>\n\t<meta property=\"og:image:height\" content=\"2048\" \/>\n\t<meta property=\"og:image:type\" content=\"image\/png\" \/>\n<meta name=\"twitter:card\" content=\"summary_large_image\" \/>\n<meta name=\"twitter:label1\" content=\"\u01af\u1edbc t\u00ednh th\u1eddi gian \u0111\u1ecdc\" \/>\n\t<meta name=\"twitter:data1\" content=\"2 ph\u00fat\" \/>\n<script type=\"application\/ld+json\" class=\"yoast-schema-graph\">{\"@context\":\"https:\/\/schema.org\",\"@graph\":[{\"@type\":\"WebPage\",\"@id\":\"https:\/\/chocobakery.azdigi.shop\/index.php\/san-pham\/ca-phe-specialty-ethiopia-guji-jigesa-g1-anaerobic-natural-toh\/\",\"url\":\"https:\/\/chocobakery.azdigi.shop\/index.php\/san-pham\/ca-phe-specialty-ethiopia-guji-jigesa-g1-anaerobic-natural-toh\/\",\"name\":\"C\u00e0 ph\u00ea Guji Jigesa Ethiopia \u2013 Pineapple, honey, red wine aroma - Vietnamesecoffee\",\"isPartOf\":{\"@id\":\"https:\/\/chocobakery.azdigi.shop\/#website\"},\"primaryImageOfPage\":{\"@id\":\"https:\/\/chocobakery.azdigi.shop\/index.php\/san-pham\/ca-phe-specialty-ethiopia-guji-jigesa-g1-anaerobic-natural-toh\/#primaryimage\"},\"image\":{\"@id\":\"https:\/\/chocobakery.azdigi.shop\/index.php\/san-pham\/ca-phe-specialty-ethiopia-guji-jigesa-g1-anaerobic-natural-toh\/#primaryimage\"},\"thumbnailUrl\":\"https:\/\/chocobakery.azdigi.shop\/wp-content\/uploads\/2026\/04\/ethog1.png\",\"datePublished\":\"2026-04-17T18:04:07+00:00\",\"dateModified\":\"2026-04-17T18:24:05+00:00\",\"description\":\"C\u00e0 ph\u00ea Guji Jigesa Ethiopia v\u1edbi h\u01b0\u01a1ng pineapple, honey, melon v\u00e0 strawberry. S\u01a1 ch\u1ebf anaerobic natural, rang light roast, ph\u00f9 h\u1ee3p pour over v\u00e0 cold brew.\",\"breadcrumb\":{\"@id\":\"https:\/\/chocobakery.azdigi.shop\/index.php\/san-pham\/ca-phe-specialty-ethiopia-guji-jigesa-g1-anaerobic-natural-toh\/#breadcrumb\"},\"inLanguage\":\"vi\",\"potentialAction\":[{\"@type\":\"ReadAction\",\"target\":[\"https:\/\/chocobakery.azdigi.shop\/index.php\/san-pham\/ca-phe-specialty-ethiopia-guji-jigesa-g1-anaerobic-natural-toh\/\"]}]},{\"@type\":\"ImageObject\",\"inLanguage\":\"vi\",\"@id\":\"https:\/\/chocobakery.azdigi.shop\/index.php\/san-pham\/ca-phe-specialty-ethiopia-guji-jigesa-g1-anaerobic-natural-toh\/#primaryimage\",\"url\":\"https:\/\/chocobakery.azdigi.shop\/wp-content\/uploads\/2026\/04\/ethog1.png\",\"contentUrl\":\"https:\/\/chocobakery.azdigi.shop\/wp-content\/uploads\/2026\/04\/ethog1.png\",\"width\":2048,\"height\":2048},{\"@type\":\"BreadcrumbList\",\"@id\":\"https:\/\/chocobakery.azdigi.shop\/index.php\/san-pham\/ca-phe-specialty-ethiopia-guji-jigesa-g1-anaerobic-natural-toh\/#breadcrumb\",\"itemListElement\":[{\"@type\":\"ListItem\",\"position\":1,\"name\":\"Trang ch\u1ee7\",\"item\":\"https:\/\/chocobakery.azdigi.shop\/\"},{\"@type\":\"ListItem\",\"position\":2,\"name\":\"C\u1eeda h\u00e0ng\",\"item\":\"https:\/\/chocobakery.azdigi.shop\/?page_id=212\"},{\"@type\":\"ListItem\",\"position\":3,\"name\":\"C\u00e0 Ph\u00ea Specialty Ethiopia Guji Jigesa G1 Anaerobic Natural TOH\"}]},{\"@type\":\"WebSite\",\"@id\":\"https:\/\/chocobakery.azdigi.shop\/#website\",\"url\":\"https:\/\/chocobakery.azdigi.shop\/\",\"name\":\"Vietnamesecoffee\",\"description\":\"\",\"potentialAction\":[{\"@type\":\"SearchAction\",\"target\":{\"@type\":\"EntryPoint\",\"urlTemplate\":\"https:\/\/chocobakery.azdigi.shop\/?s={search_term_string}\"},\"query-input\":{\"@type\":\"PropertyValueSpecification\",\"valueRequired\":true,\"valueName\":\"search_term_string\"}}],\"inLanguage\":\"vi\"}]}<\/script>\n<!-- \/ Yoast SEO plugin. -->","yoast_head_json":{"title":"C\u00e0 ph\u00ea Guji Jigesa Ethiopia \u2013 Pineapple, honey, red wine aroma - Vietnamesecoffee","description":"C\u00e0 ph\u00ea Guji Jigesa Ethiopia v\u1edbi h\u01b0\u01a1ng pineapple, honey, melon v\u00e0 strawberry. S\u01a1 ch\u1ebf anaerobic natural, rang light roast, ph\u00f9 h\u1ee3p pour over v\u00e0 cold brew.","robots":{"index":"index","follow":"follow","max-snippet":"max-snippet:-1","max-image-preview":"max-image-preview:large","max-video-preview":"max-video-preview:-1"},"canonical":"https:\/\/chocobakery.azdigi.shop\/index.php\/san-pham\/ca-phe-specialty-ethiopia-guji-jigesa-g1-anaerobic-natural-toh\/","og_locale":"vi_VN","og_type":"article","og_title":"C\u00e0 ph\u00ea Guji Jigesa Ethiopia \u2013 Pineapple, honey, red wine aroma - Vietnamesecoffee","og_description":"C\u00e0 ph\u00ea Guji Jigesa Ethiopia v\u1edbi h\u01b0\u01a1ng pineapple, honey, melon v\u00e0 strawberry. S\u01a1 ch\u1ebf anaerobic natural, rang light roast, ph\u00f9 h\u1ee3p pour over v\u00e0 cold brew.","og_url":"https:\/\/chocobakery.azdigi.shop\/index.php\/san-pham\/ca-phe-specialty-ethiopia-guji-jigesa-g1-anaerobic-natural-toh\/","og_site_name":"Vietnamesecoffee","article_modified_time":"2026-04-17T18:24:05+00:00","og_image":[{"width":2048,"height":2048,"url":"https:\/\/chocobakery.azdigi.shop\/wp-content\/uploads\/2026\/04\/ethog1.png","type":"image\/png"}],"twitter_card":"summary_large_image","twitter_misc":{"\u01af\u1edbc t\u00ednh th\u1eddi gian \u0111\u1ecdc":"2 ph\u00fat"},"schema":{"@context":"https:\/\/schema.org","@graph":[{"@type":"WebPage","@id":"https:\/\/chocobakery.azdigi.shop\/index.php\/san-pham\/ca-phe-specialty-ethiopia-guji-jigesa-g1-anaerobic-natural-toh\/","url":"https:\/\/chocobakery.azdigi.shop\/index.php\/san-pham\/ca-phe-specialty-ethiopia-guji-jigesa-g1-anaerobic-natural-toh\/","name":"C\u00e0 ph\u00ea Guji Jigesa Ethiopia \u2013 Pineapple, honey, red wine aroma - Vietnamesecoffee","isPartOf":{"@id":"https:\/\/chocobakery.azdigi.shop\/#website"},"primaryImageOfPage":{"@id":"https:\/\/chocobakery.azdigi.shop\/index.php\/san-pham\/ca-phe-specialty-ethiopia-guji-jigesa-g1-anaerobic-natural-toh\/#primaryimage"},"image":{"@id":"https:\/\/chocobakery.azdigi.shop\/index.php\/san-pham\/ca-phe-specialty-ethiopia-guji-jigesa-g1-anaerobic-natural-toh\/#primaryimage"},"thumbnailUrl":"https:\/\/chocobakery.azdigi.shop\/wp-content\/uploads\/2026\/04\/ethog1.png","datePublished":"2026-04-17T18:04:07+00:00","dateModified":"2026-04-17T18:24:05+00:00","description":"C\u00e0 ph\u00ea Guji Jigesa Ethiopia v\u1edbi h\u01b0\u01a1ng pineapple, honey, melon v\u00e0 strawberry. S\u01a1 ch\u1ebf anaerobic natural, rang light roast, ph\u00f9 h\u1ee3p pour over v\u00e0 cold brew.","breadcrumb":{"@id":"https:\/\/chocobakery.azdigi.shop\/index.php\/san-pham\/ca-phe-specialty-ethiopia-guji-jigesa-g1-anaerobic-natural-toh\/#breadcrumb"},"inLanguage":"vi","potentialAction":[{"@type":"ReadAction","target":["https:\/\/chocobakery.azdigi.shop\/index.php\/san-pham\/ca-phe-specialty-ethiopia-guji-jigesa-g1-anaerobic-natural-toh\/"]}]},{"@type":"ImageObject","inLanguage":"vi","@id":"https:\/\/chocobakery.azdigi.shop\/index.php\/san-pham\/ca-phe-specialty-ethiopia-guji-jigesa-g1-anaerobic-natural-toh\/#primaryimage","url":"https:\/\/chocobakery.azdigi.shop\/wp-content\/uploads\/2026\/04\/ethog1.png","contentUrl":"https:\/\/chocobakery.azdigi.shop\/wp-content\/uploads\/2026\/04\/ethog1.png","width":2048,"height":2048},{"@type":"BreadcrumbList","@id":"https:\/\/chocobakery.azdigi.shop\/index.php\/san-pham\/ca-phe-specialty-ethiopia-guji-jigesa-g1-anaerobic-natural-toh\/#breadcrumb","itemListElement":[{"@type":"ListItem","position":1,"name":"Trang ch\u1ee7","item":"https:\/\/chocobakery.azdigi.shop\/"},{"@type":"ListItem","position":2,"name":"C\u1eeda h\u00e0ng","item":"https:\/\/chocobakery.azdigi.shop\/?page_id=212"},{"@type":"ListItem","position":3,"name":"C\u00e0 Ph\u00ea Specialty Ethiopia Guji Jigesa G1 Anaerobic Natural TOH"}]},{"@type":"WebSite","@id":"https:\/\/chocobakery.azdigi.shop\/#website","url":"https:\/\/chocobakery.azdigi.shop\/","name":"Vietnamesecoffee","description":"","potentialAction":[{"@type":"SearchAction","target":{"@type":"EntryPoint","urlTemplate":"https:\/\/chocobakery.azdigi.shop\/?s={search_term_string}"},"query-input":{"@type":"PropertyValueSpecification","valueRequired":true,"valueName":"search_term_string"}}],"inLanguage":"vi"}]}},"_links":{"self":[{"href":"https:\/\/chocobakery.azdigi.shop\/index.php?rest_route=\/wp\/v2\/product\/487","targetHints":{"allow":["GET"]}}],"collection":[{"href":"https:\/\/chocobakery.azdigi.shop\/index.php?rest_route=\/wp\/v2\/product"}],"about":[{"href":"https:\/\/chocobakery.azdigi.shop\/index.php?rest_route=\/wp\/v2\/types\/product"}],"replies":[{"embeddable":true,"href":"https:\/\/chocobakery.azdigi.shop\/index.php?rest_route=%2Fwp%2Fv2%2Fcomments&post=487"}],"wp:featuredmedia":[{"embeddable":true,"href":"https:\/\/chocobakery.azdigi.shop\/index.php?rest_route=\/wp\/v2\/media\/488"}],"wp:attachment":[{"href":"https:\/\/chocobakery.azdigi.shop\/index.php?rest_route=%2Fwp%2Fv2%2Fmedia&parent=487"}],"wp:term":[{"taxonomy":"product_brand","embeddable":true,"href":"https:\/\/chocobakery.azdigi.shop\/index.php?rest_route=%2Fwp%2Fv2%2Fproduct_brand&post=487"},{"taxonomy":"product_cat","embeddable":true,"href":"https:\/\/chocobakery.azdigi.shop\/index.php?rest_route=%2Fwp%2Fv2%2Fproduct_cat&post=487"},{"taxonomy":"product_tag","embeddable":true,"href":"https:\/\/chocobakery.azdigi.shop\/index.php?rest_route=%2Fwp%2Fv2%2Fproduct_tag&post=487"}],"curies":[{"name":"wp","href":"https:\/\/api.w.org\/{rel}","templated":true}]}}