{"id":483,"date":"2026-04-17T17:59:33","date_gmt":"2026-04-17T17:59:33","guid":{"rendered":"https:\/\/chocobakery.azdigi.shop\/?post_type=product&#038;p=483"},"modified":"2026-04-17T23:07:42","modified_gmt":"2026-04-17T23:07:42","slug":"ca-phe-specialty-costa-rica-canet-musician-bach-raisin-honey","status":"publish","type":"product","link":"https:\/\/chocobakery.azdigi.shop\/?product=ca-phe-specialty-costa-rica-canet-musician-bach-raisin-honey","title":{"rendered":"C\u00e0 ph\u00ea Specialty Costa Rica Canet Musician Bach Raisin Honey"},"content":{"rendered":"<h2 data-section-id=\"slf90l\" data-start=\"484\" data-end=\"547\"><span role=\"text\"><strong data-start=\"487\" data-end=\"547\">C\u00e0 ph\u00ea Tarrazu Costa Rica \u2013 Tinh t\u1ebf t\u1eeb v\u00f9ng cao Trung M\u1ef9<\/strong><\/span><\/h2>\n<p data-start=\"549\" data-end=\"642\">C\u00e0 ph\u00ea Tarrazu Costa Rica l\u00e0 d\u00f2ng c\u00e0 ph\u00ea \u0111\u1eb7c s\u1ea3n n\u1ed5i b\u1eadt. H\u1ea1t \u0111\u01b0\u1ee3c tr\u1ed3ng \u1edf \u0111\u1ed9 cao 1800\u20131900m.<\/p>\n<p data-start=\"644\" data-end=\"726\">Nh\u1edd \u0111\u1ed9 cao l\u1edbn, c\u00e2y c\u00e0 ph\u00ea ph\u00e1t tri\u1ec3n ch\u1eadm. H\u01b0\u01a1ng v\u1ecb v\u00ec th\u1ebf tr\u1edf n\u00ean \u0111\u1eadm v\u00e0 r\u00f5 h\u01a1n.<\/p>\n<p data-start=\"728\" data-end=\"840\">Gi\u1ed1ng H1 mang l\u1ea1i ch\u1ea5t l\u01b0\u1ee3ng \u1ed5n \u0111\u1ecbnh. \u0110\u00e2y l\u00e0 gi\u1ed1ng lai c\u00f3 kh\u1ea3 n\u0103ng th\u00edch nghi t\u1ed1t v\u00e0 cho profile h\u01b0\u01a1ng hi\u1ec7n \u0111\u1ea1i.<\/p>\n<h2 data-section-id=\"u5cn3i\" data-start=\"847\" data-end=\"902\"><span role=\"text\"><strong data-start=\"850\" data-end=\"902\">H\u01b0\u01a1ng v\u1ecb \u0111\u1eb7c tr\u01b0ng c\u1ee7a c\u00e0 ph\u00ea Tarrazu Costa Rica<\/strong><\/span><\/h2>\n<p data-start=\"904\" data-end=\"988\">C\u00e0 ph\u00ea Tarrazu Costa Rica g\u00e2y \u1ea5n t\u01b0\u1ee3ng v\u1edbi black currant. H\u01b0\u01a1ng tr\u00e1i c\u00e2y \u0111\u1eadm v\u00e0 s\u00e2u.<\/p>\n<p data-start=\"990\" data-end=\"1068\">Lemon citrus mang l\u1ea1i v\u1ecb chua s\u00e1ng. T\u1ed5ng th\u1ec3 tr\u1edf n\u00ean t\u01b0\u01a1i m\u1edbi v\u00e0 c\u00e2n b\u1eb1ng h\u01a1n.<\/p>\n<p data-start=\"1070\" data-end=\"1187\">Dark chocolate t\u1ea1o chi\u1ec1u s\u00e2u cho ly c\u00e0 ph\u00ea. Honey v\u00e0 butter caramel mang l\u1ea1i v\u1ecb ng\u1ecdt r\u00f5 r\u00e0ng. H\u1eadu v\u1ecb k\u00e9o d\u00e0i v\u00e0 m\u01b0\u1ee3t.<\/p>\n<h2 data-section-id=\"1vchkvs\" data-start=\"1194\" data-end=\"1250\"><span role=\"text\"><strong data-start=\"1197\" data-end=\"1250\">\u0110i\u1ec3m n\u1ed5i b\u1eadt t\u1eeb ph\u01b0\u01a1ng ph\u00e1p ch\u1ebf bi\u1ebfn Raisin Honey<\/strong><\/span><\/h2>\n<p data-start=\"1252\" data-end=\"1347\">C\u00e0 ph\u00ea \u0111\u01b0\u1ee3c ch\u1ebf bi\u1ebfn theo ph\u01b0\u01a1ng ph\u00e1p raisin honey. \u0110\u00e2y l\u00e0 bi\u1ebfn th\u1ec3 n\u00e2ng cao c\u1ee7a honey process.<\/p>\n<p data-start=\"1349\" data-end=\"1434\">Qu\u1ea3 c\u00e0 ph\u00ea \u0111\u01b0\u1ee3c x\u1eed l\u00fd k\u1ef9 tr\u01b0\u1edbc khi ph\u01a1i. L\u01b0\u1ee3ng \u0111\u01b0\u1eddng t\u1ef1 nhi\u00ean \u0111\u01b0\u1ee3c gi\u1eef l\u1ea1i nhi\u1ec1u h\u01a1n.<\/p>\n<p data-start=\"1436\" data-end=\"1519\">Nh\u1edd \u0111\u00f3, h\u01b0\u01a1ng v\u1ecb tr\u1edf n\u00ean \u0111\u1eadm v\u00e0 ng\u1ecdt h\u01a1n. C\u00e1c n\u1ed1t caramel v\u00e0 chocolate r\u00f5 r\u00e0ng h\u01a1n.<\/p>\n<p data-start=\"1521\" data-end=\"1598\">Ph\u01b0\u01a1ng ph\u00e1p n\u00e0y c\u0169ng gi\u00fap t\u0103ng \u0111\u1ed9 m\u01b0\u1ee3t. Ly c\u00e0 ph\u00ea c\u00f3 c\u1ea3m gi\u00e1c d\u00e0y v\u00e0 tr\u00f2n v\u1ecb.<\/p>\n<h2 data-section-id=\"ea7eoa\" data-start=\"1605\" data-end=\"1659\"><span role=\"text\"><strong data-start=\"1608\" data-end=\"1659\">Tr\u1ea3i nghi\u1ec7m ph\u00f9 h\u1ee3p v\u1edbi phong c\u00e1ch pha hi\u1ec7n \u0111\u1ea1i<\/strong><\/span><\/h2>\n<p data-start=\"1661\" data-end=\"1769\">C\u00e0 ph\u00ea Tarrazu Costa Rica r\u1ea5t ph\u00f9 h\u1ee3p v\u1edbi pour over. C\u00e1ch pha n\u00e0y gi\u00fap l\u00e0m n\u1ed5i b\u1eadt h\u01b0\u01a1ng tr\u00e1i c\u00e2y v\u00e0 citrus.<\/p>\n<p data-start=\"1771\" data-end=\"1852\">Cold brew c\u0169ng l\u00e0 l\u1ef1a ch\u1ecdn t\u1ed1t. Ph\u01b0\u01a1ng ph\u00e1p n\u00e0y l\u00e0m t\u0103ng \u0111\u1ed9 ng\u1ecdt v\u00e0 gi\u1ea3m \u0111\u1ed9 chua.<\/p>\n<p data-start=\"1854\" data-end=\"1957\">M\u1ee9c rang light roast gi\u00fap gi\u1eef tr\u1ecdn h\u01b0\u01a1ng t\u1ef1 nhi\u00ean. Nh\u1edd \u0111\u00f3, ly c\u00e0 ph\u00ea tr\u1edf n\u00ean tinh t\u1ebf v\u00e0 d\u1ec5 th\u01b0\u1edfng th\u1ee9c.<\/p>\n","protected":false},"excerpt":{"rendered":"<p>C\u00e0 ph\u00ea Tarrazu Costa Rica \u2013 Tinh t\u1ebf t\u1eeb v\u00f9ng cao Trung M\u1ef9 C\u00e0 ph\u00ea Tarrazu Costa Rica l\u00e0 d\u00f2ng c\u00e0 ph\u00ea \u0111\u1eb7c s\u1ea3n n\u1ed5i b\u1eadt. H\u1ea1t \u0111\u01b0\u1ee3c tr\u1ed3ng \u1edf \u0111\u1ed9 cao 1800\u20131900m. Nh\u1edd \u0111\u1ed9 cao l\u1edbn, c\u00e2y c\u00e0 ph\u00ea ph\u00e1t tri\u1ec3n ch\u1eadm. H\u01b0\u01a1ng v\u1ecb v\u00ec th\u1ebf tr\u1edf n\u00ean \u0111\u1eadm v\u00e0 r\u00f5 h\u01a1n. Gi\u1ed1ng H1 [&#8230;]\n","protected":false},"featured_media":484,"comment_status":"open","ping_status":"closed","template":"","meta":[],"product_brand":[],"product_cat":[37],"product_tag":[],"class_list":{"0":"post-483","1":"product","2":"type-product","3":"status-publish","4":"has-post-thumbnail","6":"product_cat-coasta-rica","8":"first","9":"instock","10":"shipping-taxable","11":"purchasable","12":"product-type-variable"},"yoast_head":"<!-- This site is optimized with the Yoast SEO plugin v27.1.1 - https:\/\/yoast.com\/product\/yoast-seo-wordpress\/ -->\n<title>C\u00e0 ph\u00ea Tarrazu Costa Rica \u2013 Black currant, citrus, caramel ng\u1ecdt - Vietnamesecoffee<\/title>\n<meta name=\"description\" content=\"C\u00e0 ph\u00ea Tarrazu Costa Rica v\u1edbi h\u01b0\u01a1ng black currant, lemon citrus v\u00e0 butter caramel. S\u01a1 ch\u1ebf raisin honey, rang light roast, ph\u00f9 h\u1ee3p pour over v\u00e0 cold brew.\" \/>\n<meta name=\"robots\" content=\"index, follow, max-snippet:-1, max-image-preview:large, max-video-preview:-1\" \/>\n<link rel=\"canonical\" href=\"https:\/\/chocobakery.azdigi.shop\/index.php\/san-pham\/ca-phe-specialty-costa-rica-canet-musician-bach-raisin-honey\/\" \/>\n<meta property=\"og:locale\" content=\"vi_VN\" \/>\n<meta property=\"og:type\" content=\"article\" \/>\n<meta property=\"og:title\" content=\"C\u00e0 ph\u00ea Tarrazu Costa Rica \u2013 Black currant, citrus, caramel ng\u1ecdt - Vietnamesecoffee\" \/>\n<meta property=\"og:description\" content=\"C\u00e0 ph\u00ea Tarrazu Costa Rica v\u1edbi h\u01b0\u01a1ng black currant, lemon citrus v\u00e0 butter caramel. S\u01a1 ch\u1ebf raisin honey, rang light roast, ph\u00f9 h\u1ee3p pour over v\u00e0 cold brew.\" \/>\n<meta property=\"og:url\" content=\"https:\/\/chocobakery.azdigi.shop\/index.php\/san-pham\/ca-phe-specialty-costa-rica-canet-musician-bach-raisin-honey\/\" \/>\n<meta property=\"og:site_name\" content=\"Vietnamesecoffee\" \/>\n<meta property=\"article:modified_time\" content=\"2026-04-17T23:07:42+00:00\" \/>\n<meta property=\"og:image\" content=\"https:\/\/chocobakery.azdigi.shop\/wp-content\/uploads\/2026\/04\/coastacf.png\" \/>\n\t<meta property=\"og:image:width\" content=\"1000\" \/>\n\t<meta property=\"og:image:height\" content=\"1000\" \/>\n\t<meta property=\"og:image:type\" content=\"image\/png\" \/>\n<meta name=\"twitter:card\" content=\"summary_large_image\" \/>\n<meta name=\"twitter:label1\" content=\"\u01af\u1edbc t\u00ednh th\u1eddi gian \u0111\u1ecdc\" \/>\n\t<meta name=\"twitter:data1\" content=\"2 ph\u00fat\" \/>\n<script type=\"application\/ld+json\" class=\"yoast-schema-graph\">{\"@context\":\"https:\/\/schema.org\",\"@graph\":[{\"@type\":\"WebPage\",\"@id\":\"https:\/\/chocobakery.azdigi.shop\/index.php\/san-pham\/ca-phe-specialty-costa-rica-canet-musician-bach-raisin-honey\/\",\"url\":\"https:\/\/chocobakery.azdigi.shop\/index.php\/san-pham\/ca-phe-specialty-costa-rica-canet-musician-bach-raisin-honey\/\",\"name\":\"C\u00e0 ph\u00ea Tarrazu Costa Rica \u2013 Black currant, citrus, caramel ng\u1ecdt - Vietnamesecoffee\",\"isPartOf\":{\"@id\":\"https:\/\/chocobakery.azdigi.shop\/#website\"},\"primaryImageOfPage\":{\"@id\":\"https:\/\/chocobakery.azdigi.shop\/index.php\/san-pham\/ca-phe-specialty-costa-rica-canet-musician-bach-raisin-honey\/#primaryimage\"},\"image\":{\"@id\":\"https:\/\/chocobakery.azdigi.shop\/index.php\/san-pham\/ca-phe-specialty-costa-rica-canet-musician-bach-raisin-honey\/#primaryimage\"},\"thumbnailUrl\":\"https:\/\/chocobakery.azdigi.shop\/wp-content\/uploads\/2026\/04\/coastacf.png\",\"datePublished\":\"2026-04-17T17:59:33+00:00\",\"dateModified\":\"2026-04-17T23:07:42+00:00\",\"description\":\"C\u00e0 ph\u00ea Tarrazu Costa Rica v\u1edbi h\u01b0\u01a1ng black currant, lemon citrus v\u00e0 butter caramel. S\u01a1 ch\u1ebf raisin honey, rang light roast, ph\u00f9 h\u1ee3p pour over v\u00e0 cold brew.\",\"breadcrumb\":{\"@id\":\"https:\/\/chocobakery.azdigi.shop\/index.php\/san-pham\/ca-phe-specialty-costa-rica-canet-musician-bach-raisin-honey\/#breadcrumb\"},\"inLanguage\":\"vi\",\"potentialAction\":[{\"@type\":\"ReadAction\",\"target\":[\"https:\/\/chocobakery.azdigi.shop\/index.php\/san-pham\/ca-phe-specialty-costa-rica-canet-musician-bach-raisin-honey\/\"]}]},{\"@type\":\"ImageObject\",\"inLanguage\":\"vi\",\"@id\":\"https:\/\/chocobakery.azdigi.shop\/index.php\/san-pham\/ca-phe-specialty-costa-rica-canet-musician-bach-raisin-honey\/#primaryimage\",\"url\":\"https:\/\/chocobakery.azdigi.shop\/wp-content\/uploads\/2026\/04\/coastacf.png\",\"contentUrl\":\"https:\/\/chocobakery.azdigi.shop\/wp-content\/uploads\/2026\/04\/coastacf.png\",\"width\":1000,\"height\":1000},{\"@type\":\"BreadcrumbList\",\"@id\":\"https:\/\/chocobakery.azdigi.shop\/index.php\/san-pham\/ca-phe-specialty-costa-rica-canet-musician-bach-raisin-honey\/#breadcrumb\",\"itemListElement\":[{\"@type\":\"ListItem\",\"position\":1,\"name\":\"Trang ch\u1ee7\",\"item\":\"https:\/\/chocobakery.azdigi.shop\/\"},{\"@type\":\"ListItem\",\"position\":2,\"name\":\"C\u1eeda h\u00e0ng\",\"item\":\"https:\/\/chocobakery.azdigi.shop\/?page_id=212\"},{\"@type\":\"ListItem\",\"position\":3,\"name\":\"C\u00e0 ph\u00ea Specialty Costa Rica Canet Musician Bach Raisin Honey\"}]},{\"@type\":\"WebSite\",\"@id\":\"https:\/\/chocobakery.azdigi.shop\/#website\",\"url\":\"https:\/\/chocobakery.azdigi.shop\/\",\"name\":\"Vietnamesecoffee\",\"description\":\"\",\"potentialAction\":[{\"@type\":\"SearchAction\",\"target\":{\"@type\":\"EntryPoint\",\"urlTemplate\":\"https:\/\/chocobakery.azdigi.shop\/?s={search_term_string}\"},\"query-input\":{\"@type\":\"PropertyValueSpecification\",\"valueRequired\":true,\"valueName\":\"search_term_string\"}}],\"inLanguage\":\"vi\"}]}<\/script>\n<!-- \/ Yoast SEO plugin. -->","yoast_head_json":{"title":"C\u00e0 ph\u00ea Tarrazu Costa Rica \u2013 Black currant, citrus, caramel ng\u1ecdt - Vietnamesecoffee","description":"C\u00e0 ph\u00ea Tarrazu Costa Rica v\u1edbi h\u01b0\u01a1ng black currant, lemon citrus v\u00e0 butter caramel. S\u01a1 ch\u1ebf raisin honey, rang light roast, ph\u00f9 h\u1ee3p pour over v\u00e0 cold brew.","robots":{"index":"index","follow":"follow","max-snippet":"max-snippet:-1","max-image-preview":"max-image-preview:large","max-video-preview":"max-video-preview:-1"},"canonical":"https:\/\/chocobakery.azdigi.shop\/index.php\/san-pham\/ca-phe-specialty-costa-rica-canet-musician-bach-raisin-honey\/","og_locale":"vi_VN","og_type":"article","og_title":"C\u00e0 ph\u00ea Tarrazu Costa Rica \u2013 Black currant, citrus, caramel ng\u1ecdt - Vietnamesecoffee","og_description":"C\u00e0 ph\u00ea Tarrazu Costa Rica v\u1edbi h\u01b0\u01a1ng black currant, lemon citrus v\u00e0 butter caramel. S\u01a1 ch\u1ebf raisin honey, rang light roast, ph\u00f9 h\u1ee3p pour over v\u00e0 cold brew.","og_url":"https:\/\/chocobakery.azdigi.shop\/index.php\/san-pham\/ca-phe-specialty-costa-rica-canet-musician-bach-raisin-honey\/","og_site_name":"Vietnamesecoffee","article_modified_time":"2026-04-17T23:07:42+00:00","og_image":[{"width":1000,"height":1000,"url":"https:\/\/chocobakery.azdigi.shop\/wp-content\/uploads\/2026\/04\/coastacf.png","type":"image\/png"}],"twitter_card":"summary_large_image","twitter_misc":{"\u01af\u1edbc t\u00ednh th\u1eddi gian \u0111\u1ecdc":"2 ph\u00fat"},"schema":{"@context":"https:\/\/schema.org","@graph":[{"@type":"WebPage","@id":"https:\/\/chocobakery.azdigi.shop\/index.php\/san-pham\/ca-phe-specialty-costa-rica-canet-musician-bach-raisin-honey\/","url":"https:\/\/chocobakery.azdigi.shop\/index.php\/san-pham\/ca-phe-specialty-costa-rica-canet-musician-bach-raisin-honey\/","name":"C\u00e0 ph\u00ea Tarrazu Costa Rica \u2013 Black currant, citrus, caramel ng\u1ecdt - Vietnamesecoffee","isPartOf":{"@id":"https:\/\/chocobakery.azdigi.shop\/#website"},"primaryImageOfPage":{"@id":"https:\/\/chocobakery.azdigi.shop\/index.php\/san-pham\/ca-phe-specialty-costa-rica-canet-musician-bach-raisin-honey\/#primaryimage"},"image":{"@id":"https:\/\/chocobakery.azdigi.shop\/index.php\/san-pham\/ca-phe-specialty-costa-rica-canet-musician-bach-raisin-honey\/#primaryimage"},"thumbnailUrl":"https:\/\/chocobakery.azdigi.shop\/wp-content\/uploads\/2026\/04\/coastacf.png","datePublished":"2026-04-17T17:59:33+00:00","dateModified":"2026-04-17T23:07:42+00:00","description":"C\u00e0 ph\u00ea Tarrazu Costa Rica v\u1edbi h\u01b0\u01a1ng black currant, lemon citrus v\u00e0 butter caramel. S\u01a1 ch\u1ebf raisin honey, rang light roast, ph\u00f9 h\u1ee3p pour over v\u00e0 cold brew.","breadcrumb":{"@id":"https:\/\/chocobakery.azdigi.shop\/index.php\/san-pham\/ca-phe-specialty-costa-rica-canet-musician-bach-raisin-honey\/#breadcrumb"},"inLanguage":"vi","potentialAction":[{"@type":"ReadAction","target":["https:\/\/chocobakery.azdigi.shop\/index.php\/san-pham\/ca-phe-specialty-costa-rica-canet-musician-bach-raisin-honey\/"]}]},{"@type":"ImageObject","inLanguage":"vi","@id":"https:\/\/chocobakery.azdigi.shop\/index.php\/san-pham\/ca-phe-specialty-costa-rica-canet-musician-bach-raisin-honey\/#primaryimage","url":"https:\/\/chocobakery.azdigi.shop\/wp-content\/uploads\/2026\/04\/coastacf.png","contentUrl":"https:\/\/chocobakery.azdigi.shop\/wp-content\/uploads\/2026\/04\/coastacf.png","width":1000,"height":1000},{"@type":"BreadcrumbList","@id":"https:\/\/chocobakery.azdigi.shop\/index.php\/san-pham\/ca-phe-specialty-costa-rica-canet-musician-bach-raisin-honey\/#breadcrumb","itemListElement":[{"@type":"ListItem","position":1,"name":"Trang ch\u1ee7","item":"https:\/\/chocobakery.azdigi.shop\/"},{"@type":"ListItem","position":2,"name":"C\u1eeda h\u00e0ng","item":"https:\/\/chocobakery.azdigi.shop\/?page_id=212"},{"@type":"ListItem","position":3,"name":"C\u00e0 ph\u00ea Specialty Costa Rica Canet Musician Bach Raisin Honey"}]},{"@type":"WebSite","@id":"https:\/\/chocobakery.azdigi.shop\/#website","url":"https:\/\/chocobakery.azdigi.shop\/","name":"Vietnamesecoffee","description":"","potentialAction":[{"@type":"SearchAction","target":{"@type":"EntryPoint","urlTemplate":"https:\/\/chocobakery.azdigi.shop\/?s={search_term_string}"},"query-input":{"@type":"PropertyValueSpecification","valueRequired":true,"valueName":"search_term_string"}}],"inLanguage":"vi"}]}},"_links":{"self":[{"href":"https:\/\/chocobakery.azdigi.shop\/index.php?rest_route=\/wp\/v2\/product\/483","targetHints":{"allow":["GET"]}}],"collection":[{"href":"https:\/\/chocobakery.azdigi.shop\/index.php?rest_route=\/wp\/v2\/product"}],"about":[{"href":"https:\/\/chocobakery.azdigi.shop\/index.php?rest_route=\/wp\/v2\/types\/product"}],"replies":[{"embeddable":true,"href":"https:\/\/chocobakery.azdigi.shop\/index.php?rest_route=%2Fwp%2Fv2%2Fcomments&post=483"}],"wp:featuredmedia":[{"embeddable":true,"href":"https:\/\/chocobakery.azdigi.shop\/index.php?rest_route=\/wp\/v2\/media\/484"}],"wp:attachment":[{"href":"https:\/\/chocobakery.azdigi.shop\/index.php?rest_route=%2Fwp%2Fv2%2Fmedia&parent=483"}],"wp:term":[{"taxonomy":"product_brand","embeddable":true,"href":"https:\/\/chocobakery.azdigi.shop\/index.php?rest_route=%2Fwp%2Fv2%2Fproduct_brand&post=483"},{"taxonomy":"product_cat","embeddable":true,"href":"https:\/\/chocobakery.azdigi.shop\/index.php?rest_route=%2Fwp%2Fv2%2Fproduct_cat&post=483"},{"taxonomy":"product_tag","embeddable":true,"href":"https:\/\/chocobakery.azdigi.shop\/index.php?rest_route=%2Fwp%2Fv2%2Fproduct_tag&post=483"}],"curies":[{"name":"wp","href":"https:\/\/api.w.org\/{rel}","templated":true}]}}