{"id":472,"date":"2026-04-17T17:44:09","date_gmt":"2026-04-17T17:44:09","guid":{"rendered":"https:\/\/chocobakery.azdigi.shop\/?post_type=product&#038;p=472"},"modified":"2026-04-17T17:44:10","modified_gmt":"2026-04-17T17:44:10","slug":"ca-phe-brazil-minas-gerais","status":"publish","type":"product","link":"https:\/\/chocobakery.azdigi.shop\/?product=ca-phe-brazil-minas-gerais","title":{"rendered":"C\u00e0 Ph\u00ea Specialty Brazil Fazenda Campestre Natural"},"content":{"rendered":"<h2 data-section-id=\"17etsur\" data-start=\"464\" data-end=\"523\"><span role=\"text\"><strong data-start=\"467\" data-end=\"523\">C\u00e0 ph\u00ea Brazil Minas Gerais \u2013 \u0110\u1eadm \u0111\u00e0 v\u00e0 ng\u1ecdt t\u1ef1 nhi\u00ean<\/strong><\/span><\/h2>\n<p data-start=\"525\" data-end=\"652\">C\u00e0 ph\u00ea Brazil Minas Gerais l\u00e0 d\u00f2ng c\u00e0 ph\u00ea \u0111\u1eb7c s\u1ea3n n\u1ed5i b\u1eadt. V\u00f9ng Minas Gerais n\u1ed5i ti\u1ebfng v\u1edbi s\u1ea3n l\u01b0\u1ee3ng l\u1edbn v\u00e0 ch\u1ea5t l\u01b0\u1ee3ng \u1ed5n \u0111\u1ecbnh.<\/p>\n<p data-start=\"654\" data-end=\"787\">H\u1ea1t c\u00e0 ph\u00ea \u0111\u01b0\u1ee3c tr\u1ed3ng \u1edf \u0111\u1ed9 cao 1.200\u20131.300m. \u0110i\u1ec1u ki\u1ec7n n\u00e0y gi\u00fap c\u00e2y ph\u00e1t tri\u1ec3n c\u00e2n b\u1eb1ng. Gi\u1ed1ng Mundo Novo mang l\u1ea1i v\u1ecb \u0111\u1eadm v\u00e0 d\u1ec5 u\u1ed1ng.<\/p>\n<h2 data-section-id=\"1cx6rq3\" data-start=\"794\" data-end=\"850\"><span role=\"text\"><strong data-start=\"797\" data-end=\"850\">H\u01b0\u01a1ng v\u1ecb \u0111\u1eb7c tr\u01b0ng\u00a0<\/strong><\/span><\/h2>\n<p data-start=\"852\" data-end=\"953\">C\u00e0 ph\u00ea Brazil Minas Gerais mang \u0111\u1ebfn h\u01b0\u01a1ng v\u1ecb phong ph\u00fa. Green kiwi t\u1ea1o c\u1ea3m gi\u00e1c t\u01b0\u01a1i m\u1edbi ngay t\u1eeb \u0111\u1ea7u.<\/p>\n<p data-start=\"955\" data-end=\"1043\">Orange zest mang l\u1ea1i v\u1ecb chua nh\u1eb9 v\u00e0 s\u00e1ng. Dried berries t\u1ea1o n\u00ean chi\u1ec1u s\u00e2u cho ly c\u00e0 ph\u00ea.<\/p>\n<p data-start=\"1045\" data-end=\"1167\">\u0110\u1eb7c bi\u1ec7t, fermented grapes v\u00e0 forest grapes gi\u00fap t\u0103ng \u0111\u1ed9 ng\u1ecdt. H\u01b0\u01a1ng v\u1ecb tr\u1edf n\u00ean d\u00e0y v\u00e0 tr\u00f2n h\u01a1n. H\u1eadu v\u1ecb k\u00e9o d\u00e0i v\u00e0 r\u00f5 n\u00e9t.<\/p>\n<h2 data-section-id=\"1cxz81e\" data-start=\"1174\" data-end=\"1225\"><span role=\"text\"><strong data-start=\"1177\" data-end=\"1225\">\u0110i\u1ec3m n\u1ed5i b\u1eadt t\u1eeb ph\u01b0\u01a1ng ph\u00e1p ch\u1ebf bi\u1ebfn Natural<\/strong><\/span><\/h2>\n<p data-start=\"1227\" data-end=\"1311\">C\u00e0 ph\u00ea \u0111\u01b0\u1ee3c ch\u1ebf bi\u1ebfn theo ph\u01b0\u01a1ng ph\u00e1p natural. Qu\u1ea3 c\u00e0 ph\u00ea \u0111\u01b0\u1ee3c ph\u01a1i kh\u00f4 nguy\u00ean tr\u00e1i.<\/p>\n<p data-start=\"1313\" data-end=\"1398\">Nh\u1edd \u0111\u00f3, h\u1ea1t c\u00e0 ph\u00ea gi\u1eef l\u1ea1i nhi\u1ec1u \u0111\u01b0\u1eddng t\u1ef1 nhi\u00ean. H\u01b0\u01a1ng v\u1ecb v\u00ec th\u1ebf ng\u1ecdt h\u01a1n v\u00e0 \u0111\u1eadm h\u01a1n.<\/p>\n<p data-start=\"1400\" data-end=\"1496\">Ph\u01b0\u01a1ng ph\u00e1p n\u00e0y c\u0169ng gi\u00fap t\u0103ng c\u01b0\u1eddng h\u01b0\u01a1ng tr\u00e1i c\u00e2y. C\u00e1c n\u1ed1t berry v\u00e0 grape tr\u1edf n\u00ean r\u00f5 r\u00e0ng h\u01a1n.<\/p>\n<h2 data-section-id=\"csdcie\" data-start=\"1503\" data-end=\"1556\"><span role=\"text\"><strong data-start=\"1506\" data-end=\"1556\">Phong c\u00e1ch ph\u00f9 h\u1ee3p v\u1edbi nhi\u1ec1u ng\u01b0\u1eddi th\u01b0\u1edfng th\u1ee9c<\/strong><\/span><\/h2>\n<p data-start=\"1558\" data-end=\"1664\">D\u00f2ng n\u00e0y ph\u00f9 h\u1ee3p v\u1edbi ng\u01b0\u1eddi th\u00edch v\u1ecb ng\u1ecdt. H\u01b0\u01a1ng tr\u00e1i c\u00e2y v\u00e0 \u0111\u1ed9 \u0111\u1eadm t\u1ea1o c\u1ea3m gi\u00e1c d\u1ec5 u\u1ed1ng.<\/p>\n<p data-start=\"1666\" data-end=\"1769\">S\u1ea3n ph\u1ea9m ph\u00f9 h\u1ee3p v\u1edbi nhi\u1ec1u c\u00e1ch pha kh\u00e1c nhau. B\u1ea1n c\u00f3 th\u1ec3 d\u00f9ng pour over \u0111\u1ec3 c\u1ea3m nh\u1eadn r\u00f5 h\u01b0\u01a1ng tr\u00e1i c\u00e2y.<\/p>\n<p data-start=\"1771\" data-end=\"1867\">Ngo\u00e0i ra, espresso ho\u1eb7c phin c\u0169ng l\u00e0 l\u1ef1a ch\u1ecdn t\u1ed1t. C\u00e1c ph\u01b0\u01a1ng ph\u00e1p n\u00e0y gi\u00fap t\u0103ng \u0111\u1ed9 \u0111\u1eadm v\u00e0 body.<\/p>\n","protected":false},"excerpt":{"rendered":"<p>V\u00f9ng tr\u1ed3ng: Minas Gerais, Brazil<\/p>\n<p>\u0110\u1ed9 cao: 1.200\u20131.300m<\/p>\n<p>Gi\u1ed1ng: Mundo Novo<\/p>\n<p>Ph\u01b0\u01a1ng ph\u00e1p ch\u1ebf bi\u1ebfn: Natural<\/p>\n<p>H\u01b0\u01a1ng v\u1ecb: Green Kiwi, Orange Zest, Dried Berries, Fermented Grapes, Forest Grapes<\/p>\n","protected":false},"featured_media":473,"comment_status":"open","ping_status":"closed","template":"","meta":[],"product_brand":[],"product_cat":[31],"product_tag":[],"class_list":{"0":"post-472","1":"product","2":"type-product","3":"status-publish","4":"has-post-thumbnail","6":"product_cat-brazil","8":"first","9":"instock","10":"shipping-taxable","11":"purchasable","12":"product-type-variable"},"yoast_head":"<!-- This site is optimized with the Yoast SEO plugin v27.1.1 - https:\/\/yoast.com\/product\/yoast-seo-wordpress\/ -->\n<title>C\u00e0 ph\u00ea Brazil Minas Gerais \u2013 H\u01b0\u01a1ng kiwi, berry, ng\u1ecdt \u0111\u1eadm t\u1ef1 nhi\u00ean - Vietnamesecoffee<\/title>\n<meta name=\"description\" content=\"C\u00e0 ph\u00ea Brazil Minas Gerais v\u1edbi h\u01b0\u01a1ng green kiwi, orange zest v\u00e0 dried berries. Ch\u1ebf bi\u1ebfn natural, v\u1ecb ng\u1ecdt \u0111\u1eadm, h\u1eadu v\u1ecb tr\u00e1i c\u00e2y r\u00f5 n\u00e9t.\" \/>\n<meta name=\"robots\" content=\"index, follow, max-snippet:-1, max-image-preview:large, max-video-preview:-1\" \/>\n<link rel=\"canonical\" href=\"https:\/\/chocobakery.azdigi.shop\/?product=ca-phe-brazil-minas-gerais\" \/>\n<meta property=\"og:locale\" content=\"vi_VN\" \/>\n<meta property=\"og:type\" content=\"article\" \/>\n<meta property=\"og:title\" content=\"C\u00e0 ph\u00ea Brazil Minas Gerais \u2013 H\u01b0\u01a1ng kiwi, berry, ng\u1ecdt \u0111\u1eadm t\u1ef1 nhi\u00ean - Vietnamesecoffee\" \/>\n<meta property=\"og:description\" content=\"C\u00e0 ph\u00ea Brazil Minas Gerais v\u1edbi h\u01b0\u01a1ng green kiwi, orange zest v\u00e0 dried berries. Ch\u1ebf bi\u1ebfn natural, v\u1ecb ng\u1ecdt \u0111\u1eadm, h\u1eadu v\u1ecb tr\u00e1i c\u00e2y r\u00f5 n\u00e9t.\" \/>\n<meta property=\"og:url\" content=\"https:\/\/chocobakery.azdigi.shop\/?product=ca-phe-brazil-minas-gerais\" \/>\n<meta property=\"og:site_name\" content=\"Vietnamesecoffee\" \/>\n<meta property=\"article:modified_time\" content=\"2026-04-17T17:44:10+00:00\" \/>\n<meta property=\"og:image\" content=\"https:\/\/chocobakery.azdigi.shop\/wp-content\/uploads\/2026\/04\/bzc.png\" \/>\n\t<meta property=\"og:image:width\" content=\"2044\" \/>\n\t<meta property=\"og:image:height\" content=\"2048\" \/>\n\t<meta property=\"og:image:type\" content=\"image\/png\" \/>\n<meta name=\"twitter:card\" content=\"summary_large_image\" \/>\n<meta name=\"twitter:label1\" content=\"\u01af\u1edbc t\u00ednh th\u1eddi gian \u0111\u1ecdc\" \/>\n\t<meta name=\"twitter:data1\" content=\"2 ph\u00fat\" \/>\n<script type=\"application\/ld+json\" class=\"yoast-schema-graph\">{\"@context\":\"https:\/\/schema.org\",\"@graph\":[{\"@type\":\"WebPage\",\"@id\":\"https:\/\/chocobakery.azdigi.shop\/?product=ca-phe-brazil-minas-gerais\",\"url\":\"https:\/\/chocobakery.azdigi.shop\/?product=ca-phe-brazil-minas-gerais\",\"name\":\"C\u00e0 ph\u00ea Brazil Minas Gerais \u2013 H\u01b0\u01a1ng kiwi, berry, ng\u1ecdt \u0111\u1eadm t\u1ef1 nhi\u00ean - Vietnamesecoffee\",\"isPartOf\":{\"@id\":\"https:\/\/chocobakery.azdigi.shop\/#website\"},\"primaryImageOfPage\":{\"@id\":\"https:\/\/chocobakery.azdigi.shop\/?product=ca-phe-brazil-minas-gerais#primaryimage\"},\"image\":{\"@id\":\"https:\/\/chocobakery.azdigi.shop\/?product=ca-phe-brazil-minas-gerais#primaryimage\"},\"thumbnailUrl\":\"https:\/\/chocobakery.azdigi.shop\/wp-content\/uploads\/2026\/04\/bzc.png\",\"datePublished\":\"2026-04-17T17:44:09+00:00\",\"dateModified\":\"2026-04-17T17:44:10+00:00\",\"description\":\"C\u00e0 ph\u00ea Brazil Minas Gerais v\u1edbi h\u01b0\u01a1ng green kiwi, orange zest v\u00e0 dried berries. Ch\u1ebf bi\u1ebfn natural, v\u1ecb ng\u1ecdt \u0111\u1eadm, h\u1eadu v\u1ecb tr\u00e1i c\u00e2y r\u00f5 n\u00e9t.\",\"breadcrumb\":{\"@id\":\"https:\/\/chocobakery.azdigi.shop\/?product=ca-phe-brazil-minas-gerais#breadcrumb\"},\"inLanguage\":\"vi\",\"potentialAction\":[{\"@type\":\"ReadAction\",\"target\":[\"https:\/\/chocobakery.azdigi.shop\/?product=ca-phe-brazil-minas-gerais\"]}]},{\"@type\":\"ImageObject\",\"inLanguage\":\"vi\",\"@id\":\"https:\/\/chocobakery.azdigi.shop\/?product=ca-phe-brazil-minas-gerais#primaryimage\",\"url\":\"https:\/\/chocobakery.azdigi.shop\/wp-content\/uploads\/2026\/04\/bzc.png\",\"contentUrl\":\"https:\/\/chocobakery.azdigi.shop\/wp-content\/uploads\/2026\/04\/bzc.png\",\"width\":2044,\"height\":2048},{\"@type\":\"BreadcrumbList\",\"@id\":\"https:\/\/chocobakery.azdigi.shop\/?product=ca-phe-brazil-minas-gerais#breadcrumb\",\"itemListElement\":[{\"@type\":\"ListItem\",\"position\":1,\"name\":\"Trang ch\u1ee7\",\"item\":\"https:\/\/chocobakery.azdigi.shop\/\"},{\"@type\":\"ListItem\",\"position\":2,\"name\":\"C\u1eeda h\u00e0ng\",\"item\":\"https:\/\/chocobakery.azdigi.shop\/?page_id=212\"},{\"@type\":\"ListItem\",\"position\":3,\"name\":\"C\u00e0 Ph\u00ea Specialty Brazil Fazenda Campestre Natural\"}]},{\"@type\":\"WebSite\",\"@id\":\"https:\/\/chocobakery.azdigi.shop\/#website\",\"url\":\"https:\/\/chocobakery.azdigi.shop\/\",\"name\":\"Vietnamesecoffee\",\"description\":\"\",\"potentialAction\":[{\"@type\":\"SearchAction\",\"target\":{\"@type\":\"EntryPoint\",\"urlTemplate\":\"https:\/\/chocobakery.azdigi.shop\/?s={search_term_string}\"},\"query-input\":{\"@type\":\"PropertyValueSpecification\",\"valueRequired\":true,\"valueName\":\"search_term_string\"}}],\"inLanguage\":\"vi\"}]}<\/script>\n<!-- \/ Yoast SEO plugin. -->","yoast_head_json":{"title":"C\u00e0 ph\u00ea Brazil Minas Gerais \u2013 H\u01b0\u01a1ng kiwi, berry, ng\u1ecdt \u0111\u1eadm t\u1ef1 nhi\u00ean - Vietnamesecoffee","description":"C\u00e0 ph\u00ea Brazil Minas Gerais v\u1edbi h\u01b0\u01a1ng green kiwi, orange zest v\u00e0 dried berries. Ch\u1ebf bi\u1ebfn natural, v\u1ecb ng\u1ecdt \u0111\u1eadm, h\u1eadu v\u1ecb tr\u00e1i c\u00e2y r\u00f5 n\u00e9t.","robots":{"index":"index","follow":"follow","max-snippet":"max-snippet:-1","max-image-preview":"max-image-preview:large","max-video-preview":"max-video-preview:-1"},"canonical":"https:\/\/chocobakery.azdigi.shop\/?product=ca-phe-brazil-minas-gerais","og_locale":"vi_VN","og_type":"article","og_title":"C\u00e0 ph\u00ea Brazil Minas Gerais \u2013 H\u01b0\u01a1ng kiwi, berry, ng\u1ecdt \u0111\u1eadm t\u1ef1 nhi\u00ean - Vietnamesecoffee","og_description":"C\u00e0 ph\u00ea Brazil Minas Gerais v\u1edbi h\u01b0\u01a1ng green kiwi, orange zest v\u00e0 dried berries. Ch\u1ebf bi\u1ebfn natural, v\u1ecb ng\u1ecdt \u0111\u1eadm, h\u1eadu v\u1ecb tr\u00e1i c\u00e2y r\u00f5 n\u00e9t.","og_url":"https:\/\/chocobakery.azdigi.shop\/?product=ca-phe-brazil-minas-gerais","og_site_name":"Vietnamesecoffee","article_modified_time":"2026-04-17T17:44:10+00:00","og_image":[{"width":2044,"height":2048,"url":"https:\/\/chocobakery.azdigi.shop\/wp-content\/uploads\/2026\/04\/bzc.png","type":"image\/png"}],"twitter_card":"summary_large_image","twitter_misc":{"\u01af\u1edbc t\u00ednh th\u1eddi gian \u0111\u1ecdc":"2 ph\u00fat"},"schema":{"@context":"https:\/\/schema.org","@graph":[{"@type":"WebPage","@id":"https:\/\/chocobakery.azdigi.shop\/?product=ca-phe-brazil-minas-gerais","url":"https:\/\/chocobakery.azdigi.shop\/?product=ca-phe-brazil-minas-gerais","name":"C\u00e0 ph\u00ea Brazil Minas Gerais \u2013 H\u01b0\u01a1ng kiwi, berry, ng\u1ecdt \u0111\u1eadm t\u1ef1 nhi\u00ean - Vietnamesecoffee","isPartOf":{"@id":"https:\/\/chocobakery.azdigi.shop\/#website"},"primaryImageOfPage":{"@id":"https:\/\/chocobakery.azdigi.shop\/?product=ca-phe-brazil-minas-gerais#primaryimage"},"image":{"@id":"https:\/\/chocobakery.azdigi.shop\/?product=ca-phe-brazil-minas-gerais#primaryimage"},"thumbnailUrl":"https:\/\/chocobakery.azdigi.shop\/wp-content\/uploads\/2026\/04\/bzc.png","datePublished":"2026-04-17T17:44:09+00:00","dateModified":"2026-04-17T17:44:10+00:00","description":"C\u00e0 ph\u00ea Brazil Minas Gerais v\u1edbi h\u01b0\u01a1ng green kiwi, orange zest v\u00e0 dried berries. Ch\u1ebf bi\u1ebfn natural, v\u1ecb ng\u1ecdt \u0111\u1eadm, h\u1eadu v\u1ecb tr\u00e1i c\u00e2y r\u00f5 n\u00e9t.","breadcrumb":{"@id":"https:\/\/chocobakery.azdigi.shop\/?product=ca-phe-brazil-minas-gerais#breadcrumb"},"inLanguage":"vi","potentialAction":[{"@type":"ReadAction","target":["https:\/\/chocobakery.azdigi.shop\/?product=ca-phe-brazil-minas-gerais"]}]},{"@type":"ImageObject","inLanguage":"vi","@id":"https:\/\/chocobakery.azdigi.shop\/?product=ca-phe-brazil-minas-gerais#primaryimage","url":"https:\/\/chocobakery.azdigi.shop\/wp-content\/uploads\/2026\/04\/bzc.png","contentUrl":"https:\/\/chocobakery.azdigi.shop\/wp-content\/uploads\/2026\/04\/bzc.png","width":2044,"height":2048},{"@type":"BreadcrumbList","@id":"https:\/\/chocobakery.azdigi.shop\/?product=ca-phe-brazil-minas-gerais#breadcrumb","itemListElement":[{"@type":"ListItem","position":1,"name":"Trang ch\u1ee7","item":"https:\/\/chocobakery.azdigi.shop\/"},{"@type":"ListItem","position":2,"name":"C\u1eeda h\u00e0ng","item":"https:\/\/chocobakery.azdigi.shop\/?page_id=212"},{"@type":"ListItem","position":3,"name":"C\u00e0 Ph\u00ea Specialty Brazil Fazenda Campestre Natural"}]},{"@type":"WebSite","@id":"https:\/\/chocobakery.azdigi.shop\/#website","url":"https:\/\/chocobakery.azdigi.shop\/","name":"Vietnamesecoffee","description":"","potentialAction":[{"@type":"SearchAction","target":{"@type":"EntryPoint","urlTemplate":"https:\/\/chocobakery.azdigi.shop\/?s={search_term_string}"},"query-input":{"@type":"PropertyValueSpecification","valueRequired":true,"valueName":"search_term_string"}}],"inLanguage":"vi"}]}},"_links":{"self":[{"href":"https:\/\/chocobakery.azdigi.shop\/index.php?rest_route=\/wp\/v2\/product\/472","targetHints":{"allow":["GET"]}}],"collection":[{"href":"https:\/\/chocobakery.azdigi.shop\/index.php?rest_route=\/wp\/v2\/product"}],"about":[{"href":"https:\/\/chocobakery.azdigi.shop\/index.php?rest_route=\/wp\/v2\/types\/product"}],"replies":[{"embeddable":true,"href":"https:\/\/chocobakery.azdigi.shop\/index.php?rest_route=%2Fwp%2Fv2%2Fcomments&post=472"}],"wp:featuredmedia":[{"embeddable":true,"href":"https:\/\/chocobakery.azdigi.shop\/index.php?rest_route=\/wp\/v2\/media\/473"}],"wp:attachment":[{"href":"https:\/\/chocobakery.azdigi.shop\/index.php?rest_route=%2Fwp%2Fv2%2Fmedia&parent=472"}],"wp:term":[{"taxonomy":"product_brand","embeddable":true,"href":"https:\/\/chocobakery.azdigi.shop\/index.php?rest_route=%2Fwp%2Fv2%2Fproduct_brand&post=472"},{"taxonomy":"product_cat","embeddable":true,"href":"https:\/\/chocobakery.azdigi.shop\/index.php?rest_route=%2Fwp%2Fv2%2Fproduct_cat&post=472"},{"taxonomy":"product_tag","embeddable":true,"href":"https:\/\/chocobakery.azdigi.shop\/index.php?rest_route=%2Fwp%2Fv2%2Fproduct_tag&post=472"}],"curies":[{"name":"wp","href":"https:\/\/api.w.org\/{rel}","templated":true}]}}