{"id":468,"date":"2026-04-17T17:36:42","date_gmt":"2026-04-17T17:36:42","guid":{"rendered":"https:\/\/chocobakery.azdigi.shop\/?post_type=product&#038;p=468"},"modified":"2026-04-18T05:32:10","modified_gmt":"2026-04-18T05:32:10","slug":"ca-phe-kochere-yirgacheffe-ethiopia","status":"publish","type":"product","link":"https:\/\/chocobakery.azdigi.shop\/?product=ca-phe-kochere-yirgacheffe-ethiopia","title":{"rendered":"C\u00e0 ph\u00ea Specialty Ethiopia Yirgacheffe Kochere G1 Washed"},"content":{"rendered":"<h2 data-section-id=\"16t3dp9\" data-start=\"505\" data-end=\"575\"><span role=\"text\"><strong data-start=\"508\" data-end=\"575\">C\u00e0 ph\u00ea Kochere Yirgacheffe Ethiopia \u2013 Tinh t\u1ebf t\u1eeb v\u00f9ng cao 2040m<\/strong><\/span><\/h2>\n<p data-start=\"577\" data-end=\"682\">C\u00e0 ph\u00ea Kochere Yirgacheffe Ethiopia l\u00e0 d\u00f2ng c\u00e0 ph\u00ea \u0111\u1eb7c s\u1ea3n cao c\u1ea5p. H\u1ea1t \u0111\u01b0\u1ee3c tr\u1ed3ng \u1edf \u0111\u1ed9 cao kho\u1ea3ng 2040m.<\/p>\n<p data-start=\"684\" data-end=\"791\">Nh\u1edd \u0111i\u1ec1u ki\u1ec7n kh\u00ed h\u1eadu m\u00e1t v\u00e0 \u1ed5n \u0111\u1ecbnh, c\u00e2y ph\u00e1t tri\u1ec3n ch\u1eadm. H\u01b0\u01a1ng v\u1ecb v\u00ec th\u1ebf tr\u1edf n\u00ean r\u00f5 r\u00e0ng v\u00e0 ph\u1ee9c t\u1ea1p h\u01a1n.<\/p>\n<p data-start=\"793\" data-end=\"924\">V\u00f9ng Kochere thu\u1ed9c Yirgacheffe n\u1ed5i ti\u1ebfng v\u1edbi ch\u1ea5t l\u01b0\u1ee3ng \u1ed5n \u0111\u1ecbnh. \u0110\u00e2y l\u00e0 n\u01a1i t\u1ea1o ra nhi\u1ec1u l\u00f4 c\u00e0 ph\u00ea \u0111\u01b0\u1ee3c \u0111\u00e1nh gi\u00e1 cao tr\u00ean th\u1ebf gi\u1edbi.<\/p>\n<h2 data-section-id=\"bv4bjn\" data-start=\"931\" data-end=\"996\"><span role=\"text\"><strong data-start=\"934\" data-end=\"996\">H\u01b0\u01a1ng v\u1ecb \u0111\u1eb7c tr\u01b0ng c\u1ee7a c\u00e0 ph\u00ea Kochere Yirgacheffe Ethiopia<\/strong><\/span><\/h2>\n<p data-start=\"998\" data-end=\"1091\">C\u00e0 ph\u00ea Kochere Yirgacheffe Ethiopia n\u1ed5i b\u1eadt v\u1edbi h\u01b0\u01a1ng floral. H\u01b0\u01a1ng hoa nh\u1eb9 nh\u00e0ng v\u00e0 tinh t\u1ebf.<\/p>\n<p data-start=\"1093\" data-end=\"1191\">Ti\u1ebfp theo l\u00e0 orange v\u00e0 citrus v\u1edbi v\u1ecb chua s\u00e1ng. Nh\u1eefng n\u1ed1t tr\u00e1i c\u00e2y n\u00e0y mang l\u1ea1i c\u1ea3m gi\u00e1c t\u01b0\u01a1i m\u1edbi.<\/p>\n<p data-start=\"1193\" data-end=\"1309\">T\u1ed5ng th\u1ec3 ly c\u00e0 ph\u00ea c\u00f3 v\u1ecb ng\u1ecdt v\u00e0 chua c\u00e2n b\u1eb1ng. H\u1eadu v\u1ecb s\u1ea1ch v\u00e0 d\u1ec5 ch\u1ecbu. \u0110\u00e2y l\u00e0 \u0111\u1eb7c tr\u01b0ng c\u1ee7a c\u00e0 ph\u00ea washed Ethiopia.<\/p>\n<h2 data-section-id=\"1bjmv4p\" data-start=\"1316\" data-end=\"1370\"><span role=\"text\"><strong data-start=\"1319\" data-end=\"1370\">\u0110i\u1ec3m n\u1ed5i b\u1eadt t\u1eeb gi\u1ed1ng Heirloom v\u00e0 s\u01a1 ch\u1ebf Washed<\/strong><\/span><\/h2>\n<p data-start=\"1372\" data-end=\"1457\">Gi\u1ed1ng Heirloom mang l\u1ea1i h\u01b0\u01a1ng v\u1ecb \u0111a d\u1ea1ng. \u0110\u00e2y l\u00e0 gi\u1ed1ng c\u00e0 ph\u00ea \u0111\u1eb7c tr\u01b0ng c\u1ee7a Ethiopia.<\/p>\n<p data-start=\"1459\" data-end=\"1559\">Ph\u01b0\u01a1ng ph\u00e1p s\u01a1 ch\u1ebf washed gi\u00fap l\u00e0m s\u1ea1ch h\u1ea1t c\u00e0 ph\u00ea. Nh\u1edd \u0111\u00f3, c\u00e1c n\u1ed1t h\u01b0\u01a1ng \u0111\u01b0\u1ee3c th\u1ec3 hi\u1ec7n r\u00f5 r\u00e0ng h\u01a1n.<\/p>\n<p data-start=\"1561\" data-end=\"1625\">Ly c\u00e0 ph\u00ea tr\u1edf n\u00ean s\u00e1ng v\u00e0 thanh. H\u01b0\u01a1ng v\u1ecb kh\u00f4ng b\u1ecb l\u1eabn t\u1ea1p ch\u1ea5t.<\/p>\n<h2 data-section-id=\"7zbl00\" data-start=\"1632\" data-end=\"1679\"><span role=\"text\"><strong data-start=\"1635\" data-end=\"1679\">Linh ho\u1ea1t v\u1edbi nhi\u1ec1u m\u1ee9c rang v\u00e0 c\u00e1ch pha<\/strong><\/span><\/h2>\n<p data-start=\"1681\" data-end=\"1773\">C\u00e0 ph\u00ea Kochere Yirgacheffe Ethiopia c\u00f3 hai m\u1ee9c rang. M\u1ed7i m\u1ee9c mang l\u1ea1i tr\u1ea3i nghi\u1ec7m kh\u00e1c nhau.<\/p>\n<p data-start=\"1775\" data-end=\"1877\">Rang light ph\u00f9 h\u1ee3p v\u1edbi pour over ho\u1eb7c cold brew. C\u00e1ch pha n\u00e0y gi\u00fap l\u00e0m n\u1ed5i b\u1eadt h\u01b0\u01a1ng floral v\u00e0 citrus.<\/p>\n<p data-start=\"1879\" data-end=\"1966\">Rang medium ph\u00f9 h\u1ee3p v\u1edbi espresso, phin ho\u1eb7c moka pot. M\u1ee9c rang n\u00e0y t\u0103ng \u0111\u1ed9 \u0111\u1eadm v\u00e0 body.<\/p>\n<p data-start=\"1968\" data-end=\"2036\">Nh\u1edd \u0111\u00f3, s\u1ea3n ph\u1ea9m ph\u00f9 h\u1ee3p v\u1edbi nhi\u1ec1u phong c\u00e1ch th\u01b0\u1edfng th\u1ee9c kh\u00e1c nhau.<\/p>\n<h2 data-section-id=\"b35dbm\" data-start=\"2043\" data-end=\"2081\"><span role=\"text\"><strong data-start=\"2046\" data-end=\"2081\">\u0110\u1ea3m b\u1ea3o \u0111\u1ed9 t\u01b0\u01a1i m\u1edbi khi s\u1eed d\u1ee5ng<\/strong><\/span><\/h2>\n<p data-start=\"2083\" data-end=\"2175\">Ng\u00e0y s\u1ea3n xu\u1ea5t v\u00e0 ng\u00e0y rang \u0111\u01b0\u1ee3c in tr\u00ean bao b\u00ec. \u0110i\u1ec1u n\u00e0y gi\u00fap b\u1ea1n d\u1ec5 d\u00e0ng ki\u1ec3m so\u00e1t \u0111\u1ed9 t\u01b0\u01a1i.<\/p>\n<p data-start=\"2177\" data-end=\"2288\">H\u1ea1n s\u1eed d\u1ee5ng l\u00e0 3 th\u00e1ng k\u1ec3 t\u1eeb ng\u00e0y s\u1ea3n xu\u1ea5t. B\u1ea1n n\u00ean d\u00f9ng trong kho\u1ea3ng th\u1eddi gian n\u00e0y \u0111\u1ec3 c\u00f3 tr\u1ea3i nghi\u1ec7m t\u1ed1t nh\u1ea5t.<\/p>\n","protected":false},"excerpt":{"rendered":"<p>Th\u00f4ng tin h\u1ea1t:<\/p>\n<p>\u0110\u1ed9 cao \u00a0 \u00a0 \u00a0 \u00a0 \u00a0 | 2040 mals<\/p>\n<p>Gi\u1ed1ng \u00a0 \u00a0 \u00a0 \u00a0 \u00a0 \u00a0 | Heirloom<\/p>\n<p>S\u01a1 ch\u1ebf\u00a0 \u00a0 \u00a0 \u00a0 \u00a0 \u00a0 | Washed<\/p>\n<p>V\u00f9ng tr\u1ed3ng\u00a0 \u00a0 |\u00a0Kochere, Yirgacheffe, Ethiopia<\/p>\n<p>C\u1ee1 rang\u00a0 \u00a0 \u00a0 \u00a0 \u00a0 | Light Roast \/ Medium<\/p>\n<p>Ng\u00e0y s\u1ea3n xu\u1ea5t \/ ng\u00e0y rang: In tr\u00ean bao b\u00ec<\/p>\n<p>H\u1ea1n s\u1eed d\u1ee5ng: 3 th\u00e1ng k\u1ec3 t\u1eeb ng\u00e0y s\u1ea3n xu\u1ea5t<\/p>\n<p>Ph\u01b0\u01a1ng ph\u00e1p pha \u0111\u1ec1 xu\u1ea5t:<\/p>\n<ul>\n<li>Rang Light ph\u00f9 h\u1ee3p ki\u1ec3u pha Pour Over \/ Cold Brew<\/li>\n<li>Rang Medium ph\u00f9 h\u1ee3p ki\u1ec3u pha Espresso \/ Phin \/ Moka Pot<\/li>\n<\/ul>\n<p>Taste notes:\u00a0Floral, Orange, Citrus, Sweet and sour fruit<\/p>\n","protected":false},"featured_media":469,"comment_status":"open","ping_status":"closed","template":"","meta":[],"product_brand":[],"product_cat":[38],"product_tag":[],"class_list":{"0":"post-468","1":"product","2":"type-product","3":"status-publish","4":"has-post-thumbnail","6":"product_cat-ethopia","8":"first","9":"instock","10":"shipping-taxable","11":"purchasable","12":"product-type-variable"},"yoast_head":"<!-- This site is optimized with the Yoast SEO plugin v27.1.1 - https:\/\/yoast.com\/product\/yoast-seo-wordpress\/ -->\n<title>C\u00e0 ph\u00ea Kochere Yirgacheffe Ethiopia \u2013 Floral, citrus, ng\u1ecdt chua - Vietnamesecoffee<\/title>\n<meta name=\"description\" content=\"C\u00e0 ph\u00ea Kochere Yirgacheffe Ethiopia v\u1edbi h\u01b0\u01a1ng floral, orange, citrus v\u00e0 v\u1ecb ng\u1ecdt chua c\u00e2n b\u1eb1ng. Rang light v\u00e0 medium, ph\u00f9 h\u1ee3p nhi\u1ec1u c\u00e1ch pha.\" \/>\n<meta name=\"robots\" content=\"index, follow, max-snippet:-1, max-image-preview:large, max-video-preview:-1\" \/>\n<link rel=\"canonical\" href=\"https:\/\/chocobakery.azdigi.shop\/?product=ca-phe-kochere-yirgacheffe-ethiopia\" \/>\n<meta property=\"og:locale\" content=\"vi_VN\" \/>\n<meta property=\"og:type\" content=\"article\" \/>\n<meta property=\"og:title\" content=\"C\u00e0 ph\u00ea Kochere Yirgacheffe Ethiopia \u2013 Floral, citrus, ng\u1ecdt chua - Vietnamesecoffee\" \/>\n<meta property=\"og:description\" content=\"C\u00e0 ph\u00ea Kochere Yirgacheffe Ethiopia v\u1edbi h\u01b0\u01a1ng floral, orange, citrus v\u00e0 v\u1ecb ng\u1ecdt chua c\u00e2n b\u1eb1ng. Rang light v\u00e0 medium, ph\u00f9 h\u1ee3p nhi\u1ec1u c\u00e1ch pha.\" \/>\n<meta property=\"og:url\" content=\"https:\/\/chocobakery.azdigi.shop\/?product=ca-phe-kochere-yirgacheffe-ethiopia\" \/>\n<meta property=\"og:site_name\" content=\"Vietnamesecoffee\" \/>\n<meta property=\"article:modified_time\" content=\"2026-04-18T05:32:10+00:00\" \/>\n<meta property=\"og:image\" content=\"https:\/\/chocobakery.azdigi.shop\/wp-content\/uploads\/2026\/04\/etpia2.png\" \/>\n\t<meta property=\"og:image:width\" content=\"1500\" \/>\n\t<meta property=\"og:image:height\" content=\"1500\" \/>\n\t<meta property=\"og:image:type\" content=\"image\/png\" \/>\n<meta name=\"twitter:card\" content=\"summary_large_image\" \/>\n<meta name=\"twitter:label1\" content=\"\u01af\u1edbc t\u00ednh th\u1eddi gian \u0111\u1ecdc\" \/>\n\t<meta name=\"twitter:data1\" content=\"3 ph\u00fat\" \/>\n<script type=\"application\/ld+json\" class=\"yoast-schema-graph\">{\"@context\":\"https:\/\/schema.org\",\"@graph\":[{\"@type\":\"WebPage\",\"@id\":\"https:\/\/chocobakery.azdigi.shop\/?product=ca-phe-kochere-yirgacheffe-ethiopia\",\"url\":\"https:\/\/chocobakery.azdigi.shop\/?product=ca-phe-kochere-yirgacheffe-ethiopia\",\"name\":\"C\u00e0 ph\u00ea Kochere Yirgacheffe Ethiopia \u2013 Floral, citrus, ng\u1ecdt chua - Vietnamesecoffee\",\"isPartOf\":{\"@id\":\"https:\/\/chocobakery.azdigi.shop\/#website\"},\"primaryImageOfPage\":{\"@id\":\"https:\/\/chocobakery.azdigi.shop\/?product=ca-phe-kochere-yirgacheffe-ethiopia#primaryimage\"},\"image\":{\"@id\":\"https:\/\/chocobakery.azdigi.shop\/?product=ca-phe-kochere-yirgacheffe-ethiopia#primaryimage\"},\"thumbnailUrl\":\"https:\/\/chocobakery.azdigi.shop\/wp-content\/uploads\/2026\/04\/etpia2.png\",\"datePublished\":\"2026-04-17T17:36:42+00:00\",\"dateModified\":\"2026-04-18T05:32:10+00:00\",\"description\":\"C\u00e0 ph\u00ea Kochere Yirgacheffe Ethiopia v\u1edbi h\u01b0\u01a1ng floral, orange, citrus v\u00e0 v\u1ecb ng\u1ecdt chua c\u00e2n b\u1eb1ng. Rang light v\u00e0 medium, ph\u00f9 h\u1ee3p nhi\u1ec1u c\u00e1ch pha.\",\"breadcrumb\":{\"@id\":\"https:\/\/chocobakery.azdigi.shop\/?product=ca-phe-kochere-yirgacheffe-ethiopia#breadcrumb\"},\"inLanguage\":\"vi\",\"potentialAction\":[{\"@type\":\"ReadAction\",\"target\":[\"https:\/\/chocobakery.azdigi.shop\/?product=ca-phe-kochere-yirgacheffe-ethiopia\"]}]},{\"@type\":\"ImageObject\",\"inLanguage\":\"vi\",\"@id\":\"https:\/\/chocobakery.azdigi.shop\/?product=ca-phe-kochere-yirgacheffe-ethiopia#primaryimage\",\"url\":\"https:\/\/chocobakery.azdigi.shop\/wp-content\/uploads\/2026\/04\/etpia2.png\",\"contentUrl\":\"https:\/\/chocobakery.azdigi.shop\/wp-content\/uploads\/2026\/04\/etpia2.png\",\"width\":1500,\"height\":1500},{\"@type\":\"BreadcrumbList\",\"@id\":\"https:\/\/chocobakery.azdigi.shop\/?product=ca-phe-kochere-yirgacheffe-ethiopia#breadcrumb\",\"itemListElement\":[{\"@type\":\"ListItem\",\"position\":1,\"name\":\"Trang ch\u1ee7\",\"item\":\"https:\/\/chocobakery.azdigi.shop\/\"},{\"@type\":\"ListItem\",\"position\":2,\"name\":\"C\u1eeda h\u00e0ng\",\"item\":\"https:\/\/chocobakery.azdigi.shop\/?page_id=212\"},{\"@type\":\"ListItem\",\"position\":3,\"name\":\"C\u00e0 ph\u00ea Specialty Ethiopia Yirgacheffe Kochere G1 Washed\"}]},{\"@type\":\"WebSite\",\"@id\":\"https:\/\/chocobakery.azdigi.shop\/#website\",\"url\":\"https:\/\/chocobakery.azdigi.shop\/\",\"name\":\"Vietnamesecoffee\",\"description\":\"\",\"potentialAction\":[{\"@type\":\"SearchAction\",\"target\":{\"@type\":\"EntryPoint\",\"urlTemplate\":\"https:\/\/chocobakery.azdigi.shop\/?s={search_term_string}\"},\"query-input\":{\"@type\":\"PropertyValueSpecification\",\"valueRequired\":true,\"valueName\":\"search_term_string\"}}],\"inLanguage\":\"vi\"}]}<\/script>\n<!-- \/ Yoast SEO plugin. -->","yoast_head_json":{"title":"C\u00e0 ph\u00ea Kochere Yirgacheffe Ethiopia \u2013 Floral, citrus, ng\u1ecdt chua - Vietnamesecoffee","description":"C\u00e0 ph\u00ea Kochere Yirgacheffe Ethiopia v\u1edbi h\u01b0\u01a1ng floral, orange, citrus v\u00e0 v\u1ecb ng\u1ecdt chua c\u00e2n b\u1eb1ng. Rang light v\u00e0 medium, ph\u00f9 h\u1ee3p nhi\u1ec1u c\u00e1ch pha.","robots":{"index":"index","follow":"follow","max-snippet":"max-snippet:-1","max-image-preview":"max-image-preview:large","max-video-preview":"max-video-preview:-1"},"canonical":"https:\/\/chocobakery.azdigi.shop\/?product=ca-phe-kochere-yirgacheffe-ethiopia","og_locale":"vi_VN","og_type":"article","og_title":"C\u00e0 ph\u00ea Kochere Yirgacheffe Ethiopia \u2013 Floral, citrus, ng\u1ecdt chua - Vietnamesecoffee","og_description":"C\u00e0 ph\u00ea Kochere Yirgacheffe Ethiopia v\u1edbi h\u01b0\u01a1ng floral, orange, citrus v\u00e0 v\u1ecb ng\u1ecdt chua c\u00e2n b\u1eb1ng. Rang light v\u00e0 medium, ph\u00f9 h\u1ee3p nhi\u1ec1u c\u00e1ch pha.","og_url":"https:\/\/chocobakery.azdigi.shop\/?product=ca-phe-kochere-yirgacheffe-ethiopia","og_site_name":"Vietnamesecoffee","article_modified_time":"2026-04-18T05:32:10+00:00","og_image":[{"width":1500,"height":1500,"url":"https:\/\/chocobakery.azdigi.shop\/wp-content\/uploads\/2026\/04\/etpia2.png","type":"image\/png"}],"twitter_card":"summary_large_image","twitter_misc":{"\u01af\u1edbc t\u00ednh th\u1eddi gian \u0111\u1ecdc":"3 ph\u00fat"},"schema":{"@context":"https:\/\/schema.org","@graph":[{"@type":"WebPage","@id":"https:\/\/chocobakery.azdigi.shop\/?product=ca-phe-kochere-yirgacheffe-ethiopia","url":"https:\/\/chocobakery.azdigi.shop\/?product=ca-phe-kochere-yirgacheffe-ethiopia","name":"C\u00e0 ph\u00ea Kochere Yirgacheffe Ethiopia \u2013 Floral, citrus, ng\u1ecdt chua - Vietnamesecoffee","isPartOf":{"@id":"https:\/\/chocobakery.azdigi.shop\/#website"},"primaryImageOfPage":{"@id":"https:\/\/chocobakery.azdigi.shop\/?product=ca-phe-kochere-yirgacheffe-ethiopia#primaryimage"},"image":{"@id":"https:\/\/chocobakery.azdigi.shop\/?product=ca-phe-kochere-yirgacheffe-ethiopia#primaryimage"},"thumbnailUrl":"https:\/\/chocobakery.azdigi.shop\/wp-content\/uploads\/2026\/04\/etpia2.png","datePublished":"2026-04-17T17:36:42+00:00","dateModified":"2026-04-18T05:32:10+00:00","description":"C\u00e0 ph\u00ea Kochere Yirgacheffe Ethiopia v\u1edbi h\u01b0\u01a1ng floral, orange, citrus v\u00e0 v\u1ecb ng\u1ecdt chua c\u00e2n b\u1eb1ng. Rang light v\u00e0 medium, ph\u00f9 h\u1ee3p nhi\u1ec1u c\u00e1ch pha.","breadcrumb":{"@id":"https:\/\/chocobakery.azdigi.shop\/?product=ca-phe-kochere-yirgacheffe-ethiopia#breadcrumb"},"inLanguage":"vi","potentialAction":[{"@type":"ReadAction","target":["https:\/\/chocobakery.azdigi.shop\/?product=ca-phe-kochere-yirgacheffe-ethiopia"]}]},{"@type":"ImageObject","inLanguage":"vi","@id":"https:\/\/chocobakery.azdigi.shop\/?product=ca-phe-kochere-yirgacheffe-ethiopia#primaryimage","url":"https:\/\/chocobakery.azdigi.shop\/wp-content\/uploads\/2026\/04\/etpia2.png","contentUrl":"https:\/\/chocobakery.azdigi.shop\/wp-content\/uploads\/2026\/04\/etpia2.png","width":1500,"height":1500},{"@type":"BreadcrumbList","@id":"https:\/\/chocobakery.azdigi.shop\/?product=ca-phe-kochere-yirgacheffe-ethiopia#breadcrumb","itemListElement":[{"@type":"ListItem","position":1,"name":"Trang ch\u1ee7","item":"https:\/\/chocobakery.azdigi.shop\/"},{"@type":"ListItem","position":2,"name":"C\u1eeda h\u00e0ng","item":"https:\/\/chocobakery.azdigi.shop\/?page_id=212"},{"@type":"ListItem","position":3,"name":"C\u00e0 ph\u00ea Specialty Ethiopia Yirgacheffe Kochere G1 Washed"}]},{"@type":"WebSite","@id":"https:\/\/chocobakery.azdigi.shop\/#website","url":"https:\/\/chocobakery.azdigi.shop\/","name":"Vietnamesecoffee","description":"","potentialAction":[{"@type":"SearchAction","target":{"@type":"EntryPoint","urlTemplate":"https:\/\/chocobakery.azdigi.shop\/?s={search_term_string}"},"query-input":{"@type":"PropertyValueSpecification","valueRequired":true,"valueName":"search_term_string"}}],"inLanguage":"vi"}]}},"_links":{"self":[{"href":"https:\/\/chocobakery.azdigi.shop\/index.php?rest_route=\/wp\/v2\/product\/468","targetHints":{"allow":["GET"]}}],"collection":[{"href":"https:\/\/chocobakery.azdigi.shop\/index.php?rest_route=\/wp\/v2\/product"}],"about":[{"href":"https:\/\/chocobakery.azdigi.shop\/index.php?rest_route=\/wp\/v2\/types\/product"}],"replies":[{"embeddable":true,"href":"https:\/\/chocobakery.azdigi.shop\/index.php?rest_route=%2Fwp%2Fv2%2Fcomments&post=468"}],"wp:featuredmedia":[{"embeddable":true,"href":"https:\/\/chocobakery.azdigi.shop\/index.php?rest_route=\/wp\/v2\/media\/469"}],"wp:attachment":[{"href":"https:\/\/chocobakery.azdigi.shop\/index.php?rest_route=%2Fwp%2Fv2%2Fmedia&parent=468"}],"wp:term":[{"taxonomy":"product_brand","embeddable":true,"href":"https:\/\/chocobakery.azdigi.shop\/index.php?rest_route=%2Fwp%2Fv2%2Fproduct_brand&post=468"},{"taxonomy":"product_cat","embeddable":true,"href":"https:\/\/chocobakery.azdigi.shop\/index.php?rest_route=%2Fwp%2Fv2%2Fproduct_cat&post=468"},{"taxonomy":"product_tag","embeddable":true,"href":"https:\/\/chocobakery.azdigi.shop\/index.php?rest_route=%2Fwp%2Fv2%2Fproduct_tag&post=468"}],"curies":[{"name":"wp","href":"https:\/\/api.w.org\/{rel}","templated":true}]}}