{"id":460,"date":"2026-04-17T17:32:44","date_gmt":"2026-04-17T17:32:44","guid":{"rendered":"https:\/\/chocobakery.azdigi.shop\/?post_type=product&#038;p=460"},"modified":"2026-04-18T05:31:02","modified_gmt":"2026-04-18T05:31:02","slug":"ca-phe-ethiopia-yirgacheffe-g2-washed","status":"publish","type":"product","link":"https:\/\/chocobakery.azdigi.shop\/?product=ca-phe-ethiopia-yirgacheffe-g2-washed","title":{"rendered":"C\u00e0 Ph\u00ea Ethiopia Yirgacheffe G2 Washed"},"content":{"rendered":"<h2 data-section-id=\"1ttx25q\" data-start=\"472\" data-end=\"533\"><span role=\"text\"><strong data-start=\"475\" data-end=\"533\">C\u00e0 ph\u00ea Yirgacheffe Ethiopia \u2013 Tinh hoa c\u00e0 ph\u00ea ch\u00e2u Phi<\/strong><\/span><\/h2>\n<p data-start=\"535\" data-end=\"683\">C\u00e0 ph\u00ea Yirgacheffe Ethiopia l\u00e0 m\u1ed9t trong nh\u1eefng d\u00f2ng c\u00e0 ph\u00ea \u0111\u1eb7c s\u1ea3n n\u1ed5i ti\u1ebfng nh\u1ea5t th\u1ebf gi\u1edbi. V\u00f9ng Yirgacheffe \u0111\u01b0\u1ee3c xem l\u00e0 c\u00e1i n\u00f4i c\u1ee7a c\u00e0 ph\u00ea Arabica.<\/p>\n<p data-start=\"685\" data-end=\"821\">Nh\u1edd \u0111i\u1ec1u ki\u1ec7n t\u1ef1 nhi\u00ean l\u00fd t\u01b0\u1edfng, h\u1ea1t c\u00e0 ph\u00ea t\u1ea1i \u0111\u00e2y c\u00f3 h\u01b0\u01a1ng v\u1ecb r\u1ea5t \u0111\u1eb7c tr\u01b0ng. Gi\u1ed1ng Heirloom mang l\u1ea1i profile h\u01b0\u01a1ng \u0111a d\u1ea1ng v\u00e0 tinh t\u1ebf.<\/p>\n<h2 data-section-id=\"2qta32\" data-start=\"828\" data-end=\"885\"><span role=\"text\"><strong data-start=\"831\" data-end=\"885\">H\u01b0\u01a1ng v\u1ecb \u0111\u1eb7c tr\u01b0ng c\u1ee7a c\u00e0 ph\u00ea Yirgacheffe Ethiopia<\/strong><\/span><\/h2>\n<p data-start=\"887\" data-end=\"992\">C\u00e0 ph\u00ea Yirgacheffe Ethiopia n\u1ed5i b\u1eadt v\u1edbi h\u01b0\u01a1ng jasmine tea. H\u01b0\u01a1ng hoa nh\u1eb9 nh\u00e0ng, t\u1ea1o c\u1ea3m gi\u00e1c thanh tho\u00e1t.<\/p>\n<p data-start=\"994\" data-end=\"1095\">Ti\u1ebfp theo l\u00e0 mixed berry v\u1edbi v\u1ecb tr\u00e1i c\u00e2y t\u01b0\u01a1i s\u00e1ng. \u0110\u1ed9 chua \u1edf m\u1ee9c medium, gi\u00fap t\u1ed5ng th\u1ec3 c\u00e2n b\u1eb1ng h\u01a1n.<\/p>\n<p data-start=\"1097\" data-end=\"1214\">Hazelnut xu\u1ea5t hi\u1ec7n \u1edf h\u1eadu v\u1ecb, mang l\u1ea1i c\u1ea3m gi\u00e1c \u1ea5m v\u00e0 b\u00f9i. S\u1ef1 k\u1ebft h\u1ee3p n\u00e0y t\u1ea1o n\u00ean ly c\u00e0 ph\u00ea h\u00e0i h\u00f2a v\u00e0 d\u1ec5 th\u01b0\u1edfng th\u1ee9c.<\/p>\n<h2 data-section-id=\"1bjmv4p\" data-start=\"1221\" data-end=\"1275\"><span role=\"text\"><strong data-start=\"1224\" data-end=\"1275\">\u0110i\u1ec3m n\u1ed5i b\u1eadt t\u1eeb gi\u1ed1ng Heirloom v\u00e0 s\u01a1 ch\u1ebf Washed<\/strong><\/span><\/h2>\n<p data-start=\"1277\" data-end=\"1369\">Gi\u1ed1ng Heirloom l\u00e0 \u0111\u1eb7c tr\u01b0ng c\u1ee7a Ethiopia. H\u1ea1t c\u00e0 ph\u00ea mang l\u1ea1i h\u01b0\u01a1ng v\u1ecb ph\u1ee9c t\u1ea1p v\u00e0 t\u1ef1 nhi\u00ean.<\/p>\n<p data-start=\"1371\" data-end=\"1480\">Ph\u01b0\u01a1ng ph\u00e1p s\u01a1 ch\u1ebf washed gi\u00fap l\u00e0m s\u1ea1ch h\u1ea1t. Nh\u1edd \u0111\u00f3, c\u00e1c n\u1ed1t h\u01b0\u01a1ng hoa v\u00e0 tr\u00e1i c\u00e2y \u0111\u01b0\u1ee3c th\u1ec3 hi\u1ec7n r\u00f5 r\u00e0ng h\u01a1n.<\/p>\n<p data-start=\"1482\" data-end=\"1570\">Ly c\u00e0 ph\u00ea v\u00ec th\u1ebf c\u00f3 \u0111\u1ed9 s\u00e1ng v\u00e0 \u0111\u1ed9 s\u1ea1ch cao. \u0110\u00e2y l\u00e0 y\u1ebfu t\u1ed1 quan tr\u1ecdng c\u1ee7a c\u00e0 ph\u00ea \u0111\u1eb7c s\u1ea3n.<\/p>\n<h2 data-section-id=\"kza6i7\" data-start=\"1577\" data-end=\"1624\"><span role=\"text\"><strong data-start=\"1580\" data-end=\"1624\">Rang espresso \u2013 \u0110\u1eadm \u0111\u00e0 nh\u01b0ng v\u1eabn tinh t\u1ebf<\/strong><\/span><\/h2>\n<p data-start=\"1626\" data-end=\"1715\">C\u00e0 ph\u00ea \u0111\u01b0\u1ee3c rang theo profile espresso. M\u1ee9c rang n\u00e0y gi\u00fap t\u0103ng \u0111\u1ed9 \u0111\u1eadm v\u00e0 body c\u1ee7a c\u00e0 ph\u00ea.<\/p>\n<p data-start=\"1717\" data-end=\"1814\">Tuy v\u1eady, h\u01b0\u01a1ng jasmine v\u00e0 berry v\u1eabn \u0111\u01b0\u1ee3c gi\u1eef l\u1ea1i. \u0110i\u1ec1u n\u00e0y t\u1ea1o n\u00ean s\u1ef1 c\u00e2n b\u1eb1ng gi\u1eefa \u0111\u1eadm v\u00e0 thanh.<\/p>\n<p data-start=\"1816\" data-end=\"1941\">S\u1ea3n ph\u1ea9m ph\u00f9 h\u1ee3p v\u1edbi espresso machine ho\u1eb7c moka pot. Ngo\u00e0i ra, b\u1ea1n v\u1eabn c\u00f3 th\u1ec3 th\u1eed v\u1edbi pour over \u0111\u1ec3 c\u1ea3m nh\u1eadn r\u00f5 h\u01a1n h\u01b0\u01a1ng hoa.<\/p>\n","protected":false},"excerpt":{"rendered":"<p>Th\u00f4ng tin s\u1ea3n ph\u1ea9m<\/p>\n<p>&#8211; V\u00f9ng tr\u1ed3ng: Yirgacheffe<\/p>\n<p>&#8211; Gi\u1ed1ng c\u00e0 ph\u00ea: Heirloom<\/p>\n<p>&#8211; Process: Washed<\/p>\n<p>&#8211; Taste notes: Jasmine tea, Mixed berry, Hazelnut, Medium Acidity<\/p>\n<p>&#8211; C\u1ee1 rang: Rang espresso<\/p>\n","protected":false},"featured_media":461,"comment_status":"open","ping_status":"closed","template":"","meta":[],"product_brand":[],"product_cat":[38],"product_tag":[],"class_list":{"0":"post-460","1":"product","2":"type-product","3":"status-publish","4":"has-post-thumbnail","6":"product_cat-ethopia","8":"first","9":"instock","10":"shipping-taxable","11":"purchasable","12":"product-type-variable"},"yoast_head":"<!-- This site is optimized with the Yoast SEO plugin v27.1.1 - https:\/\/yoast.com\/product\/yoast-seo-wordpress\/ -->\n<title>C\u00e0 ph\u00ea Yirgacheffe Ethiopia \u2013 H\u01b0\u01a1ng jasmine, berry, espresso - Vietnamesecoffee<\/title>\n<meta name=\"description\" content=\"C\u00e0 ph\u00ea Yirgacheffe Ethiopia v\u1edbi h\u01b0\u01a1ng jasmine tea, mixed berry v\u00e0 hazelnut. Rang espresso, acidity trung b\u00ecnh, chu\u1ea9n c\u00e0 ph\u00ea \u0111\u1eb7c s\u1ea3n.\" \/>\n<meta name=\"robots\" content=\"index, follow, max-snippet:-1, max-image-preview:large, max-video-preview:-1\" \/>\n<link rel=\"canonical\" href=\"https:\/\/chocobakery.azdigi.shop\/?product=ca-phe-ethiopia-yirgacheffe-g2-washed\" \/>\n<meta property=\"og:locale\" content=\"vi_VN\" \/>\n<meta property=\"og:type\" content=\"article\" \/>\n<meta property=\"og:title\" content=\"C\u00e0 ph\u00ea Yirgacheffe Ethiopia \u2013 H\u01b0\u01a1ng jasmine, berry, espresso - Vietnamesecoffee\" \/>\n<meta property=\"og:description\" content=\"C\u00e0 ph\u00ea Yirgacheffe Ethiopia v\u1edbi h\u01b0\u01a1ng jasmine tea, mixed berry v\u00e0 hazelnut. Rang espresso, acidity trung b\u00ecnh, chu\u1ea9n c\u00e0 ph\u00ea \u0111\u1eb7c s\u1ea3n.\" \/>\n<meta property=\"og:url\" content=\"https:\/\/chocobakery.azdigi.shop\/?product=ca-phe-ethiopia-yirgacheffe-g2-washed\" \/>\n<meta property=\"og:site_name\" content=\"Vietnamesecoffee\" \/>\n<meta property=\"article:modified_time\" content=\"2026-04-18T05:31:02+00:00\" \/>\n<meta property=\"og:image\" content=\"https:\/\/chocobakery.azdigi.shop\/wp-content\/uploads\/2026\/04\/ethopiacf.jpg\" \/>\n\t<meta property=\"og:image:width\" content=\"1000\" \/>\n\t<meta property=\"og:image:height\" content=\"1000\" \/>\n\t<meta property=\"og:image:type\" content=\"image\/jpeg\" \/>\n<meta name=\"twitter:card\" content=\"summary_large_image\" \/>\n<meta name=\"twitter:label1\" content=\"\u01af\u1edbc t\u00ednh th\u1eddi gian \u0111\u1ecdc\" \/>\n\t<meta name=\"twitter:data1\" content=\"2 ph\u00fat\" \/>\n<script type=\"application\/ld+json\" class=\"yoast-schema-graph\">{\"@context\":\"https:\/\/schema.org\",\"@graph\":[{\"@type\":\"WebPage\",\"@id\":\"https:\/\/chocobakery.azdigi.shop\/?product=ca-phe-ethiopia-yirgacheffe-g2-washed\",\"url\":\"https:\/\/chocobakery.azdigi.shop\/?product=ca-phe-ethiopia-yirgacheffe-g2-washed\",\"name\":\"C\u00e0 ph\u00ea Yirgacheffe Ethiopia \u2013 H\u01b0\u01a1ng jasmine, berry, espresso - Vietnamesecoffee\",\"isPartOf\":{\"@id\":\"https:\/\/chocobakery.azdigi.shop\/#website\"},\"primaryImageOfPage\":{\"@id\":\"https:\/\/chocobakery.azdigi.shop\/?product=ca-phe-ethiopia-yirgacheffe-g2-washed#primaryimage\"},\"image\":{\"@id\":\"https:\/\/chocobakery.azdigi.shop\/?product=ca-phe-ethiopia-yirgacheffe-g2-washed#primaryimage\"},\"thumbnailUrl\":\"https:\/\/chocobakery.azdigi.shop\/wp-content\/uploads\/2026\/04\/ethopiacf.jpg\",\"datePublished\":\"2026-04-17T17:32:44+00:00\",\"dateModified\":\"2026-04-18T05:31:02+00:00\",\"description\":\"C\u00e0 ph\u00ea Yirgacheffe Ethiopia v\u1edbi h\u01b0\u01a1ng jasmine tea, mixed berry v\u00e0 hazelnut. Rang espresso, acidity trung b\u00ecnh, chu\u1ea9n c\u00e0 ph\u00ea \u0111\u1eb7c s\u1ea3n.\",\"breadcrumb\":{\"@id\":\"https:\/\/chocobakery.azdigi.shop\/?product=ca-phe-ethiopia-yirgacheffe-g2-washed#breadcrumb\"},\"inLanguage\":\"vi\",\"potentialAction\":[{\"@type\":\"ReadAction\",\"target\":[\"https:\/\/chocobakery.azdigi.shop\/?product=ca-phe-ethiopia-yirgacheffe-g2-washed\"]}]},{\"@type\":\"ImageObject\",\"inLanguage\":\"vi\",\"@id\":\"https:\/\/chocobakery.azdigi.shop\/?product=ca-phe-ethiopia-yirgacheffe-g2-washed#primaryimage\",\"url\":\"https:\/\/chocobakery.azdigi.shop\/wp-content\/uploads\/2026\/04\/ethopiacf.jpg\",\"contentUrl\":\"https:\/\/chocobakery.azdigi.shop\/wp-content\/uploads\/2026\/04\/ethopiacf.jpg\",\"width\":1000,\"height\":1000},{\"@type\":\"BreadcrumbList\",\"@id\":\"https:\/\/chocobakery.azdigi.shop\/?product=ca-phe-ethiopia-yirgacheffe-g2-washed#breadcrumb\",\"itemListElement\":[{\"@type\":\"ListItem\",\"position\":1,\"name\":\"Trang ch\u1ee7\",\"item\":\"https:\/\/chocobakery.azdigi.shop\/\"},{\"@type\":\"ListItem\",\"position\":2,\"name\":\"C\u1eeda h\u00e0ng\",\"item\":\"https:\/\/chocobakery.azdigi.shop\/?page_id=212\"},{\"@type\":\"ListItem\",\"position\":3,\"name\":\"C\u00e0 Ph\u00ea Ethiopia Yirgacheffe G2 Washed\"}]},{\"@type\":\"WebSite\",\"@id\":\"https:\/\/chocobakery.azdigi.shop\/#website\",\"url\":\"https:\/\/chocobakery.azdigi.shop\/\",\"name\":\"Vietnamesecoffee\",\"description\":\"\",\"potentialAction\":[{\"@type\":\"SearchAction\",\"target\":{\"@type\":\"EntryPoint\",\"urlTemplate\":\"https:\/\/chocobakery.azdigi.shop\/?s={search_term_string}\"},\"query-input\":{\"@type\":\"PropertyValueSpecification\",\"valueRequired\":true,\"valueName\":\"search_term_string\"}}],\"inLanguage\":\"vi\"}]}<\/script>\n<!-- \/ Yoast SEO plugin. -->","yoast_head_json":{"title":"C\u00e0 ph\u00ea Yirgacheffe Ethiopia \u2013 H\u01b0\u01a1ng jasmine, berry, espresso - Vietnamesecoffee","description":"C\u00e0 ph\u00ea Yirgacheffe Ethiopia v\u1edbi h\u01b0\u01a1ng jasmine tea, mixed berry v\u00e0 hazelnut. Rang espresso, acidity trung b\u00ecnh, chu\u1ea9n c\u00e0 ph\u00ea \u0111\u1eb7c s\u1ea3n.","robots":{"index":"index","follow":"follow","max-snippet":"max-snippet:-1","max-image-preview":"max-image-preview:large","max-video-preview":"max-video-preview:-1"},"canonical":"https:\/\/chocobakery.azdigi.shop\/?product=ca-phe-ethiopia-yirgacheffe-g2-washed","og_locale":"vi_VN","og_type":"article","og_title":"C\u00e0 ph\u00ea Yirgacheffe Ethiopia \u2013 H\u01b0\u01a1ng jasmine, berry, espresso - Vietnamesecoffee","og_description":"C\u00e0 ph\u00ea Yirgacheffe Ethiopia v\u1edbi h\u01b0\u01a1ng jasmine tea, mixed berry v\u00e0 hazelnut. Rang espresso, acidity trung b\u00ecnh, chu\u1ea9n c\u00e0 ph\u00ea \u0111\u1eb7c s\u1ea3n.","og_url":"https:\/\/chocobakery.azdigi.shop\/?product=ca-phe-ethiopia-yirgacheffe-g2-washed","og_site_name":"Vietnamesecoffee","article_modified_time":"2026-04-18T05:31:02+00:00","og_image":[{"width":1000,"height":1000,"url":"https:\/\/chocobakery.azdigi.shop\/wp-content\/uploads\/2026\/04\/ethopiacf.jpg","type":"image\/jpeg"}],"twitter_card":"summary_large_image","twitter_misc":{"\u01af\u1edbc t\u00ednh th\u1eddi gian \u0111\u1ecdc":"2 ph\u00fat"},"schema":{"@context":"https:\/\/schema.org","@graph":[{"@type":"WebPage","@id":"https:\/\/chocobakery.azdigi.shop\/?product=ca-phe-ethiopia-yirgacheffe-g2-washed","url":"https:\/\/chocobakery.azdigi.shop\/?product=ca-phe-ethiopia-yirgacheffe-g2-washed","name":"C\u00e0 ph\u00ea Yirgacheffe Ethiopia \u2013 H\u01b0\u01a1ng jasmine, berry, espresso - Vietnamesecoffee","isPartOf":{"@id":"https:\/\/chocobakery.azdigi.shop\/#website"},"primaryImageOfPage":{"@id":"https:\/\/chocobakery.azdigi.shop\/?product=ca-phe-ethiopia-yirgacheffe-g2-washed#primaryimage"},"image":{"@id":"https:\/\/chocobakery.azdigi.shop\/?product=ca-phe-ethiopia-yirgacheffe-g2-washed#primaryimage"},"thumbnailUrl":"https:\/\/chocobakery.azdigi.shop\/wp-content\/uploads\/2026\/04\/ethopiacf.jpg","datePublished":"2026-04-17T17:32:44+00:00","dateModified":"2026-04-18T05:31:02+00:00","description":"C\u00e0 ph\u00ea Yirgacheffe Ethiopia v\u1edbi h\u01b0\u01a1ng jasmine tea, mixed berry v\u00e0 hazelnut. Rang espresso, acidity trung b\u00ecnh, chu\u1ea9n c\u00e0 ph\u00ea \u0111\u1eb7c s\u1ea3n.","breadcrumb":{"@id":"https:\/\/chocobakery.azdigi.shop\/?product=ca-phe-ethiopia-yirgacheffe-g2-washed#breadcrumb"},"inLanguage":"vi","potentialAction":[{"@type":"ReadAction","target":["https:\/\/chocobakery.azdigi.shop\/?product=ca-phe-ethiopia-yirgacheffe-g2-washed"]}]},{"@type":"ImageObject","inLanguage":"vi","@id":"https:\/\/chocobakery.azdigi.shop\/?product=ca-phe-ethiopia-yirgacheffe-g2-washed#primaryimage","url":"https:\/\/chocobakery.azdigi.shop\/wp-content\/uploads\/2026\/04\/ethopiacf.jpg","contentUrl":"https:\/\/chocobakery.azdigi.shop\/wp-content\/uploads\/2026\/04\/ethopiacf.jpg","width":1000,"height":1000},{"@type":"BreadcrumbList","@id":"https:\/\/chocobakery.azdigi.shop\/?product=ca-phe-ethiopia-yirgacheffe-g2-washed#breadcrumb","itemListElement":[{"@type":"ListItem","position":1,"name":"Trang ch\u1ee7","item":"https:\/\/chocobakery.azdigi.shop\/"},{"@type":"ListItem","position":2,"name":"C\u1eeda h\u00e0ng","item":"https:\/\/chocobakery.azdigi.shop\/?page_id=212"},{"@type":"ListItem","position":3,"name":"C\u00e0 Ph\u00ea Ethiopia Yirgacheffe G2 Washed"}]},{"@type":"WebSite","@id":"https:\/\/chocobakery.azdigi.shop\/#website","url":"https:\/\/chocobakery.azdigi.shop\/","name":"Vietnamesecoffee","description":"","potentialAction":[{"@type":"SearchAction","target":{"@type":"EntryPoint","urlTemplate":"https:\/\/chocobakery.azdigi.shop\/?s={search_term_string}"},"query-input":{"@type":"PropertyValueSpecification","valueRequired":true,"valueName":"search_term_string"}}],"inLanguage":"vi"}]}},"_links":{"self":[{"href":"https:\/\/chocobakery.azdigi.shop\/index.php?rest_route=\/wp\/v2\/product\/460","targetHints":{"allow":["GET"]}}],"collection":[{"href":"https:\/\/chocobakery.azdigi.shop\/index.php?rest_route=\/wp\/v2\/product"}],"about":[{"href":"https:\/\/chocobakery.azdigi.shop\/index.php?rest_route=\/wp\/v2\/types\/product"}],"replies":[{"embeddable":true,"href":"https:\/\/chocobakery.azdigi.shop\/index.php?rest_route=%2Fwp%2Fv2%2Fcomments&post=460"}],"wp:featuredmedia":[{"embeddable":true,"href":"https:\/\/chocobakery.azdigi.shop\/index.php?rest_route=\/wp\/v2\/media\/461"}],"wp:attachment":[{"href":"https:\/\/chocobakery.azdigi.shop\/index.php?rest_route=%2Fwp%2Fv2%2Fmedia&parent=460"}],"wp:term":[{"taxonomy":"product_brand","embeddable":true,"href":"https:\/\/chocobakery.azdigi.shop\/index.php?rest_route=%2Fwp%2Fv2%2Fproduct_brand&post=460"},{"taxonomy":"product_cat","embeddable":true,"href":"https:\/\/chocobakery.azdigi.shop\/index.php?rest_route=%2Fwp%2Fv2%2Fproduct_cat&post=460"},{"taxonomy":"product_tag","embeddable":true,"href":"https:\/\/chocobakery.azdigi.shop\/index.php?rest_route=%2Fwp%2Fv2%2Fproduct_tag&post=460"}],"curies":[{"name":"wp","href":"https:\/\/api.w.org\/{rel}","templated":true}]}}