{"id":445,"date":"2026-04-17T16:35:48","date_gmt":"2026-04-17T16:35:48","guid":{"rendered":"https:\/\/chocobakery.azdigi.shop\/?post_type=product&#038;p=445"},"modified":"2026-04-17T18:18:18","modified_gmt":"2026-04-17T18:18:18","slug":"ca-phe-buon-ho-dak-lak","status":"publish","type":"product","link":"https:\/\/chocobakery.azdigi.shop\/?product=ca-phe-buon-ho-dak-lak","title":{"rendered":"C\u00e0 ph\u00ea Fine Robusta \u0110\u1eafk L\u1eafk"},"content":{"rendered":"<h2 data-section-id=\"7uhwg3\" data-start=\"458\" data-end=\"509\"><span role=\"text\"><strong data-start=\"461\" data-end=\"509\">C\u00e0 ph\u00ea Bu\u00f4n H\u1ed3 \u0110\u1eafk L\u1eafk \u2013 \u0110\u1eadm \u0111\u00e0 v\u00e0 kh\u00e1c bi\u1ec7t<\/strong><\/span><\/h2>\n<p data-start=\"511\" data-end=\"681\">C\u00e0 ph\u00ea Bu\u00f4n H\u1ed3 \u0110\u1eafk L\u1eafk mang phong c\u00e1ch \u0111\u1eadm \u0111\u00e0 \u0111\u1eb7c tr\u01b0ng c\u1ee7a T\u00e2y Nguy\u00ean. V\u00f9ng nguy\u00ean li\u1ec7u n\u1eb1m \u1edf \u0111\u1ed9 cao 700\u2013750m, t\u1ea1o \u0111i\u1ec1u ki\u1ec7n thu\u1eadn l\u1ee3i cho c\u00e2y c\u00e0 ph\u00ea ph\u00e1t tri\u1ec3n \u1ed5n \u0111\u1ecbnh.<\/p>\n<p data-start=\"683\" data-end=\"783\">\u0110\u1eb7c bi\u1ec7t, t\u1ef7 l\u1ec7 tr\u00e1i ch\u00edn \u0111\u1ea1t 100%. \u0110i\u1ec1u n\u00e0y gi\u00fap h\u1ea1t c\u00e0 ph\u00ea c\u00f3 \u0111\u1ed9 ng\u1ecdt cao v\u00e0 h\u01b0\u01a1ng v\u1ecb r\u00f5 r\u00e0ng h\u01a1n.<\/p>\n<h2 data-section-id=\"15sdr1o\" data-start=\"790\" data-end=\"842\"><span role=\"text\"><strong data-start=\"793\" data-end=\"842\">H\u01b0\u01a1ng v\u1ecb \u0111\u1eb7c tr\u01b0ng\u00a0<\/strong><\/span><\/h2>\n<p data-start=\"844\" data-end=\"961\">C\u00e0 ph\u00ea Bu\u00f4n H\u1ed3 \u0110\u1eafk L\u1eafk g\u00e2y \u1ea5n t\u01b0\u1ee3ng v\u1edbi h\u01b0\u01a1ng tr\u00e1i c\u00e2y r\u00f5 n\u00e9t. Tropical fruit mang l\u1ea1i c\u1ea3m gi\u00e1c t\u01b0\u01a1i m\u1edbi ngay t\u1eeb \u0111\u1ea7u.<\/p>\n<p data-start=\"963\" data-end=\"1049\">Ti\u1ebfp theo l\u00e0 dry fruit v\u1edbi h\u01b0\u01a1ng th\u01a1m \u0111\u1eadm v\u00e0 s\u00e2u. T\u1ed5ng th\u1ec3 ly c\u00e0 ph\u00ea r\u1ea5t ng\u1ecdt v\u00e0 m\u01b0\u1ee3t.<\/p>\n<p data-start=\"1051\" data-end=\"1165\">Body \u1edf m\u1ee9c medium, t\u1ea1o c\u1ea3m gi\u00e1c c\u00e2n b\u1eb1ng. H\u1eadu v\u1ecb k\u00e9o d\u00e0i v\u00e0 d\u1ec5 nh\u1eadn bi\u1ebft. \u0110\u00e2y l\u00e0 \u0111i\u1ec3m n\u1ed5i b\u1eadt c\u1ee7a d\u00f2ng c\u00e0 ph\u00ea n\u00e0y.<\/p>\n<h2 data-section-id=\"1smb7rc\" data-start=\"1172\" data-end=\"1208\"><span role=\"text\"><strong data-start=\"1175\" data-end=\"1208\">Aroma n\u1ed5i b\u1eadt v\u00e0 c\u01b0\u1eddng \u0111\u1ed9 cao<\/strong><\/span><\/h2>\n<p data-start=\"1210\" data-end=\"1298\">H\u01b0\u01a1ng th\u01a1m c\u1ee7a lo\u1ea1i c\u00e0 ph\u00ea n\u00e0y r\u1ea5t r\u00f5 r\u00e0ng. Dry fruit xu\u1ea5t hi\u1ec7n ngay khi xay h\u1ea1t.<\/p>\n<p data-start=\"1300\" data-end=\"1396\">M\u00f9i ng\u1ecdt lan t\u1ecfa m\u1ea1nh v\u00e0 c\u00f3 c\u01b0\u1eddng \u0111\u1ed9 cao. \u0110i\u1ec1u n\u00e0y gi\u00fap tr\u1ea3i nghi\u1ec7m c\u00e0 ph\u00ea tr\u1edf n\u00ean \u1ea5n t\u01b0\u1ee3ng h\u01a1n.<\/p>\n<h2 data-section-id=\"k900xd\" data-start=\"1403\" data-end=\"1462\"><span role=\"text\"><strong data-start=\"1406\" data-end=\"1462\">\u0110i\u1ec3m m\u1ea1nh t\u1eeb ph\u01b0\u01a1ng ph\u00e1p s\u01a1 ch\u1ebf Anaerobic v\u00e0 Natural<\/strong><\/span><\/h2>\n<p data-start=\"1464\" data-end=\"1587\">C\u00e0 ph\u00ea \u0111\u01b0\u1ee3c x\u1eed l\u00fd b\u1eb1ng ph\u01b0\u01a1ng ph\u00e1p anaerobic v\u00e0 natural. \u0110\u00e2y l\u00e0 hai k\u1ef9 thu\u1eadt gi\u00fap t\u0103ng c\u01b0\u1eddng \u0111\u1ed9 ng\u1ecdt v\u00e0 chi\u1ec1u s\u00e2u h\u01b0\u01a1ng v\u1ecb.<\/p>\n<p data-start=\"1589\" data-end=\"1691\">Anaerobic gi\u00fap ki\u1ec3m so\u00e1t qu\u00e1 tr\u00ecnh l\u00ean men t\u1ed1t h\u01a1n. Nh\u1edd \u0111\u00f3, h\u01b0\u01a1ng tr\u00e1i c\u00e2y tr\u1edf n\u00ean n\u1ed5i b\u1eadt v\u00e0 r\u00f5 r\u00e0ng.<\/p>\n<p data-start=\"1693\" data-end=\"1785\">Natural gi\u1eef l\u1ea1i nhi\u1ec1u \u0111\u01b0\u1eddng t\u1ef1 nhi\u00ean trong qu\u1ea3. \u0110i\u1ec1u n\u00e0y l\u00e0m t\u0103ng \u0111\u1ed9 ng\u1ecdt v\u00e0 t\u1ea1o h\u1eadu v\u1ecb d\u00e0i.<\/p>\n<p data-start=\"1787\" data-end=\"1836\">S\u1ef1 k\u1ebft h\u1ee3p n\u00e0y mang l\u1ea1i ly c\u00e0 ph\u00ea d\u00e0y v\u00e0 tr\u00f2n v\u1ecb.<\/p>\n<h2 data-section-id=\"1j3n4sw\" data-start=\"1843\" data-end=\"1883\"><span role=\"text\"><strong data-start=\"1846\" data-end=\"1883\">Ph\u00f9 h\u1ee3p v\u1edbi nhi\u1ec1u ph\u01b0\u01a1ng ph\u00e1p pha<\/strong><\/span><\/h2>\n<p data-start=\"1885\" data-end=\"1980\">C\u00f3 th\u1ec3 pha theo nhi\u1ec1u c\u00e1ch, espresso s\u1ebd gi\u00fap l\u00e0m n\u1ed5i b\u1eadt \u0111\u1ed9 \u0111\u1eadm v\u00e0 v\u1ecb ng\u1ecdt.<\/p>\n<p data-start=\"1982\" data-end=\"2090\">Phin mang l\u1ea1i tr\u1ea3i nghi\u1ec7m truy\u1ec1n th\u1ed1ng, \u0111\u1eadm \u0111\u00e0 h\u01a1n. Trong khi \u0111\u00f3, pour over gi\u00fap th\u1ec3 hi\u1ec7n r\u00f5 h\u01b0\u01a1ng tr\u00e1i c\u00e2y.<\/p>\n<p data-start=\"2092\" data-end=\"2198\">M\u1ee9c rang medium gi\u00fap c\u00e2n b\u1eb1ng gi\u1eefa v\u1ecb \u0111\u1eadm v\u00e0 h\u01b0\u01a1ng th\u01a1m. Nh\u1edd v\u1eady, c\u00e0 ph\u00ea d\u1ec5 ti\u1ebfp c\u1eadn v\u1edbi nhi\u1ec1u ng\u01b0\u1eddi d\u00f9ng.<\/p>\n","protected":false},"excerpt":{"rendered":"<p>V\u00f9ng nguy\u00ean li\u1ec7u: Bu\u00f4n H\u1ed3 &#8211; \u0110\u1eafk L\u1eafk<\/p>\n<p>T\u1ef7 l\u1ec7 tr\u00e1i ch\u00edn: 100%<\/p>\n<p>\u0110\u1ed9 cao: 700-750 MASL<\/p>\n<p>S\u01a1 ch\u1ebf: Anaearobic \/ Natural<\/p>\n<p>Gi\u1ed1ng: TR4<\/p>\n<p>Flavour Notes: Tropical Fruit, Dry Fruit, Very sweet, Smooth, sweet, Medium Body, Long aftertaste<\/p>\n<p>Aroma: Dry fruit, Sweet, high intensity<\/p>\n<p>C\u1ee1 rang: Medium<\/p>\n<p>Ph\u01b0\u01a1ng ph\u00e1p pha \u0111\u1ec1 xu\u1ea5t: Espresso, Phin, Pour over<\/p>\n","protected":false},"featured_media":446,"comment_status":"open","ping_status":"closed","template":"","meta":[],"product_brand":[],"product_cat":[35],"product_tag":[],"class_list":{"0":"post-445","1":"product","2":"type-product","3":"status-publish","4":"has-post-thumbnail","6":"product_cat-vietnamesecoffee","8":"first","9":"instock","10":"shipping-taxable","11":"purchasable","12":"product-type-variable","13":"has-default-attributes"},"yoast_head":"<!-- This site is optimized with the Yoast SEO plugin v27.1.1 - https:\/\/yoast.com\/product\/yoast-seo-wordpress\/ -->\n<title>C\u00e0 ph\u00ea Bu\u00f4n H\u1ed3 \u0110\u1eafk L\u1eafk \u2013 H\u01b0\u01a1ng tr\u00e1i c\u00e2y ng\u1ecdt \u0111\u1eadm - Vietnamesecoffee<\/title>\n<meta name=\"description\" content=\"C\u00e0 ph\u00ea Bu\u00f4n H\u1ed3 \u0110\u1eafk L\u1eafk v\u1edbi h\u01b0\u01a1ng tropical fruit, dry fruit, v\u1ecb r\u1ea5t ng\u1ecdt v\u00e0 h\u1eadu v\u1ecb d\u00e0i. Rang medium, ph\u00f9 h\u1ee3p espresso, phin v\u00e0 pour over.\" \/>\n<meta name=\"robots\" content=\"index, follow, max-snippet:-1, max-image-preview:large, max-video-preview:-1\" \/>\n<link rel=\"canonical\" href=\"https:\/\/chocobakery.azdigi.shop\/index.php\/san-pham\/ca-phe-buon-ho-dak-lak\/\" \/>\n<meta property=\"og:locale\" content=\"vi_VN\" \/>\n<meta property=\"og:type\" content=\"article\" \/>\n<meta property=\"og:title\" content=\"C\u00e0 ph\u00ea Bu\u00f4n H\u1ed3 \u0110\u1eafk L\u1eafk \u2013 H\u01b0\u01a1ng tr\u00e1i c\u00e2y ng\u1ecdt \u0111\u1eadm - Vietnamesecoffee\" \/>\n<meta property=\"og:description\" content=\"C\u00e0 ph\u00ea Bu\u00f4n H\u1ed3 \u0110\u1eafk L\u1eafk v\u1edbi h\u01b0\u01a1ng tropical fruit, dry fruit, v\u1ecb r\u1ea5t ng\u1ecdt v\u00e0 h\u1eadu v\u1ecb d\u00e0i. Rang medium, ph\u00f9 h\u1ee3p espresso, phin v\u00e0 pour over.\" \/>\n<meta property=\"og:url\" content=\"https:\/\/chocobakery.azdigi.shop\/index.php\/san-pham\/ca-phe-buon-ho-dak-lak\/\" \/>\n<meta property=\"og:site_name\" content=\"Vietnamesecoffee\" \/>\n<meta property=\"article:modified_time\" content=\"2026-04-17T18:18:18+00:00\" \/>\n<meta property=\"og:image\" content=\"https:\/\/chocobakery.azdigi.shop\/wp-content\/uploads\/2026\/04\/daklak.png\" \/>\n\t<meta property=\"og:image:width\" content=\"1000\" \/>\n\t<meta property=\"og:image:height\" content=\"1000\" \/>\n\t<meta property=\"og:image:type\" content=\"image\/png\" \/>\n<meta name=\"twitter:card\" content=\"summary_large_image\" \/>\n<meta name=\"twitter:label1\" content=\"\u01af\u1edbc t\u00ednh th\u1eddi gian \u0111\u1ecdc\" \/>\n\t<meta name=\"twitter:data1\" content=\"3 ph\u00fat\" \/>\n<script type=\"application\/ld+json\" class=\"yoast-schema-graph\">{\"@context\":\"https:\/\/schema.org\",\"@graph\":[{\"@type\":\"WebPage\",\"@id\":\"https:\/\/chocobakery.azdigi.shop\/index.php\/san-pham\/ca-phe-buon-ho-dak-lak\/\",\"url\":\"https:\/\/chocobakery.azdigi.shop\/index.php\/san-pham\/ca-phe-buon-ho-dak-lak\/\",\"name\":\"C\u00e0 ph\u00ea Bu\u00f4n H\u1ed3 \u0110\u1eafk L\u1eafk \u2013 H\u01b0\u01a1ng tr\u00e1i c\u00e2y ng\u1ecdt \u0111\u1eadm - Vietnamesecoffee\",\"isPartOf\":{\"@id\":\"https:\/\/chocobakery.azdigi.shop\/#website\"},\"primaryImageOfPage\":{\"@id\":\"https:\/\/chocobakery.azdigi.shop\/index.php\/san-pham\/ca-phe-buon-ho-dak-lak\/#primaryimage\"},\"image\":{\"@id\":\"https:\/\/chocobakery.azdigi.shop\/index.php\/san-pham\/ca-phe-buon-ho-dak-lak\/#primaryimage\"},\"thumbnailUrl\":\"https:\/\/chocobakery.azdigi.shop\/wp-content\/uploads\/2026\/04\/daklak.png\",\"datePublished\":\"2026-04-17T16:35:48+00:00\",\"dateModified\":\"2026-04-17T18:18:18+00:00\",\"description\":\"C\u00e0 ph\u00ea Bu\u00f4n H\u1ed3 \u0110\u1eafk L\u1eafk v\u1edbi h\u01b0\u01a1ng tropical fruit, dry fruit, v\u1ecb r\u1ea5t ng\u1ecdt v\u00e0 h\u1eadu v\u1ecb d\u00e0i. Rang medium, ph\u00f9 h\u1ee3p espresso, phin v\u00e0 pour over.\",\"breadcrumb\":{\"@id\":\"https:\/\/chocobakery.azdigi.shop\/index.php\/san-pham\/ca-phe-buon-ho-dak-lak\/#breadcrumb\"},\"inLanguage\":\"vi\",\"potentialAction\":[{\"@type\":\"ReadAction\",\"target\":[\"https:\/\/chocobakery.azdigi.shop\/index.php\/san-pham\/ca-phe-buon-ho-dak-lak\/\"]}]},{\"@type\":\"ImageObject\",\"inLanguage\":\"vi\",\"@id\":\"https:\/\/chocobakery.azdigi.shop\/index.php\/san-pham\/ca-phe-buon-ho-dak-lak\/#primaryimage\",\"url\":\"https:\/\/chocobakery.azdigi.shop\/wp-content\/uploads\/2026\/04\/daklak.png\",\"contentUrl\":\"https:\/\/chocobakery.azdigi.shop\/wp-content\/uploads\/2026\/04\/daklak.png\",\"width\":1000,\"height\":1000},{\"@type\":\"BreadcrumbList\",\"@id\":\"https:\/\/chocobakery.azdigi.shop\/index.php\/san-pham\/ca-phe-buon-ho-dak-lak\/#breadcrumb\",\"itemListElement\":[{\"@type\":\"ListItem\",\"position\":1,\"name\":\"Trang ch\u1ee7\",\"item\":\"https:\/\/chocobakery.azdigi.shop\/\"},{\"@type\":\"ListItem\",\"position\":2,\"name\":\"C\u1eeda h\u00e0ng\",\"item\":\"https:\/\/chocobakery.azdigi.shop\/?page_id=212\"},{\"@type\":\"ListItem\",\"position\":3,\"name\":\"C\u00e0 ph\u00ea Fine Robusta \u0110\u1eafk L\u1eafk\"}]},{\"@type\":\"WebSite\",\"@id\":\"https:\/\/chocobakery.azdigi.shop\/#website\",\"url\":\"https:\/\/chocobakery.azdigi.shop\/\",\"name\":\"Vietnamesecoffee\",\"description\":\"\",\"potentialAction\":[{\"@type\":\"SearchAction\",\"target\":{\"@type\":\"EntryPoint\",\"urlTemplate\":\"https:\/\/chocobakery.azdigi.shop\/?s={search_term_string}\"},\"query-input\":{\"@type\":\"PropertyValueSpecification\",\"valueRequired\":true,\"valueName\":\"search_term_string\"}}],\"inLanguage\":\"vi\"}]}<\/script>\n<!-- \/ Yoast SEO plugin. -->","yoast_head_json":{"title":"C\u00e0 ph\u00ea Bu\u00f4n H\u1ed3 \u0110\u1eafk L\u1eafk \u2013 H\u01b0\u01a1ng tr\u00e1i c\u00e2y ng\u1ecdt \u0111\u1eadm - Vietnamesecoffee","description":"C\u00e0 ph\u00ea Bu\u00f4n H\u1ed3 \u0110\u1eafk L\u1eafk v\u1edbi h\u01b0\u01a1ng tropical fruit, dry fruit, v\u1ecb r\u1ea5t ng\u1ecdt v\u00e0 h\u1eadu v\u1ecb d\u00e0i. Rang medium, ph\u00f9 h\u1ee3p espresso, phin v\u00e0 pour over.","robots":{"index":"index","follow":"follow","max-snippet":"max-snippet:-1","max-image-preview":"max-image-preview:large","max-video-preview":"max-video-preview:-1"},"canonical":"https:\/\/chocobakery.azdigi.shop\/index.php\/san-pham\/ca-phe-buon-ho-dak-lak\/","og_locale":"vi_VN","og_type":"article","og_title":"C\u00e0 ph\u00ea Bu\u00f4n H\u1ed3 \u0110\u1eafk L\u1eafk \u2013 H\u01b0\u01a1ng tr\u00e1i c\u00e2y ng\u1ecdt \u0111\u1eadm - Vietnamesecoffee","og_description":"C\u00e0 ph\u00ea Bu\u00f4n H\u1ed3 \u0110\u1eafk L\u1eafk v\u1edbi h\u01b0\u01a1ng tropical fruit, dry fruit, v\u1ecb r\u1ea5t ng\u1ecdt v\u00e0 h\u1eadu v\u1ecb d\u00e0i. Rang medium, ph\u00f9 h\u1ee3p espresso, phin v\u00e0 pour over.","og_url":"https:\/\/chocobakery.azdigi.shop\/index.php\/san-pham\/ca-phe-buon-ho-dak-lak\/","og_site_name":"Vietnamesecoffee","article_modified_time":"2026-04-17T18:18:18+00:00","og_image":[{"width":1000,"height":1000,"url":"https:\/\/chocobakery.azdigi.shop\/wp-content\/uploads\/2026\/04\/daklak.png","type":"image\/png"}],"twitter_card":"summary_large_image","twitter_misc":{"\u01af\u1edbc t\u00ednh th\u1eddi gian \u0111\u1ecdc":"3 ph\u00fat"},"schema":{"@context":"https:\/\/schema.org","@graph":[{"@type":"WebPage","@id":"https:\/\/chocobakery.azdigi.shop\/index.php\/san-pham\/ca-phe-buon-ho-dak-lak\/","url":"https:\/\/chocobakery.azdigi.shop\/index.php\/san-pham\/ca-phe-buon-ho-dak-lak\/","name":"C\u00e0 ph\u00ea Bu\u00f4n H\u1ed3 \u0110\u1eafk L\u1eafk \u2013 H\u01b0\u01a1ng tr\u00e1i c\u00e2y ng\u1ecdt \u0111\u1eadm - Vietnamesecoffee","isPartOf":{"@id":"https:\/\/chocobakery.azdigi.shop\/#website"},"primaryImageOfPage":{"@id":"https:\/\/chocobakery.azdigi.shop\/index.php\/san-pham\/ca-phe-buon-ho-dak-lak\/#primaryimage"},"image":{"@id":"https:\/\/chocobakery.azdigi.shop\/index.php\/san-pham\/ca-phe-buon-ho-dak-lak\/#primaryimage"},"thumbnailUrl":"https:\/\/chocobakery.azdigi.shop\/wp-content\/uploads\/2026\/04\/daklak.png","datePublished":"2026-04-17T16:35:48+00:00","dateModified":"2026-04-17T18:18:18+00:00","description":"C\u00e0 ph\u00ea Bu\u00f4n H\u1ed3 \u0110\u1eafk L\u1eafk v\u1edbi h\u01b0\u01a1ng tropical fruit, dry fruit, v\u1ecb r\u1ea5t ng\u1ecdt v\u00e0 h\u1eadu v\u1ecb d\u00e0i. Rang medium, ph\u00f9 h\u1ee3p espresso, phin v\u00e0 pour over.","breadcrumb":{"@id":"https:\/\/chocobakery.azdigi.shop\/index.php\/san-pham\/ca-phe-buon-ho-dak-lak\/#breadcrumb"},"inLanguage":"vi","potentialAction":[{"@type":"ReadAction","target":["https:\/\/chocobakery.azdigi.shop\/index.php\/san-pham\/ca-phe-buon-ho-dak-lak\/"]}]},{"@type":"ImageObject","inLanguage":"vi","@id":"https:\/\/chocobakery.azdigi.shop\/index.php\/san-pham\/ca-phe-buon-ho-dak-lak\/#primaryimage","url":"https:\/\/chocobakery.azdigi.shop\/wp-content\/uploads\/2026\/04\/daklak.png","contentUrl":"https:\/\/chocobakery.azdigi.shop\/wp-content\/uploads\/2026\/04\/daklak.png","width":1000,"height":1000},{"@type":"BreadcrumbList","@id":"https:\/\/chocobakery.azdigi.shop\/index.php\/san-pham\/ca-phe-buon-ho-dak-lak\/#breadcrumb","itemListElement":[{"@type":"ListItem","position":1,"name":"Trang ch\u1ee7","item":"https:\/\/chocobakery.azdigi.shop\/"},{"@type":"ListItem","position":2,"name":"C\u1eeda h\u00e0ng","item":"https:\/\/chocobakery.azdigi.shop\/?page_id=212"},{"@type":"ListItem","position":3,"name":"C\u00e0 ph\u00ea Fine Robusta \u0110\u1eafk L\u1eafk"}]},{"@type":"WebSite","@id":"https:\/\/chocobakery.azdigi.shop\/#website","url":"https:\/\/chocobakery.azdigi.shop\/","name":"Vietnamesecoffee","description":"","potentialAction":[{"@type":"SearchAction","target":{"@type":"EntryPoint","urlTemplate":"https:\/\/chocobakery.azdigi.shop\/?s={search_term_string}"},"query-input":{"@type":"PropertyValueSpecification","valueRequired":true,"valueName":"search_term_string"}}],"inLanguage":"vi"}]}},"_links":{"self":[{"href":"https:\/\/chocobakery.azdigi.shop\/index.php?rest_route=\/wp\/v2\/product\/445","targetHints":{"allow":["GET"]}}],"collection":[{"href":"https:\/\/chocobakery.azdigi.shop\/index.php?rest_route=\/wp\/v2\/product"}],"about":[{"href":"https:\/\/chocobakery.azdigi.shop\/index.php?rest_route=\/wp\/v2\/types\/product"}],"replies":[{"embeddable":true,"href":"https:\/\/chocobakery.azdigi.shop\/index.php?rest_route=%2Fwp%2Fv2%2Fcomments&post=445"}],"wp:featuredmedia":[{"embeddable":true,"href":"https:\/\/chocobakery.azdigi.shop\/index.php?rest_route=\/wp\/v2\/media\/446"}],"wp:attachment":[{"href":"https:\/\/chocobakery.azdigi.shop\/index.php?rest_route=%2Fwp%2Fv2%2Fmedia&parent=445"}],"wp:term":[{"taxonomy":"product_brand","embeddable":true,"href":"https:\/\/chocobakery.azdigi.shop\/index.php?rest_route=%2Fwp%2Fv2%2Fproduct_brand&post=445"},{"taxonomy":"product_cat","embeddable":true,"href":"https:\/\/chocobakery.azdigi.shop\/index.php?rest_route=%2Fwp%2Fv2%2Fproduct_cat&post=445"},{"taxonomy":"product_tag","embeddable":true,"href":"https:\/\/chocobakery.azdigi.shop\/index.php?rest_route=%2Fwp%2Fv2%2Fproduct_tag&post=445"}],"curies":[{"name":"wp","href":"https:\/\/api.w.org\/{rel}","templated":true}]}}