{"id":432,"date":"2026-04-17T16:15:32","date_gmt":"2026-04-17T16:15:32","guid":{"rendered":"https:\/\/chocobakery.azdigi.shop\/?post_type=product&#038;p=432"},"modified":"2026-04-17T23:03:44","modified_gmt":"2026-04-17T23:03:44","slug":"ca-phe-arabica-lam-dong","status":"publish","type":"product","link":"https:\/\/chocobakery.azdigi.shop\/?product=ca-phe-arabica-lam-dong","title":{"rendered":"C\u00e0 ph\u00ea Flusso Arabica Black Honey"},"content":{"rendered":"<h2 data-section-id=\"1pg43rb\" data-start=\"487\" data-end=\"549\"><span role=\"text\"><strong data-start=\"490\" data-end=\"549\">C\u00e0 ph\u00ea Arabica L\u00e2m \u0110\u1ed3ng \u2013 H\u01b0\u01a1ng v\u1ecb tinh t\u1ebf t\u1eeb \u0110\u01b0ng K&#8217;N\u1edb<\/strong><\/span><\/h2>\n<p data-start=\"551\" data-end=\"703\">C\u00e0 ph\u00ea Arabica L\u00e2m \u0110\u1ed3ng l\u00e0 l\u1ef1a ch\u1ecdn quen thu\u1ed9c c\u1ee7a ng\u01b0\u1eddi y\u00eau c\u00e0 ph\u00ea \u0111\u1eb7c s\u1ea3n. \u0110\u01b0\u1ee3c tr\u1ed3ng t\u1ea1i \u0110\u01b0ng K&#8217;N\u1edb, v\u00f9ng c\u00e0 ph\u00ea n\u00e0y s\u1edf h\u1eefu kh\u00ed h\u1eadu m\u00e1t m\u1ebb v\u00e0 \u1ed5n \u0111\u1ecbnh.<\/p>\n<p data-start=\"705\" data-end=\"829\">Nh\u1edd \u0111i\u1ec1u ki\u1ec7n t\u1ef1 nhi\u00ean thu\u1eadn l\u1ee3i, gi\u1ed1ng Catimor ph\u00e1t tri\u1ec3n t\u1ed1t. H\u1ea1t c\u00e0 ph\u00ea v\u00ec th\u1ebf c\u00f3 ch\u1ea5t l\u01b0\u1ee3ng \u1ed5n \u0111\u1ecbnh v\u00e0 h\u01b0\u01a1ng v\u1ecb r\u00f5 r\u00e0ng.<\/p>\n<h2 data-section-id=\"1yww6ic\" data-start=\"836\" data-end=\"889\"><span role=\"text\"><strong data-start=\"839\" data-end=\"889\">H\u01b0\u01a1ng v\u1ecb \u0111\u1eb7c tr\u01b0ng c\u1ee7a c\u00e0 ph\u00ea Arabica L\u00e2m \u0110\u1ed3ng<\/strong><\/span><\/h2>\n<p data-start=\"891\" data-end=\"1052\">C\u00e0 ph\u00ea Arabica L\u00e2m \u0110\u1ed3ng mang \u0111\u1ebfn c\u1ea3m gi\u00e1c t\u01b0\u01a1i m\u1edbi ngay t\u1eeb \u0111\u1ea7u. H\u01b0\u01a1ng tropical fruit t\u1ea1o \u1ea5n t\u01b0\u1ee3ng r\u00f5 r\u1ec7t. V\u1ecb tr\u00e1i c\u00e2y nhi\u1ec7t \u0111\u1edbi gi\u00fap ly c\u00e0 ph\u00ea tr\u1edf n\u00ean s\u1ed1ng \u0111\u1ed9ng.<\/p>\n<p data-start=\"1054\" data-end=\"1171\">Ti\u1ebfp theo l\u00e0 apple v\u1edbi v\u1ecb chua nh\u1eb9 v\u00e0 thanh. Sau \u0111\u00f3, milk chocolate xu\u1ea5t hi\u1ec7n, mang l\u1ea1i c\u1ea3m gi\u00e1c ng\u1ecdt d\u1ecbu v\u00e0 m\u1ec1m m\u1ea1i.<\/p>\n<p data-start=\"1173\" data-end=\"1263\">Cu\u1ed1i c\u00f9ng, h\u1eadu v\u1ecb tea gi\u00fap t\u1ed5ng th\u1ec3 tr\u1edf n\u00ean nh\u1eb9 nh\u00e0ng. D\u01b0 v\u1ecb s\u1ea1ch v\u00e0 k\u00e9o d\u00e0i, r\u1ea5t d\u1ec5 ch\u1ecbu.<\/p>\n<h2 data-section-id=\"t83owh\" data-start=\"1270\" data-end=\"1325\"><span role=\"text\"><strong data-start=\"1273\" data-end=\"1325\">\u0110i\u1ec3m n\u1ed5i b\u1eadt t\u1eeb ph\u01b0\u01a1ng ph\u00e1p ch\u1ebf bi\u1ebfn Black Honey<\/strong><\/span><\/h2>\n<p data-start=\"1327\" data-end=\"1441\">C\u00e0 ph\u00ea \u0111\u01b0\u1ee3c ch\u1ebf bi\u1ebfn theo ph\u01b0\u01a1ng ph\u00e1p black honey. \u0110\u00e2y l\u00e0 k\u1ef9 thu\u1eadt gi\u00fap gi\u1eef l\u1ea1i l\u1edbp nh\u1ea7y c\u1ee7a qu\u1ea3 c\u00e0 ph\u00ea nhi\u1ec1u h\u01a1n.<\/p>\n<p data-start=\"1443\" data-end=\"1575\">Nh\u1edd \u0111\u00f3, h\u1ea1t c\u00e0 ph\u00ea c\u00f3 \u0111\u1ed9 ng\u1ecdt cao h\u01a1n. H\u01b0\u01a1ng v\u1ecb tr\u1edf n\u00ean d\u00e0y v\u00e0 tr\u00f2n h\u01a1n so v\u1edbi washed. \u0110\u1ed3ng th\u1eddi, c\u00e1c n\u1ed1t tr\u00e1i c\u00e2y c\u0169ng r\u00f5 r\u00e0ng h\u01a1n.<\/p>\n<p data-start=\"1577\" data-end=\"1670\">Ph\u01b0\u01a1ng ph\u00e1p n\u00e0y t\u1ea1o n\u00ean s\u1ef1 c\u00e2n b\u1eb1ng gi\u1eefa chua v\u00e0 ng\u1ecdt. T\u1ed5ng th\u1ec3 ly c\u00e0 ph\u00ea h\u00e0i h\u00f2a v\u00e0 d\u1ec5 u\u1ed1ng.<\/p>\n<h2 data-section-id=\"oos1o4\" data-start=\"1677\" data-end=\"1732\"><span role=\"text\"><strong data-start=\"1680\" data-end=\"1732\">Tr\u1ea3i nghi\u1ec7m ph\u00f9 h\u1ee3p v\u1edbi ph\u01b0\u01a1ng ph\u00e1p pha hi\u1ec7n \u0111\u1ea1i<\/strong><\/span><\/h2>\n<p data-start=\"1734\" data-end=\"1844\">C\u00e0 ph\u00ea Arabica L\u00e2m \u0110\u1ed3ng r\u1ea5t ph\u00f9 h\u1ee3p v\u1edbi pour over. C\u00e1ch pha n\u00e0y gi\u00fap l\u00e0m n\u1ed5i b\u1eadt h\u01b0\u01a1ng tr\u00e1i c\u00e2y v\u00e0 h\u1eadu v\u1ecb tea.<\/p>\n<p data-start=\"1846\" data-end=\"1984\">Ngo\u00e0i ra, b\u1ea1n c\u00f3 th\u1ec3 th\u1eed cold brew. Ph\u01b0\u01a1ng ph\u00e1p n\u00e0y mang l\u1ea1i c\u1ea3m gi\u00e1c m\u01b0\u1ee3t v\u00e0 ng\u1ecdt h\u01a1n. H\u01b0\u01a1ng chocolate c\u0169ng tr\u1edf n\u00ean r\u00f5 h\u01a1n khi u\u1ed1ng l\u1ea1nh.<\/p>\n<p data-start=\"1986\" data-end=\"2084\">M\u1ee9c rang light roast gi\u00fap gi\u1eef tr\u1ecdn h\u01b0\u01a1ng t\u1ef1 nhi\u00ean. Nh\u1edd \u0111\u00f3, tr\u1ea3i nghi\u1ec7m c\u00e0 ph\u00ea tr\u1edf n\u00ean tinh t\u1ebf h\u01a1n.<\/p>\n","protected":false},"excerpt":{"rendered":"<p>V\u00f9ng tr\u1ed3ng: \u0110\u01b0ng K&#8217;N\u1edb, L\u00e2m \u0110\u1ed3ng, Vi\u1ec7t Nam<\/p>\n<p>Gi\u1ed1ng c\u00e0 ph\u00ea: Catimor<\/p>\n<p>C\u1ee1 rang: Light Roast<\/p>\n<p>Ph\u01b0\u01a1ng ph\u00e1p pha \u0111\u1ec1 xu\u1ea5t: Pour over, Cold brew<\/p>\n<p>H\u01b0\u01a1ng v\u1ecb: Tropical Fruit | Apple | Milk Choco| Tea<\/p>\n<p>Ph\u01b0\u01a1ng ph\u00e1p ch\u1ebf bi\u1ebfn: Black honey<\/p>\n","protected":false},"featured_media":434,"comment_status":"open","ping_status":"closed","template":"","meta":[],"product_brand":[],"product_cat":[35],"product_tag":[],"class_list":{"0":"post-432","1":"product","2":"type-product","3":"status-publish","4":"has-post-thumbnail","6":"product_cat-vietnamesecoffee","8":"first","9":"instock","10":"shipping-taxable","11":"purchasable","12":"product-type-variable"},"yoast_head":"<!-- This site is optimized with the Yoast SEO plugin v27.1.1 - https:\/\/yoast.com\/product\/yoast-seo-wordpress\/ -->\n<title>C\u00e0 ph\u00ea Arabica L\u00e2m \u0110\u1ed3ng \u2013 H\u01b0\u01a1ng v\u1ecb tr\u00e1i c\u00e2y nhi\u1ec7t \u0111\u1edbi - Vietnamesecoffee<\/title>\n<meta name=\"description\" content=\"C\u00e0 ph\u00ea Arabica L\u00e2m \u0110\u1ed3ng v\u1edbi h\u01b0\u01a1ng tropical fruit, apple, milk chocolate v\u00e0 tea. Ch\u1ebf bi\u1ebfn black honey, rang light roast, ph\u00f9 h\u1ee3p pour over v\u00e0 cold brew.\" \/>\n<meta name=\"robots\" content=\"index, follow, max-snippet:-1, max-image-preview:large, max-video-preview:-1\" \/>\n<link rel=\"canonical\" href=\"https:\/\/chocobakery.azdigi.shop\/index.php\/san-pham\/ca-phe-arabica-lam-dong\/\" \/>\n<meta property=\"og:locale\" content=\"vi_VN\" \/>\n<meta property=\"og:type\" content=\"article\" \/>\n<meta property=\"og:title\" content=\"C\u00e0 ph\u00ea Arabica L\u00e2m \u0110\u1ed3ng \u2013 H\u01b0\u01a1ng v\u1ecb tr\u00e1i c\u00e2y nhi\u1ec7t \u0111\u1edbi - Vietnamesecoffee\" \/>\n<meta property=\"og:description\" content=\"C\u00e0 ph\u00ea Arabica L\u00e2m \u0110\u1ed3ng v\u1edbi h\u01b0\u01a1ng tropical fruit, apple, milk chocolate v\u00e0 tea. Ch\u1ebf bi\u1ebfn black honey, rang light roast, ph\u00f9 h\u1ee3p pour over v\u00e0 cold brew.\" \/>\n<meta property=\"og:url\" content=\"https:\/\/chocobakery.azdigi.shop\/index.php\/san-pham\/ca-phe-arabica-lam-dong\/\" \/>\n<meta property=\"og:site_name\" content=\"Vietnamesecoffee\" \/>\n<meta property=\"article:modified_time\" content=\"2026-04-17T23:03:44+00:00\" \/>\n<meta property=\"og:image\" content=\"https:\/\/chocobakery.azdigi.shop\/wp-content\/uploads\/2026\/04\/lamdong.jpg\" \/>\n\t<meta property=\"og:image:width\" content=\"845\" \/>\n\t<meta property=\"og:image:height\" content=\"845\" \/>\n\t<meta property=\"og:image:type\" content=\"image\/jpeg\" \/>\n<meta name=\"twitter:card\" content=\"summary_large_image\" \/>\n<meta name=\"twitter:label1\" content=\"\u01af\u1edbc t\u00ednh th\u1eddi gian \u0111\u1ecdc\" \/>\n\t<meta name=\"twitter:data1\" content=\"3 ph\u00fat\" \/>\n<script type=\"application\/ld+json\" class=\"yoast-schema-graph\">{\"@context\":\"https:\/\/schema.org\",\"@graph\":[{\"@type\":\"WebPage\",\"@id\":\"https:\/\/chocobakery.azdigi.shop\/index.php\/san-pham\/ca-phe-arabica-lam-dong\/\",\"url\":\"https:\/\/chocobakery.azdigi.shop\/index.php\/san-pham\/ca-phe-arabica-lam-dong\/\",\"name\":\"C\u00e0 ph\u00ea Arabica L\u00e2m \u0110\u1ed3ng \u2013 H\u01b0\u01a1ng v\u1ecb tr\u00e1i c\u00e2y nhi\u1ec7t \u0111\u1edbi - Vietnamesecoffee\",\"isPartOf\":{\"@id\":\"https:\/\/chocobakery.azdigi.shop\/#website\"},\"primaryImageOfPage\":{\"@id\":\"https:\/\/chocobakery.azdigi.shop\/index.php\/san-pham\/ca-phe-arabica-lam-dong\/#primaryimage\"},\"image\":{\"@id\":\"https:\/\/chocobakery.azdigi.shop\/index.php\/san-pham\/ca-phe-arabica-lam-dong\/#primaryimage\"},\"thumbnailUrl\":\"https:\/\/chocobakery.azdigi.shop\/wp-content\/uploads\/2026\/04\/lamdong.jpg\",\"datePublished\":\"2026-04-17T16:15:32+00:00\",\"dateModified\":\"2026-04-17T23:03:44+00:00\",\"description\":\"C\u00e0 ph\u00ea Arabica L\u00e2m \u0110\u1ed3ng v\u1edbi h\u01b0\u01a1ng tropical fruit, apple, milk chocolate v\u00e0 tea. Ch\u1ebf bi\u1ebfn black honey, rang light roast, ph\u00f9 h\u1ee3p pour over v\u00e0 cold brew.\",\"breadcrumb\":{\"@id\":\"https:\/\/chocobakery.azdigi.shop\/index.php\/san-pham\/ca-phe-arabica-lam-dong\/#breadcrumb\"},\"inLanguage\":\"vi\",\"potentialAction\":[{\"@type\":\"ReadAction\",\"target\":[\"https:\/\/chocobakery.azdigi.shop\/index.php\/san-pham\/ca-phe-arabica-lam-dong\/\"]}]},{\"@type\":\"ImageObject\",\"inLanguage\":\"vi\",\"@id\":\"https:\/\/chocobakery.azdigi.shop\/index.php\/san-pham\/ca-phe-arabica-lam-dong\/#primaryimage\",\"url\":\"https:\/\/chocobakery.azdigi.shop\/wp-content\/uploads\/2026\/04\/lamdong.jpg\",\"contentUrl\":\"https:\/\/chocobakery.azdigi.shop\/wp-content\/uploads\/2026\/04\/lamdong.jpg\",\"width\":845,\"height\":845},{\"@type\":\"BreadcrumbList\",\"@id\":\"https:\/\/chocobakery.azdigi.shop\/index.php\/san-pham\/ca-phe-arabica-lam-dong\/#breadcrumb\",\"itemListElement\":[{\"@type\":\"ListItem\",\"position\":1,\"name\":\"Trang ch\u1ee7\",\"item\":\"https:\/\/chocobakery.azdigi.shop\/\"},{\"@type\":\"ListItem\",\"position\":2,\"name\":\"C\u1eeda h\u00e0ng\",\"item\":\"https:\/\/chocobakery.azdigi.shop\/?page_id=212\"},{\"@type\":\"ListItem\",\"position\":3,\"name\":\"C\u00e0 ph\u00ea Flusso Arabica Black Honey\"}]},{\"@type\":\"WebSite\",\"@id\":\"https:\/\/chocobakery.azdigi.shop\/#website\",\"url\":\"https:\/\/chocobakery.azdigi.shop\/\",\"name\":\"Vietnamesecoffee\",\"description\":\"\",\"potentialAction\":[{\"@type\":\"SearchAction\",\"target\":{\"@type\":\"EntryPoint\",\"urlTemplate\":\"https:\/\/chocobakery.azdigi.shop\/?s={search_term_string}\"},\"query-input\":{\"@type\":\"PropertyValueSpecification\",\"valueRequired\":true,\"valueName\":\"search_term_string\"}}],\"inLanguage\":\"vi\"}]}<\/script>\n<!-- \/ Yoast SEO plugin. -->","yoast_head_json":{"title":"C\u00e0 ph\u00ea Arabica L\u00e2m \u0110\u1ed3ng \u2013 H\u01b0\u01a1ng v\u1ecb tr\u00e1i c\u00e2y nhi\u1ec7t \u0111\u1edbi - Vietnamesecoffee","description":"C\u00e0 ph\u00ea Arabica L\u00e2m \u0110\u1ed3ng v\u1edbi h\u01b0\u01a1ng tropical fruit, apple, milk chocolate v\u00e0 tea. Ch\u1ebf bi\u1ebfn black honey, rang light roast, ph\u00f9 h\u1ee3p pour over v\u00e0 cold brew.","robots":{"index":"index","follow":"follow","max-snippet":"max-snippet:-1","max-image-preview":"max-image-preview:large","max-video-preview":"max-video-preview:-1"},"canonical":"https:\/\/chocobakery.azdigi.shop\/index.php\/san-pham\/ca-phe-arabica-lam-dong\/","og_locale":"vi_VN","og_type":"article","og_title":"C\u00e0 ph\u00ea Arabica L\u00e2m \u0110\u1ed3ng \u2013 H\u01b0\u01a1ng v\u1ecb tr\u00e1i c\u00e2y nhi\u1ec7t \u0111\u1edbi - Vietnamesecoffee","og_description":"C\u00e0 ph\u00ea Arabica L\u00e2m \u0110\u1ed3ng v\u1edbi h\u01b0\u01a1ng tropical fruit, apple, milk chocolate v\u00e0 tea. Ch\u1ebf bi\u1ebfn black honey, rang light roast, ph\u00f9 h\u1ee3p pour over v\u00e0 cold brew.","og_url":"https:\/\/chocobakery.azdigi.shop\/index.php\/san-pham\/ca-phe-arabica-lam-dong\/","og_site_name":"Vietnamesecoffee","article_modified_time":"2026-04-17T23:03:44+00:00","og_image":[{"width":845,"height":845,"url":"https:\/\/chocobakery.azdigi.shop\/wp-content\/uploads\/2026\/04\/lamdong.jpg","type":"image\/jpeg"}],"twitter_card":"summary_large_image","twitter_misc":{"\u01af\u1edbc t\u00ednh th\u1eddi gian \u0111\u1ecdc":"3 ph\u00fat"},"schema":{"@context":"https:\/\/schema.org","@graph":[{"@type":"WebPage","@id":"https:\/\/chocobakery.azdigi.shop\/index.php\/san-pham\/ca-phe-arabica-lam-dong\/","url":"https:\/\/chocobakery.azdigi.shop\/index.php\/san-pham\/ca-phe-arabica-lam-dong\/","name":"C\u00e0 ph\u00ea Arabica L\u00e2m \u0110\u1ed3ng \u2013 H\u01b0\u01a1ng v\u1ecb tr\u00e1i c\u00e2y nhi\u1ec7t \u0111\u1edbi - Vietnamesecoffee","isPartOf":{"@id":"https:\/\/chocobakery.azdigi.shop\/#website"},"primaryImageOfPage":{"@id":"https:\/\/chocobakery.azdigi.shop\/index.php\/san-pham\/ca-phe-arabica-lam-dong\/#primaryimage"},"image":{"@id":"https:\/\/chocobakery.azdigi.shop\/index.php\/san-pham\/ca-phe-arabica-lam-dong\/#primaryimage"},"thumbnailUrl":"https:\/\/chocobakery.azdigi.shop\/wp-content\/uploads\/2026\/04\/lamdong.jpg","datePublished":"2026-04-17T16:15:32+00:00","dateModified":"2026-04-17T23:03:44+00:00","description":"C\u00e0 ph\u00ea Arabica L\u00e2m \u0110\u1ed3ng v\u1edbi h\u01b0\u01a1ng tropical fruit, apple, milk chocolate v\u00e0 tea. Ch\u1ebf bi\u1ebfn black honey, rang light roast, ph\u00f9 h\u1ee3p pour over v\u00e0 cold brew.","breadcrumb":{"@id":"https:\/\/chocobakery.azdigi.shop\/index.php\/san-pham\/ca-phe-arabica-lam-dong\/#breadcrumb"},"inLanguage":"vi","potentialAction":[{"@type":"ReadAction","target":["https:\/\/chocobakery.azdigi.shop\/index.php\/san-pham\/ca-phe-arabica-lam-dong\/"]}]},{"@type":"ImageObject","inLanguage":"vi","@id":"https:\/\/chocobakery.azdigi.shop\/index.php\/san-pham\/ca-phe-arabica-lam-dong\/#primaryimage","url":"https:\/\/chocobakery.azdigi.shop\/wp-content\/uploads\/2026\/04\/lamdong.jpg","contentUrl":"https:\/\/chocobakery.azdigi.shop\/wp-content\/uploads\/2026\/04\/lamdong.jpg","width":845,"height":845},{"@type":"BreadcrumbList","@id":"https:\/\/chocobakery.azdigi.shop\/index.php\/san-pham\/ca-phe-arabica-lam-dong\/#breadcrumb","itemListElement":[{"@type":"ListItem","position":1,"name":"Trang ch\u1ee7","item":"https:\/\/chocobakery.azdigi.shop\/"},{"@type":"ListItem","position":2,"name":"C\u1eeda h\u00e0ng","item":"https:\/\/chocobakery.azdigi.shop\/?page_id=212"},{"@type":"ListItem","position":3,"name":"C\u00e0 ph\u00ea Flusso Arabica Black Honey"}]},{"@type":"WebSite","@id":"https:\/\/chocobakery.azdigi.shop\/#website","url":"https:\/\/chocobakery.azdigi.shop\/","name":"Vietnamesecoffee","description":"","potentialAction":[{"@type":"SearchAction","target":{"@type":"EntryPoint","urlTemplate":"https:\/\/chocobakery.azdigi.shop\/?s={search_term_string}"},"query-input":{"@type":"PropertyValueSpecification","valueRequired":true,"valueName":"search_term_string"}}],"inLanguage":"vi"}]}},"_links":{"self":[{"href":"https:\/\/chocobakery.azdigi.shop\/index.php?rest_route=\/wp\/v2\/product\/432","targetHints":{"allow":["GET"]}}],"collection":[{"href":"https:\/\/chocobakery.azdigi.shop\/index.php?rest_route=\/wp\/v2\/product"}],"about":[{"href":"https:\/\/chocobakery.azdigi.shop\/index.php?rest_route=\/wp\/v2\/types\/product"}],"replies":[{"embeddable":true,"href":"https:\/\/chocobakery.azdigi.shop\/index.php?rest_route=%2Fwp%2Fv2%2Fcomments&post=432"}],"wp:featuredmedia":[{"embeddable":true,"href":"https:\/\/chocobakery.azdigi.shop\/index.php?rest_route=\/wp\/v2\/media\/434"}],"wp:attachment":[{"href":"https:\/\/chocobakery.azdigi.shop\/index.php?rest_route=%2Fwp%2Fv2%2Fmedia&parent=432"}],"wp:term":[{"taxonomy":"product_brand","embeddable":true,"href":"https:\/\/chocobakery.azdigi.shop\/index.php?rest_route=%2Fwp%2Fv2%2Fproduct_brand&post=432"},{"taxonomy":"product_cat","embeddable":true,"href":"https:\/\/chocobakery.azdigi.shop\/index.php?rest_route=%2Fwp%2Fv2%2Fproduct_cat&post=432"},{"taxonomy":"product_tag","embeddable":true,"href":"https:\/\/chocobakery.azdigi.shop\/index.php?rest_route=%2Fwp%2Fv2%2Fproduct_tag&post=432"}],"curies":[{"name":"wp","href":"https:\/\/api.w.org\/{rel}","templated":true}]}}