{"id":413,"date":"2026-04-17T15:58:31","date_gmt":"2026-04-17T15:58:31","guid":{"rendered":"https:\/\/chocobakery.azdigi.shop\/?post_type=product&#038;p=413"},"modified":"2026-04-17T23:10:20","modified_gmt":"2026-04-17T23:10:20","slug":"ca-phe-dac-san-arabica-son-la","status":"publish","type":"product","link":"https:\/\/chocobakery.azdigi.shop\/?product=ca-phe-dac-san-arabica-son-la","title":{"rendered":"C\u00e0 ph\u00ea \u0111\u1eb7c s\u1ea3n Arabica S\u01a1n La"},"content":{"rendered":"<h2 data-section-id=\"10qkijw\" data-start=\"174\" data-end=\"250\"><span role=\"text\"><strong data-start=\"177\" data-end=\"250\">C\u00e0 ph\u00ea Arabica S\u01a1n La \u2013 L\u1ef1a ch\u1ecdn tinh t\u1ebf cho ng\u01b0\u1eddi y\u00eau c\u00e0 ph\u00ea \u0111\u1eb7c s\u1ea3n<\/strong><\/span><\/h2>\n<p data-start=\"252\" data-end=\"446\">C\u00e0 ph\u00ea Arabica S\u01a1n La \u0111\u01b0\u1ee3c tr\u1ed3ng t\u1ea1i Chi\u1ec1ng Chung. Khu v\u1ef1c n\u00e0y n\u1eb1m \u1edf \u0111\u1ed9 cao kho\u1ea3ng 950m so v\u1edbi m\u1ef1c n\u01b0\u1edbc bi\u1ec3n. Nh\u1edd \u0111\u00f3, h\u1ea1t c\u00e0 ph\u00ea ph\u00e1t tri\u1ec3n ch\u1eadm. H\u01b0\u01a1ng v\u1ecb v\u00ec th\u1ebf tr\u1edf n\u00ean r\u00f5 n\u00e9t v\u00e0 phong ph\u00fa h\u01a1n.<\/p>\n<h2 data-section-id=\"754vgs\" data-start=\"453\" data-end=\"504\"><span role=\"text\"><strong data-start=\"456\" data-end=\"504\">H\u01b0\u01a1ng v\u1ecb \u0111\u1eb7c tr\u01b0ng\u00a0<\/strong><\/span><\/h2>\n<p data-start=\"506\" data-end=\"628\">Ngay t\u1eeb nh\u1eefng ng\u1ee5m \u0111\u1ea7u ti\u00ean, b\u1ea1n s\u1ebd c\u1ea3m nh\u1eadn v\u1ecb chua s\u00e1ng c\u1ee7a lime. H\u01b0\u01a1ng v\u1ecb n\u00e0y mang l\u1ea1i c\u1ea3m gi\u00e1c t\u01b0\u01a1i m\u1edbi v\u00e0 s\u1ea3ng kho\u00e1i.<\/p>\n<p data-start=\"630\" data-end=\"846\">Ti\u1ebfp theo l\u00e0 apricot v\u1edbi v\u1ecb tr\u00e1i c\u00e2y ch\u00edn d\u1ecbu nh\u1eb9. H\u01b0\u01a1ng caramel xu\u1ea5t hi\u1ec7n sau \u0111\u00f3, t\u1ea1o n\u00ean h\u1eadu v\u1ecb ng\u1ecdt s\u00e2u v\u00e0 d\u1ec5 ch\u1ecbu. B\u00ean c\u1ea1nh \u0111\u00f3, sugarcane mang l\u1ea1i v\u1ecb ng\u1ecdt thanh t\u1ef1 nhi\u00ean. T\u1ed5ng th\u1ec3 tr\u1edf n\u00ean h\u00e0i h\u00f2a v\u00e0 c\u00e2n b\u1eb1ng h\u01a1n.<\/p>\n<h2 data-section-id=\"u74r23\" data-start=\"853\" data-end=\"905\"><span role=\"text\"><strong data-start=\"856\" data-end=\"905\">Gi\u00e1 tr\u1ecb \u0111\u1ebfn t\u1eeb ph\u01b0\u01a1ng ph\u00e1p s\u01a1 ch\u1ebf v\u00e0 rang xay<\/strong><\/span><\/h2>\n<p data-start=\"907\" data-end=\"1039\">C\u00e0 ph\u00ea \u0111\u01b0\u1ee3c s\u01a1 ch\u1ebf theo ph\u01b0\u01a1ng ph\u00e1p washed. C\u00e1ch n\u00e0y gi\u00fap lo\u1ea1i b\u1ecf t\u1ea1p ch\u1ea5t hi\u1ec7u qu\u1ea3. \u0110\u1ed3ng th\u1eddi, n\u00f3 l\u00e0m n\u1ed5i b\u1eadt \u0111\u1ed9 s\u1ea1ch c\u1ee7a h\u01b0\u01a1ng v\u1ecb.<\/p>\n<p data-start=\"1041\" data-end=\"1190\">M\u1ee9c rang light roast gi\u00fap gi\u1eef tr\u1ecdn t\u1ea7ng h\u01b0\u01a1ng t\u1ef1 nhi\u00ean. Nh\u1edd v\u1eady, c\u00e0 ph\u00ea c\u00f3 \u0111\u1ed9 chua s\u00e1ng r\u00f5 r\u00e0ng. H\u1eadu v\u1ecb ng\u1ecdt v\u00e0 c\u1ea3m gi\u00e1c thanh nh\u1eb9 c\u0169ng \u0111\u01b0\u1ee3c gi\u1eef l\u1ea1i.<\/p>\n<h2 data-section-id=\"s95v27\" data-start=\"1197\" data-end=\"1259\"><span role=\"text\"><strong data-start=\"1200\" data-end=\"1259\">Tr\u1ea3i nghi\u1ec7m ph\u00f9 h\u1ee3p v\u1edbi phong c\u00e1ch th\u01b0\u1edfng th\u1ee9c hi\u1ec7n \u0111\u1ea1i<\/strong><\/span><\/h2>\n<p data-start=\"1261\" data-end=\"1408\">C\u00e0 ph\u00ea Arabica S\u01a1n La ph\u00f9 h\u1ee3p v\u1edbi ng\u01b0\u1eddi th\u00edch phong c\u00e1ch nh\u1eb9 nh\u00e0ng. H\u01b0\u01a1ng v\u1ecb tinh t\u1ebf v\u00e0 d\u1ec5 u\u1ed1ng. Tuy kh\u00f4ng \u0111\u1eadm m\u1ea1nh, nh\u01b0ng v\u1eabn c\u00f3 chi\u1ec1u s\u00e2u r\u00f5 r\u1ec7t.<\/p>\n","protected":false},"excerpt":{"rendered":"<p><strong>C\u00e0 ph\u00ea \u0111\u1eb7c s\u1ea3n Arabica S\u01a1n La, Vi\u1ec7t Nam\u00a0<\/strong><\/p>\n<p>&#8211; V\u00f9ng tr\u1ed3ng: Chi\u1ec1ng Chung, S\u01a1n La, Vi\u1ec7t Nam<\/p>\n<p>&#8211; Gi\u1ed1ng: Catimor<\/p>\n<p>&#8211; \u0110\u1ed9 cao: 950 masl<\/p>\n<p>&#8211; S\u01a1 ch\u1ebf: Washed<\/p>\n<p>&#8211; H\u01b0\u01a1ng v\u1ecb: Lime, apricot, caramel, sugarcane, tea-like<\/p>\n<p>&#8211; C\u1ee1 rang: Light roast<br \/>\nNg\u00e0y s\u1ea3n xu\u1ea5t \/ ng\u00e0y rang: In tr\u00ean bao b\u00ec<\/p>\n","protected":false},"featured_media":414,"comment_status":"open","ping_status":"closed","template":"","meta":[],"product_brand":[],"product_cat":[35],"product_tag":[],"class_list":{"0":"post-413","1":"product","2":"type-product","3":"status-publish","4":"has-post-thumbnail","6":"product_cat-vietnamesecoffee","8":"first","9":"instock","10":"shipping-taxable","11":"purchasable","12":"product-type-variable"},"yoast_head":"<!-- This site is optimized with the Yoast SEO plugin v27.1.1 - https:\/\/yoast.com\/product\/yoast-seo-wordpress\/ -->\n<title>C\u00e0 ph\u00ea Arabica S\u01a1n La \u2013 H\u01b0\u01a1ng v\u1ecb \u0111\u1eb7c s\u1ea3n light roast tinh t\u1ebf - Vietnamesecoffee<\/title>\n<meta name=\"description\" content=\"C\u00e0 ph\u00ea Arabica S\u01a1n La v\u1edbi h\u01b0\u01a1ng v\u1ecb lime, apricot, caramel v\u00e0 h\u1eadu v\u1ecb tea-like thanh nh\u1eb9. Rang light roast, chu\u1ea9n c\u00e0 ph\u00ea \u0111\u1eb7c s\u1ea3n Vi\u1ec7t Nam.\" \/>\n<meta name=\"robots\" content=\"index, follow, max-snippet:-1, max-image-preview:large, max-video-preview:-1\" \/>\n<link rel=\"canonical\" href=\"https:\/\/chocobakery.azdigi.shop\/index.php\/san-pham\/ca-phe-dac-san-arabica-son-la\/\" \/>\n<meta property=\"og:locale\" content=\"vi_VN\" \/>\n<meta property=\"og:type\" content=\"article\" \/>\n<meta property=\"og:title\" content=\"C\u00e0 ph\u00ea Arabica S\u01a1n La \u2013 H\u01b0\u01a1ng v\u1ecb \u0111\u1eb7c s\u1ea3n light roast tinh t\u1ebf - Vietnamesecoffee\" \/>\n<meta property=\"og:description\" content=\"C\u00e0 ph\u00ea Arabica S\u01a1n La v\u1edbi h\u01b0\u01a1ng v\u1ecb lime, apricot, caramel v\u00e0 h\u1eadu v\u1ecb tea-like thanh nh\u1eb9. Rang light roast, chu\u1ea9n c\u00e0 ph\u00ea \u0111\u1eb7c s\u1ea3n Vi\u1ec7t Nam.\" \/>\n<meta property=\"og:url\" content=\"https:\/\/chocobakery.azdigi.shop\/index.php\/san-pham\/ca-phe-dac-san-arabica-son-la\/\" \/>\n<meta property=\"og:site_name\" content=\"Vietnamesecoffee\" \/>\n<meta property=\"article:modified_time\" content=\"2026-04-17T23:10:20+00:00\" \/>\n<meta property=\"og:image\" content=\"https:\/\/chocobakery.azdigi.shop\/wp-content\/uploads\/2026\/04\/arabica-sonla.jpg\" \/>\n\t<meta property=\"og:image:width\" content=\"2048\" \/>\n\t<meta property=\"og:image:height\" content=\"2048\" \/>\n\t<meta property=\"og:image:type\" content=\"image\/jpeg\" \/>\n<meta name=\"twitter:card\" content=\"summary_large_image\" \/>\n<meta name=\"twitter:label1\" content=\"\u01af\u1edbc t\u00ednh th\u1eddi gian \u0111\u1ecdc\" \/>\n\t<meta name=\"twitter:data1\" content=\"2 ph\u00fat\" \/>\n<script type=\"application\/ld+json\" class=\"yoast-schema-graph\">{\"@context\":\"https:\/\/schema.org\",\"@graph\":[{\"@type\":\"WebPage\",\"@id\":\"https:\/\/chocobakery.azdigi.shop\/index.php\/san-pham\/ca-phe-dac-san-arabica-son-la\/\",\"url\":\"https:\/\/chocobakery.azdigi.shop\/index.php\/san-pham\/ca-phe-dac-san-arabica-son-la\/\",\"name\":\"C\u00e0 ph\u00ea Arabica S\u01a1n La \u2013 H\u01b0\u01a1ng v\u1ecb \u0111\u1eb7c s\u1ea3n light roast tinh t\u1ebf - Vietnamesecoffee\",\"isPartOf\":{\"@id\":\"https:\/\/chocobakery.azdigi.shop\/#website\"},\"primaryImageOfPage\":{\"@id\":\"https:\/\/chocobakery.azdigi.shop\/index.php\/san-pham\/ca-phe-dac-san-arabica-son-la\/#primaryimage\"},\"image\":{\"@id\":\"https:\/\/chocobakery.azdigi.shop\/index.php\/san-pham\/ca-phe-dac-san-arabica-son-la\/#primaryimage\"},\"thumbnailUrl\":\"https:\/\/chocobakery.azdigi.shop\/wp-content\/uploads\/2026\/04\/arabica-sonla.jpg\",\"datePublished\":\"2026-04-17T15:58:31+00:00\",\"dateModified\":\"2026-04-17T23:10:20+00:00\",\"description\":\"C\u00e0 ph\u00ea Arabica S\u01a1n La v\u1edbi h\u01b0\u01a1ng v\u1ecb lime, apricot, caramel v\u00e0 h\u1eadu v\u1ecb tea-like thanh nh\u1eb9. Rang light roast, chu\u1ea9n c\u00e0 ph\u00ea \u0111\u1eb7c s\u1ea3n Vi\u1ec7t Nam.\",\"breadcrumb\":{\"@id\":\"https:\/\/chocobakery.azdigi.shop\/index.php\/san-pham\/ca-phe-dac-san-arabica-son-la\/#breadcrumb\"},\"inLanguage\":\"vi\",\"potentialAction\":[{\"@type\":\"ReadAction\",\"target\":[\"https:\/\/chocobakery.azdigi.shop\/index.php\/san-pham\/ca-phe-dac-san-arabica-son-la\/\"]}]},{\"@type\":\"ImageObject\",\"inLanguage\":\"vi\",\"@id\":\"https:\/\/chocobakery.azdigi.shop\/index.php\/san-pham\/ca-phe-dac-san-arabica-son-la\/#primaryimage\",\"url\":\"https:\/\/chocobakery.azdigi.shop\/wp-content\/uploads\/2026\/04\/arabica-sonla.jpg\",\"contentUrl\":\"https:\/\/chocobakery.azdigi.shop\/wp-content\/uploads\/2026\/04\/arabica-sonla.jpg\",\"width\":2048,\"height\":2048},{\"@type\":\"BreadcrumbList\",\"@id\":\"https:\/\/chocobakery.azdigi.shop\/index.php\/san-pham\/ca-phe-dac-san-arabica-son-la\/#breadcrumb\",\"itemListElement\":[{\"@type\":\"ListItem\",\"position\":1,\"name\":\"Trang ch\u1ee7\",\"item\":\"https:\/\/chocobakery.azdigi.shop\/\"},{\"@type\":\"ListItem\",\"position\":2,\"name\":\"C\u1eeda h\u00e0ng\",\"item\":\"https:\/\/chocobakery.azdigi.shop\/?page_id=212\"},{\"@type\":\"ListItem\",\"position\":3,\"name\":\"C\u00e0 ph\u00ea \u0111\u1eb7c s\u1ea3n Arabica S\u01a1n La\"}]},{\"@type\":\"WebSite\",\"@id\":\"https:\/\/chocobakery.azdigi.shop\/#website\",\"url\":\"https:\/\/chocobakery.azdigi.shop\/\",\"name\":\"Vietnamesecoffee\",\"description\":\"\",\"potentialAction\":[{\"@type\":\"SearchAction\",\"target\":{\"@type\":\"EntryPoint\",\"urlTemplate\":\"https:\/\/chocobakery.azdigi.shop\/?s={search_term_string}\"},\"query-input\":{\"@type\":\"PropertyValueSpecification\",\"valueRequired\":true,\"valueName\":\"search_term_string\"}}],\"inLanguage\":\"vi\"}]}<\/script>\n<!-- \/ Yoast SEO plugin. -->","yoast_head_json":{"title":"C\u00e0 ph\u00ea Arabica S\u01a1n La \u2013 H\u01b0\u01a1ng v\u1ecb \u0111\u1eb7c s\u1ea3n light roast tinh t\u1ebf - Vietnamesecoffee","description":"C\u00e0 ph\u00ea Arabica S\u01a1n La v\u1edbi h\u01b0\u01a1ng v\u1ecb lime, apricot, caramel v\u00e0 h\u1eadu v\u1ecb tea-like thanh nh\u1eb9. Rang light roast, chu\u1ea9n c\u00e0 ph\u00ea \u0111\u1eb7c s\u1ea3n Vi\u1ec7t Nam.","robots":{"index":"index","follow":"follow","max-snippet":"max-snippet:-1","max-image-preview":"max-image-preview:large","max-video-preview":"max-video-preview:-1"},"canonical":"https:\/\/chocobakery.azdigi.shop\/index.php\/san-pham\/ca-phe-dac-san-arabica-son-la\/","og_locale":"vi_VN","og_type":"article","og_title":"C\u00e0 ph\u00ea Arabica S\u01a1n La \u2013 H\u01b0\u01a1ng v\u1ecb \u0111\u1eb7c s\u1ea3n light roast tinh t\u1ebf - Vietnamesecoffee","og_description":"C\u00e0 ph\u00ea Arabica S\u01a1n La v\u1edbi h\u01b0\u01a1ng v\u1ecb lime, apricot, caramel v\u00e0 h\u1eadu v\u1ecb tea-like thanh nh\u1eb9. Rang light roast, chu\u1ea9n c\u00e0 ph\u00ea \u0111\u1eb7c s\u1ea3n Vi\u1ec7t Nam.","og_url":"https:\/\/chocobakery.azdigi.shop\/index.php\/san-pham\/ca-phe-dac-san-arabica-son-la\/","og_site_name":"Vietnamesecoffee","article_modified_time":"2026-04-17T23:10:20+00:00","og_image":[{"width":2048,"height":2048,"url":"https:\/\/chocobakery.azdigi.shop\/wp-content\/uploads\/2026\/04\/arabica-sonla.jpg","type":"image\/jpeg"}],"twitter_card":"summary_large_image","twitter_misc":{"\u01af\u1edbc t\u00ednh th\u1eddi gian \u0111\u1ecdc":"2 ph\u00fat"},"schema":{"@context":"https:\/\/schema.org","@graph":[{"@type":"WebPage","@id":"https:\/\/chocobakery.azdigi.shop\/index.php\/san-pham\/ca-phe-dac-san-arabica-son-la\/","url":"https:\/\/chocobakery.azdigi.shop\/index.php\/san-pham\/ca-phe-dac-san-arabica-son-la\/","name":"C\u00e0 ph\u00ea Arabica S\u01a1n La \u2013 H\u01b0\u01a1ng v\u1ecb \u0111\u1eb7c s\u1ea3n light roast tinh t\u1ebf - Vietnamesecoffee","isPartOf":{"@id":"https:\/\/chocobakery.azdigi.shop\/#website"},"primaryImageOfPage":{"@id":"https:\/\/chocobakery.azdigi.shop\/index.php\/san-pham\/ca-phe-dac-san-arabica-son-la\/#primaryimage"},"image":{"@id":"https:\/\/chocobakery.azdigi.shop\/index.php\/san-pham\/ca-phe-dac-san-arabica-son-la\/#primaryimage"},"thumbnailUrl":"https:\/\/chocobakery.azdigi.shop\/wp-content\/uploads\/2026\/04\/arabica-sonla.jpg","datePublished":"2026-04-17T15:58:31+00:00","dateModified":"2026-04-17T23:10:20+00:00","description":"C\u00e0 ph\u00ea Arabica S\u01a1n La v\u1edbi h\u01b0\u01a1ng v\u1ecb lime, apricot, caramel v\u00e0 h\u1eadu v\u1ecb tea-like thanh nh\u1eb9. Rang light roast, chu\u1ea9n c\u00e0 ph\u00ea \u0111\u1eb7c s\u1ea3n Vi\u1ec7t Nam.","breadcrumb":{"@id":"https:\/\/chocobakery.azdigi.shop\/index.php\/san-pham\/ca-phe-dac-san-arabica-son-la\/#breadcrumb"},"inLanguage":"vi","potentialAction":[{"@type":"ReadAction","target":["https:\/\/chocobakery.azdigi.shop\/index.php\/san-pham\/ca-phe-dac-san-arabica-son-la\/"]}]},{"@type":"ImageObject","inLanguage":"vi","@id":"https:\/\/chocobakery.azdigi.shop\/index.php\/san-pham\/ca-phe-dac-san-arabica-son-la\/#primaryimage","url":"https:\/\/chocobakery.azdigi.shop\/wp-content\/uploads\/2026\/04\/arabica-sonla.jpg","contentUrl":"https:\/\/chocobakery.azdigi.shop\/wp-content\/uploads\/2026\/04\/arabica-sonla.jpg","width":2048,"height":2048},{"@type":"BreadcrumbList","@id":"https:\/\/chocobakery.azdigi.shop\/index.php\/san-pham\/ca-phe-dac-san-arabica-son-la\/#breadcrumb","itemListElement":[{"@type":"ListItem","position":1,"name":"Trang ch\u1ee7","item":"https:\/\/chocobakery.azdigi.shop\/"},{"@type":"ListItem","position":2,"name":"C\u1eeda h\u00e0ng","item":"https:\/\/chocobakery.azdigi.shop\/?page_id=212"},{"@type":"ListItem","position":3,"name":"C\u00e0 ph\u00ea \u0111\u1eb7c s\u1ea3n Arabica S\u01a1n La"}]},{"@type":"WebSite","@id":"https:\/\/chocobakery.azdigi.shop\/#website","url":"https:\/\/chocobakery.azdigi.shop\/","name":"Vietnamesecoffee","description":"","potentialAction":[{"@type":"SearchAction","target":{"@type":"EntryPoint","urlTemplate":"https:\/\/chocobakery.azdigi.shop\/?s={search_term_string}"},"query-input":{"@type":"PropertyValueSpecification","valueRequired":true,"valueName":"search_term_string"}}],"inLanguage":"vi"}]}},"_links":{"self":[{"href":"https:\/\/chocobakery.azdigi.shop\/index.php?rest_route=\/wp\/v2\/product\/413","targetHints":{"allow":["GET"]}}],"collection":[{"href":"https:\/\/chocobakery.azdigi.shop\/index.php?rest_route=\/wp\/v2\/product"}],"about":[{"href":"https:\/\/chocobakery.azdigi.shop\/index.php?rest_route=\/wp\/v2\/types\/product"}],"replies":[{"embeddable":true,"href":"https:\/\/chocobakery.azdigi.shop\/index.php?rest_route=%2Fwp%2Fv2%2Fcomments&post=413"}],"wp:featuredmedia":[{"embeddable":true,"href":"https:\/\/chocobakery.azdigi.shop\/index.php?rest_route=\/wp\/v2\/media\/414"}],"wp:attachment":[{"href":"https:\/\/chocobakery.azdigi.shop\/index.php?rest_route=%2Fwp%2Fv2%2Fmedia&parent=413"}],"wp:term":[{"taxonomy":"product_brand","embeddable":true,"href":"https:\/\/chocobakery.azdigi.shop\/index.php?rest_route=%2Fwp%2Fv2%2Fproduct_brand&post=413"},{"taxonomy":"product_cat","embeddable":true,"href":"https:\/\/chocobakery.azdigi.shop\/index.php?rest_route=%2Fwp%2Fv2%2Fproduct_cat&post=413"},{"taxonomy":"product_tag","embeddable":true,"href":"https:\/\/chocobakery.azdigi.shop\/index.php?rest_route=%2Fwp%2Fv2%2Fproduct_tag&post=413"}],"curies":[{"name":"wp","href":"https:\/\/api.w.org\/{rel}","templated":true}]}}