{"id":352,"date":"2026-04-17T06:50:11","date_gmt":"2026-04-17T06:50:11","guid":{"rendered":"https:\/\/chocobakery.azdigi.shop\/?post_type=product&#038;p=352"},"modified":"2026-04-17T13:10:17","modified_gmt":"2026-04-17T13:10:17","slug":"ca-phe-robusta-cu-mgar","status":"publish","type":"product","link":"https:\/\/chocobakery.azdigi.shop\/?product=ca-phe-robusta-cu-mgar","title":{"rendered":"STRONG ROBUSTA"},"content":{"rendered":"<p data-start=\"117\" data-end=\"356\">C\u00e0 ph\u00ea Robusta C\u01b0 M\u2019gar l\u00e0 d\u00f2ng c\u00e0 ph\u00ea \u0111\u1eb7c tr\u01b0ng c\u1ee7a Vi\u1ec7t Nam, \u0111\u01b0\u1ee3c tr\u1ed3ng t\u1ea1i huy\u1ec7n C\u01b0 M\u2019gar, t\u1ec9nh \u0110\u1eafk L\u1eafk. C\u00e0 ph\u00ea Robusta C\u01b0 M\u2019gar n\u1ed5i b\u1eadt v\u1edbi h\u01b0\u01a1ng v\u1ecb \u0111\u1eadm, th\u1ec3 ch\u1ea5t d\u00e0y v\u00e0 h\u1eadu v\u1ecb ng\u1ecdt nh\u1eb9, r\u1ea5t h\u1ee3p v\u1edbi nh\u1eefng ng\u01b0\u1eddi th\u00edch c\u00e0 ph\u00ea m\u1ea1nh.<\/p>\n<h1 data-start=\"358\" data-end=\"628\"><strong>V\u00f9ng tr\u1ed3ng C\u01b0 M\u2019gar<\/strong><\/h1>\n<p data-start=\"358\" data-end=\"628\">V\u00f9ng C\u01b0 M\u2019gar c\u00f3 \u0111\u1ea5t \u0111\u1ecf bazan m\u00e0u m\u1ee1, \u0111\u01b0\u1ee3c h\u00ecnh th\u00e0nh t\u1eeb ho\u1ea1t \u0111\u1ed9ng n\u00fai l\u1eeda t\u1eeb r\u1ea5t l\u00e2u. Nh\u1edd v\u1eady, c\u00e2y c\u00e0 ph\u00ea ph\u00e1t tri\u1ec3n t\u1ed1t v\u00e0 cho h\u1ea1t ch\u1ea5t l\u01b0\u1ee3ng cao. Khu v\u1ef1c n\u00e0y n\u1eb1m \u1edf \u0111\u1ed9 cao kho\u1ea3ng 600 \u0111\u1ebfn 800m, kh\u00ed h\u1eadu m\u00e1t m\u1ebb, gi\u00fap h\u1ea1t c\u00e0 ph\u00ea ch\u00edn ch\u1eadm v\u00e0 gi\u1eef \u0111\u01b0\u1ee3c nhi\u1ec1u h\u01b0\u01a1ng v\u1ecb h\u01a1n.<\/p>\n<h1 data-start=\"716\" data-end=\"746\"><strong data-start=\"716\" data-end=\"744\">Gi\u1ed1ng c\u00e0 ph\u00ea v\u00e0 canh t\u00e1c<\/strong><\/h1>\n<p data-start=\"630\" data-end=\"928\">S\u1ea3n ph\u1ea9m n\u00e0y \u0111\u01b0\u1ee3c ch\u1ecdn t\u1eeb hai gi\u1ed1ng ch\u00ednh l\u00e0 c\u00e0 ph\u00ea s\u1ebb truy\u1ec1n th\u1ed1ng v\u00e0 TR4. S\u1ef1 k\u1ebft h\u1ee3p n\u00e0y gi\u00fap c\u00e0 ph\u00ea v\u1eeba gi\u1eef \u0111\u01b0\u1ee3c v\u1ecb \u0111\u1eadm quen thu\u1ed9c, v\u1eeba \u1ed5n \u0111\u1ecbnh v\u1ec1 ch\u1ea5t l\u01b0\u1ee3ng. Qu\u00e1 tr\u00ecnh tr\u1ed3ng \u0111\u01b0\u1ee3c \u0111\u1ecbnh h\u01b0\u1edbng theo h\u01b0\u1edbng h\u1eefu c\u01a1, h\u1ea1n ch\u1ebf d\u00f9ng h\u00f3a ch\u1ea5t \u0111\u1ec3 \u0111\u1ea3m b\u1ea3o t\u1ef1 nhi\u00ean v\u00e0 an to\u00e0n.<\/p>\n<h1 data-start=\"630\" data-end=\"928\"><strong>Ph\u01b0\u01a1ng ph\u00e1p ch\u1ebf bi\u1ebfn<\/strong><\/h1>\n<p data-start=\"930\" data-end=\"1163\">Sau khi thu ho\u1ea1ch, c\u00e0 ph\u00ea \u0111\u01b0\u1ee3c ch\u1ebf bi\u1ebfn theo ph\u01b0\u01a1ng ph\u00e1p t\u1ef1 nhi\u00ean. H\u1ea1t c\u00e0 ph\u00ea \u0111\u01b0\u1ee3c ph\u01a1i tr\u1ef1c ti\u1ebfp d\u01b0\u1edbi \u00e1nh n\u1eafng, gi\u00fap gi\u1eef l\u1ea1i h\u01b0\u01a1ng v\u1ecb nguy\u00ean b\u1ea3n. \u0110\u00e2y l\u00e0 c\u00e1ch l\u00e0m truy\u1ec1n th\u1ed1ng nh\u01b0ng r\u1ea5t hi\u1ec7u qu\u1ea3 trong vi\u1ec7c t\u1ea1o ra c\u00e0 ph\u00ea \u0111\u1eadm v\u00e0 d\u00e0y.<\/p>\n<h1 data-start=\"930\" data-end=\"1163\"><strong>H\u01b0\u01a1ng v\u1ecb c\u00e0 ph\u00ea Robusta C\u01b0 M\u2019gar<\/strong><\/h1>\n<p data-start=\"1165\" data-end=\"1394\">C\u00e0 ph\u00ea \u0111\u01b0\u1ee3c rang \u1edf m\u1ee9c medium \u0111\u1ebfn dark, n\u00ean khi u\u1ed1ng s\u1ebd c\u00f3 v\u1ecb \u0111\u1eafng r\u00f5. B\u00ean c\u1ea1nh \u0111\u00f3 l\u00e0 h\u01b0\u01a1ng s\u00f4 c\u00f4 la \u0111en v\u00e0 caramel, k\u00e8m theo m\u1ed9t ch\u00fat m\u00f9i g\u1ed7 v\u00e0 kh\u00f3i nh\u1eb9. Khi u\u1ed1ng, b\u1ea1n s\u1ebd c\u1ea3m nh\u1eadn \u0111\u01b0\u1ee3c \u0111\u1ed9 d\u00e0y r\u00f5 r\u1ec7t v\u00e0 h\u1eadu v\u1ecb ng\u1ecdt nh\u1eb9 k\u00e9o d\u00e0i.<\/p>\n<h1 data-start=\"1529\" data-end=\"1551\"><strong data-start=\"1529\" data-end=\"1549\">C\u00e1ch pha ph\u00f9 h\u1ee3p<\/strong><\/h1>\n<p data-start=\"1396\" data-end=\"1563\">C\u00e0 ph\u00ea Robusta C\u01b0 M\u2019gar r\u1ea5t ph\u00f9 h\u1ee3p \u0111\u1ec3 pha phin, Staresso ho\u1eb7c Bialetti. B\u1ea1n c\u00f3 th\u1ec3 u\u1ed1ng \u0111en \u0111\u1ec3 c\u1ea3m nh\u1eadn r\u00f5 v\u1ecb, ho\u1eb7c pha v\u1edbi s\u1eefa \u0111\u1eb7c n\u1ebfu th\u00edch v\u1ecb b\u00e9o v\u00e0 d\u1ec5 u\u1ed1ng h\u01a1n.<\/p>\n","protected":false},"excerpt":{"rendered":"<ul>\n<li><strong>Vu\u0300ng:<\/strong>\u00a0C\u01b0 Mgar &#8211; \u0110\u0103\u0301k L\u0103\u0301k<\/li>\n<li><strong>Gi\u00f4\u0301ng ca\u0300 ph\u00ea:\u00a0<\/strong>Ro se\u0309 | TR4<\/li>\n<li><strong>\u0110\u00f4\u0323 cao:<\/strong>\u00a0600-800m<\/li>\n<li><strong>Canh t\u00e1c:<\/strong>\u00a0H\u01b0\u01a1\u0301ng h\u01b0\u0303u c\u01a1<\/li>\n<li><strong>Ch\u00ea\u0301 bi\u00ea\u0301n:<\/strong>\u00a0T\u01b0\u0323 nhi\u00ean (Natural)\\<\/li>\n<li><strong>M\u1ee9c rang:<\/strong>\u00a0Medium &#8211; Dark th\u00edch h\u1ee3p gu m\u1ea1nh ho\u1eb7c u\u1ed1ng v\u1edbi s\u1eefa \u0111\u1eb7c<\/li>\n<li><strong>Nha\u0300 rang:<\/strong>\u00a0C.O.C Roasters<\/li>\n<li><strong>Thi\u0301ch h\u01a1\u0323p:<\/strong>\u00a0Phin, Staresso, Bialetti (Moka Pot\/Brikka)<\/li>\n<\/ul>\n","protected":false},"featured_media":364,"comment_status":"open","ping_status":"closed","template":"","meta":[],"product_brand":[],"product_cat":[35],"product_tag":[],"class_list":{"0":"post-352","1":"product","2":"type-product","3":"status-publish","4":"has-post-thumbnail","6":"product_cat-vietnamesecoffee","8":"first","9":"instock","10":"shipping-taxable","11":"purchasable","12":"product-type-variable"},"yoast_head":"<!-- This site is optimized with the Yoast SEO plugin v27.1.1 - https:\/\/yoast.com\/product\/yoast-seo-wordpress\/ -->\n<title>C\u00e0 ph\u00ea Robusta C\u01b0 M\u2019gar \u2013 H\u01b0\u01a1ng v\u1ecb \u0111\u1eadm \u0111\u00e0 t\u1eeb \u0110\u1eafk L\u1eafk- Vietnamesecoffee<\/title>\n<meta name=\"description\" content=\"C\u00e0 ph\u00ea Robusta C\u01b0 M\u2019gar \u0110\u1eafk L\u1eafk n\u1ed5i b\u1eadt v\u1edbi h\u01b0\u01a1ng v\u1ecb \u0111\u1eadm \u0111\u00e0, h\u1eadu ng\u1ecdt, tr\u1ed3ng tr\u00ean \u0111\u1ea5t bazan n\u00fai l\u1eeda, ph\u00f9 h\u1ee3p pha phin v\u00e0 espresso\" \/>\n<meta name=\"robots\" content=\"index, follow, max-snippet:-1, max-image-preview:large, max-video-preview:-1\" \/>\n<link rel=\"canonical\" href=\"https:\/\/chocobakery.azdigi.shop\/index.php\/san-pham\/ca-phe-robusta-cu-mgar\/\" \/>\n<meta property=\"og:locale\" content=\"vi_VN\" \/>\n<meta property=\"og:type\" content=\"article\" \/>\n<meta property=\"og:title\" content=\"C\u00e0 ph\u00ea Robusta C\u01b0 M\u2019gar \u2013 H\u01b0\u01a1ng v\u1ecb \u0111\u1eadm \u0111\u00e0 t\u1eeb \u0110\u1eafk L\u1eafk- Vietnamesecoffee\" \/>\n<meta property=\"og:description\" content=\"C\u00e0 ph\u00ea Robusta C\u01b0 M\u2019gar \u0110\u1eafk L\u1eafk n\u1ed5i b\u1eadt v\u1edbi h\u01b0\u01a1ng v\u1ecb \u0111\u1eadm \u0111\u00e0, h\u1eadu ng\u1ecdt, tr\u1ed3ng tr\u00ean \u0111\u1ea5t bazan n\u00fai l\u1eeda, ph\u00f9 h\u1ee3p pha phin v\u00e0 espresso\" \/>\n<meta property=\"og:url\" content=\"https:\/\/chocobakery.azdigi.shop\/index.php\/san-pham\/ca-phe-robusta-cu-mgar\/\" \/>\n<meta property=\"og:site_name\" content=\"Vietnamesecoffee\" \/>\n<meta property=\"article:modified_time\" content=\"2026-04-17T13:10:17+00:00\" \/>\n<meta property=\"og:image\" content=\"https:\/\/chocobakery.azdigi.shop\/wp-content\/uploads\/2026\/04\/4625502c-b47e-400c-bb75-9fa865f87cdf.png\" \/>\n\t<meta property=\"og:image:width\" content=\"1024\" \/>\n\t<meta property=\"og:image:height\" content=\"1024\" \/>\n\t<meta property=\"og:image:type\" content=\"image\/png\" \/>\n<meta name=\"twitter:card\" content=\"summary_large_image\" \/>\n<meta name=\"twitter:label1\" content=\"\u01af\u1edbc t\u00ednh th\u1eddi gian \u0111\u1ecdc\" \/>\n\t<meta name=\"twitter:data1\" content=\"3 ph\u00fat\" \/>\n<script type=\"application\/ld+json\" class=\"yoast-schema-graph\">{\"@context\":\"https:\/\/schema.org\",\"@graph\":[{\"@type\":\"WebPage\",\"@id\":\"https:\/\/chocobakery.azdigi.shop\/index.php\/san-pham\/ca-phe-robusta-cu-mgar\/\",\"url\":\"https:\/\/chocobakery.azdigi.shop\/index.php\/san-pham\/ca-phe-robusta-cu-mgar\/\",\"name\":\"C\u00e0 ph\u00ea Robusta C\u01b0 M\u2019gar \u2013 H\u01b0\u01a1ng v\u1ecb \u0111\u1eadm \u0111\u00e0 t\u1eeb \u0110\u1eafk L\u1eafk- Vietnamesecoffee\",\"isPartOf\":{\"@id\":\"https:\/\/chocobakery.azdigi.shop\/#website\"},\"primaryImageOfPage\":{\"@id\":\"https:\/\/chocobakery.azdigi.shop\/index.php\/san-pham\/ca-phe-robusta-cu-mgar\/#primaryimage\"},\"image\":{\"@id\":\"https:\/\/chocobakery.azdigi.shop\/index.php\/san-pham\/ca-phe-robusta-cu-mgar\/#primaryimage\"},\"thumbnailUrl\":\"https:\/\/chocobakery.azdigi.shop\/wp-content\/uploads\/2026\/04\/4625502c-b47e-400c-bb75-9fa865f87cdf.png\",\"datePublished\":\"2026-04-17T06:50:11+00:00\",\"dateModified\":\"2026-04-17T13:10:17+00:00\",\"description\":\"C\u00e0 ph\u00ea Robusta C\u01b0 M\u2019gar \u0110\u1eafk L\u1eafk n\u1ed5i b\u1eadt v\u1edbi h\u01b0\u01a1ng v\u1ecb \u0111\u1eadm \u0111\u00e0, h\u1eadu ng\u1ecdt, tr\u1ed3ng tr\u00ean \u0111\u1ea5t bazan n\u00fai l\u1eeda, ph\u00f9 h\u1ee3p pha phin v\u00e0 espresso\",\"breadcrumb\":{\"@id\":\"https:\/\/chocobakery.azdigi.shop\/index.php\/san-pham\/ca-phe-robusta-cu-mgar\/#breadcrumb\"},\"inLanguage\":\"vi\",\"potentialAction\":[{\"@type\":\"ReadAction\",\"target\":[\"https:\/\/chocobakery.azdigi.shop\/index.php\/san-pham\/ca-phe-robusta-cu-mgar\/\"]}]},{\"@type\":\"ImageObject\",\"inLanguage\":\"vi\",\"@id\":\"https:\/\/chocobakery.azdigi.shop\/index.php\/san-pham\/ca-phe-robusta-cu-mgar\/#primaryimage\",\"url\":\"https:\/\/chocobakery.azdigi.shop\/wp-content\/uploads\/2026\/04\/4625502c-b47e-400c-bb75-9fa865f87cdf.png\",\"contentUrl\":\"https:\/\/chocobakery.azdigi.shop\/wp-content\/uploads\/2026\/04\/4625502c-b47e-400c-bb75-9fa865f87cdf.png\",\"width\":1024,\"height\":1024},{\"@type\":\"BreadcrumbList\",\"@id\":\"https:\/\/chocobakery.azdigi.shop\/index.php\/san-pham\/ca-phe-robusta-cu-mgar\/#breadcrumb\",\"itemListElement\":[{\"@type\":\"ListItem\",\"position\":1,\"name\":\"Trang ch\u1ee7\",\"item\":\"https:\/\/chocobakery.azdigi.shop\/\"},{\"@type\":\"ListItem\",\"position\":2,\"name\":\"C\u1eeda h\u00e0ng\",\"item\":\"https:\/\/chocobakery.azdigi.shop\/?page_id=212\"},{\"@type\":\"ListItem\",\"position\":3,\"name\":\"STRONG ROBUSTA\"}]},{\"@type\":\"WebSite\",\"@id\":\"https:\/\/chocobakery.azdigi.shop\/#website\",\"url\":\"https:\/\/chocobakery.azdigi.shop\/\",\"name\":\"Vietnamesecoffee\",\"description\":\"\",\"potentialAction\":[{\"@type\":\"SearchAction\",\"target\":{\"@type\":\"EntryPoint\",\"urlTemplate\":\"https:\/\/chocobakery.azdigi.shop\/?s={search_term_string}\"},\"query-input\":{\"@type\":\"PropertyValueSpecification\",\"valueRequired\":true,\"valueName\":\"search_term_string\"}}],\"inLanguage\":\"vi\"}]}<\/script>\n<!-- \/ Yoast SEO plugin. -->","yoast_head_json":{"title":"C\u00e0 ph\u00ea Robusta C\u01b0 M\u2019gar \u2013 H\u01b0\u01a1ng v\u1ecb \u0111\u1eadm \u0111\u00e0 t\u1eeb \u0110\u1eafk L\u1eafk- Vietnamesecoffee","description":"C\u00e0 ph\u00ea Robusta C\u01b0 M\u2019gar \u0110\u1eafk L\u1eafk n\u1ed5i b\u1eadt v\u1edbi h\u01b0\u01a1ng v\u1ecb \u0111\u1eadm \u0111\u00e0, h\u1eadu ng\u1ecdt, tr\u1ed3ng tr\u00ean \u0111\u1ea5t bazan n\u00fai l\u1eeda, ph\u00f9 h\u1ee3p pha phin v\u00e0 espresso","robots":{"index":"index","follow":"follow","max-snippet":"max-snippet:-1","max-image-preview":"max-image-preview:large","max-video-preview":"max-video-preview:-1"},"canonical":"https:\/\/chocobakery.azdigi.shop\/index.php\/san-pham\/ca-phe-robusta-cu-mgar\/","og_locale":"vi_VN","og_type":"article","og_title":"C\u00e0 ph\u00ea Robusta C\u01b0 M\u2019gar \u2013 H\u01b0\u01a1ng v\u1ecb \u0111\u1eadm \u0111\u00e0 t\u1eeb \u0110\u1eafk L\u1eafk- Vietnamesecoffee","og_description":"C\u00e0 ph\u00ea Robusta C\u01b0 M\u2019gar \u0110\u1eafk L\u1eafk n\u1ed5i b\u1eadt v\u1edbi h\u01b0\u01a1ng v\u1ecb \u0111\u1eadm \u0111\u00e0, h\u1eadu ng\u1ecdt, tr\u1ed3ng tr\u00ean \u0111\u1ea5t bazan n\u00fai l\u1eeda, ph\u00f9 h\u1ee3p pha phin v\u00e0 espresso","og_url":"https:\/\/chocobakery.azdigi.shop\/index.php\/san-pham\/ca-phe-robusta-cu-mgar\/","og_site_name":"Vietnamesecoffee","article_modified_time":"2026-04-17T13:10:17+00:00","og_image":[{"width":1024,"height":1024,"url":"https:\/\/chocobakery.azdigi.shop\/wp-content\/uploads\/2026\/04\/4625502c-b47e-400c-bb75-9fa865f87cdf.png","type":"image\/png"}],"twitter_card":"summary_large_image","twitter_misc":{"\u01af\u1edbc t\u00ednh th\u1eddi gian \u0111\u1ecdc":"3 ph\u00fat"},"schema":{"@context":"https:\/\/schema.org","@graph":[{"@type":"WebPage","@id":"https:\/\/chocobakery.azdigi.shop\/index.php\/san-pham\/ca-phe-robusta-cu-mgar\/","url":"https:\/\/chocobakery.azdigi.shop\/index.php\/san-pham\/ca-phe-robusta-cu-mgar\/","name":"C\u00e0 ph\u00ea Robusta C\u01b0 M\u2019gar \u2013 H\u01b0\u01a1ng v\u1ecb \u0111\u1eadm \u0111\u00e0 t\u1eeb \u0110\u1eafk L\u1eafk- Vietnamesecoffee","isPartOf":{"@id":"https:\/\/chocobakery.azdigi.shop\/#website"},"primaryImageOfPage":{"@id":"https:\/\/chocobakery.azdigi.shop\/index.php\/san-pham\/ca-phe-robusta-cu-mgar\/#primaryimage"},"image":{"@id":"https:\/\/chocobakery.azdigi.shop\/index.php\/san-pham\/ca-phe-robusta-cu-mgar\/#primaryimage"},"thumbnailUrl":"https:\/\/chocobakery.azdigi.shop\/wp-content\/uploads\/2026\/04\/4625502c-b47e-400c-bb75-9fa865f87cdf.png","datePublished":"2026-04-17T06:50:11+00:00","dateModified":"2026-04-17T13:10:17+00:00","description":"C\u00e0 ph\u00ea Robusta C\u01b0 M\u2019gar \u0110\u1eafk L\u1eafk n\u1ed5i b\u1eadt v\u1edbi h\u01b0\u01a1ng v\u1ecb \u0111\u1eadm \u0111\u00e0, h\u1eadu ng\u1ecdt, tr\u1ed3ng tr\u00ean \u0111\u1ea5t bazan n\u00fai l\u1eeda, ph\u00f9 h\u1ee3p pha phin v\u00e0 espresso","breadcrumb":{"@id":"https:\/\/chocobakery.azdigi.shop\/index.php\/san-pham\/ca-phe-robusta-cu-mgar\/#breadcrumb"},"inLanguage":"vi","potentialAction":[{"@type":"ReadAction","target":["https:\/\/chocobakery.azdigi.shop\/index.php\/san-pham\/ca-phe-robusta-cu-mgar\/"]}]},{"@type":"ImageObject","inLanguage":"vi","@id":"https:\/\/chocobakery.azdigi.shop\/index.php\/san-pham\/ca-phe-robusta-cu-mgar\/#primaryimage","url":"https:\/\/chocobakery.azdigi.shop\/wp-content\/uploads\/2026\/04\/4625502c-b47e-400c-bb75-9fa865f87cdf.png","contentUrl":"https:\/\/chocobakery.azdigi.shop\/wp-content\/uploads\/2026\/04\/4625502c-b47e-400c-bb75-9fa865f87cdf.png","width":1024,"height":1024},{"@type":"BreadcrumbList","@id":"https:\/\/chocobakery.azdigi.shop\/index.php\/san-pham\/ca-phe-robusta-cu-mgar\/#breadcrumb","itemListElement":[{"@type":"ListItem","position":1,"name":"Trang ch\u1ee7","item":"https:\/\/chocobakery.azdigi.shop\/"},{"@type":"ListItem","position":2,"name":"C\u1eeda h\u00e0ng","item":"https:\/\/chocobakery.azdigi.shop\/?page_id=212"},{"@type":"ListItem","position":3,"name":"STRONG ROBUSTA"}]},{"@type":"WebSite","@id":"https:\/\/chocobakery.azdigi.shop\/#website","url":"https:\/\/chocobakery.azdigi.shop\/","name":"Vietnamesecoffee","description":"","potentialAction":[{"@type":"SearchAction","target":{"@type":"EntryPoint","urlTemplate":"https:\/\/chocobakery.azdigi.shop\/?s={search_term_string}"},"query-input":{"@type":"PropertyValueSpecification","valueRequired":true,"valueName":"search_term_string"}}],"inLanguage":"vi"}]}},"_links":{"self":[{"href":"https:\/\/chocobakery.azdigi.shop\/index.php?rest_route=\/wp\/v2\/product\/352","targetHints":{"allow":["GET"]}}],"collection":[{"href":"https:\/\/chocobakery.azdigi.shop\/index.php?rest_route=\/wp\/v2\/product"}],"about":[{"href":"https:\/\/chocobakery.azdigi.shop\/index.php?rest_route=\/wp\/v2\/types\/product"}],"replies":[{"embeddable":true,"href":"https:\/\/chocobakery.azdigi.shop\/index.php?rest_route=%2Fwp%2Fv2%2Fcomments&post=352"}],"wp:featuredmedia":[{"embeddable":true,"href":"https:\/\/chocobakery.azdigi.shop\/index.php?rest_route=\/wp\/v2\/media\/364"}],"wp:attachment":[{"href":"https:\/\/chocobakery.azdigi.shop\/index.php?rest_route=%2Fwp%2Fv2%2Fmedia&parent=352"}],"wp:term":[{"taxonomy":"product_brand","embeddable":true,"href":"https:\/\/chocobakery.azdigi.shop\/index.php?rest_route=%2Fwp%2Fv2%2Fproduct_brand&post=352"},{"taxonomy":"product_cat","embeddable":true,"href":"https:\/\/chocobakery.azdigi.shop\/index.php?rest_route=%2Fwp%2Fv2%2Fproduct_cat&post=352"},{"taxonomy":"product_tag","embeddable":true,"href":"https:\/\/chocobakery.azdigi.shop\/index.php?rest_route=%2Fwp%2Fv2%2Fproduct_tag&post=352"}],"curies":[{"name":"wp","href":"https:\/\/api.w.org\/{rel}","templated":true}]}}