{"id":333,"date":"2026-04-16T16:57:39","date_gmt":"2026-04-16T16:57:39","guid":{"rendered":"https:\/\/chocobakery.azdigi.shop\/?post_type=product&#038;p=333"},"modified":"2026-04-16T17:14:08","modified_gmt":"2026-04-16T17:14:08","slug":"honey-robusta","status":"publish","type":"product","link":"https:\/\/chocobakery.azdigi.shop\/?product=honey-robusta","title":{"rendered":"HONEY ROBUSTA"},"content":{"rendered":"<ul>\n<li><strong>Vu\u0300ng:<\/strong>\u00a0L\u00e2m Ha\u0300 &#8211; L\u00e2m \u0110\u00f4\u0300ng<\/li>\n<li><strong>Gi\u00f4\u0301ng ca\u0300 ph\u00ea:\u00a0<\/strong>Ro T\u00edm<\/li>\n<li><strong>\u0110\u00f4\u0323 cao:<\/strong>\u00a01100m<\/li>\n<li><strong>Ch\u0103m so\u0301c:<\/strong>\u00a0H\u01b0\u01a1\u0301ng h\u01b0\u0303u c\u01a1<\/li>\n<li><strong>Ch\u00ea\u0301 bi\u00ea\u0301n:<\/strong>\u00a0M\u1eadt ong \u0111\u1ecf (Red Honey)<\/li>\n<li><strong>Nha\u0300 rang:<\/strong>\u00a0C.O.C Roasters<\/li>\n<li><strong>Thi\u0301ch h\u01a1\u0323p:\u00a0<\/strong>Phin, Espresso, Flair, Staresso, Nanopress, Moka Pot<\/li>\n<\/ul>\n","protected":false},"excerpt":{"rendered":"<h1 data-start=\"489\" data-end=\"552\"><span role=\"text\"><strong data-start=\"491\" data-end=\"552\">Honey Robusta Vi\u1ec7t Nam \u2013 C\u00e0 ph\u00ea \u0111\u1eadm v\u1ecb, h\u1eadu ng\u1ecdt t\u1ef1 nhi\u00ean<\/strong><\/span><\/h1>\n<p data-start=\"554\" data-end=\"820\"><strong data-start=\"554\" data-end=\"580\">Honey Robusta Vi\u1ec7t Nam<\/strong> l\u00e0 d\u00f2ng c\u00e0 ph\u00ea \u0111\u1eb7c s\u1ea3n \u0111\u1ebfn t\u1eeb L\u00e2m H\u00e0, L\u00e2m \u0110\u1ed3ng, n\u1ed5i b\u1eadt v\u1edbi ph\u01b0\u01a1ng ph\u00e1p ch\u1ebf bi\u1ebfn m\u1eadt ong (honey process). Ngay t\u1eeb ng\u1ee5m \u0111\u1ea7u ti\u00ean, b\u1ea1n s\u1ebd c\u1ea3m nh\u1eadn \u0111\u01b0\u1ee3c v\u1ecb \u0111\u1eadm \u0111\u1eb7c tr\u01b0ng c\u1ee7a Robusta nh\u01b0ng kh\u00f4ng qu\u00e1 g\u1eaft, thay v\u00e0o \u0111\u00f3 l\u00e0 h\u1eadu ng\u1ecdt d\u1ecbu v\u00e0 d\u1ec5 ch\u1ecbu.<\/p>\n<p data-start=\"822\" data-end=\"978\">So v\u1edbi c\u00e1c lo\u1ea1i c\u00e0 ph\u00ea Robusta truy\u1ec1n th\u1ed1ng, Honey Robusta mang \u0111\u1ebfn tr\u1ea3i nghi\u1ec7m c\u00e2n b\u1eb1ng h\u01a1n, ph\u00f9 h\u1ee3p v\u1edbi c\u1ea3 ng\u01b0\u1eddi m\u1edbi b\u1eaft \u0111\u1ea7u v\u00e0 ng\u01b0\u1eddi u\u1ed1ng c\u00e0 ph\u00ea l\u00e2u n\u0103m.<\/p>\n<h2 data-start=\"985\" data-end=\"1033\"><span role=\"text\"><strong data-start=\"988\" data-end=\"1033\">Th\u00f4ng tin s\u1ea3n ph\u1ea9m Honey Robusta Vi\u1ec7t Nam<\/strong><\/span><\/h2>\n<ul data-start=\"1035\" data-end=\"1157\">\n<li data-start=\"1035\" data-end=\"1052\">Lo\u1ea1i: Robusta<\/li>\n<li data-start=\"1053\" data-end=\"1085\">V\u00f9ng tr\u1ed3ng: L\u00e2m H\u00e0, L\u00e2m \u0110\u1ed3ng<\/li>\n<li data-start=\"1086\" data-end=\"1118\">Ph\u01b0\u01a1ng ph\u00e1p: Honey (m\u1eadt ong)<\/li>\n<li data-start=\"1119\" data-end=\"1139\">M\u1ee9c rang: Medium<\/li>\n<li data-start=\"1140\" data-end=\"1157\">\u0110\u1ed9 cao: 1100m<\/li>\n<\/ul>\n<h2 data-start=\"1164\" data-end=\"1222\"><span role=\"text\"><strong data-start=\"1167\" data-end=\"1222\">H\u01b0\u01a1ng v\u1ecb c\u1ee7a Honey Robusta Vi\u1ec7t Nam c\u00f3 g\u00ec \u0111\u1eb7c bi\u1ec7t?<\/strong><\/span><\/h2>\n<p data-start=\"1224\" data-end=\"1319\">\u0110i\u1ec3m n\u1ed5i b\u1eadt c\u1ee7a <strong data-start=\"1241\" data-end=\"1267\">Honey Robusta Vi\u1ec7t Nam<\/strong> n\u1eb1m \u1edf s\u1ef1 k\u1ebft h\u1ee3p gi\u1eefa v\u1ecb m\u1ea1nh v\u00e0 h\u1eadu ng\u1ecdt t\u1ef1 nhi\u00ean:<\/p>\n<ul data-start=\"1321\" data-end=\"1475\">\n<li data-start=\"1321\" data-end=\"1358\">V\u1ecb \u0111\u1eadm, m\u1ea1nh m\u1ebd \u0111\u1eb7c tr\u01b0ng Robusta<\/li>\n<li data-start=\"1359\" data-end=\"1397\">H\u1eadu ng\u1ecdt nh\u1eb9 nh\u1edd l\u1edbp nh\u1ea7y t\u1ef1 nhi\u00ean<\/li>\n<li data-start=\"1398\" data-end=\"1439\">\u00cdt chua, d\u1ec5 u\u1ed1ng h\u01a1n Arabica rang \u0111\u1eadm<\/li>\n<li data-start=\"1440\" data-end=\"1475\">Body d\u00e0y, ph\u00f9 h\u1ee3p gu ng\u01b0\u1eddi Vi\u1ec7t<\/li>\n<\/ul>\n<p data-start=\"1477\" data-end=\"1587\">Nh\u1edd ph\u01b0\u01a1ng ph\u00e1p honey, h\u1ea1t c\u00e0 ph\u00ea gi\u1eef l\u1ea1i nhi\u1ec1u \u0111\u01b0\u1eddng t\u1ef1 nhi\u00ean h\u01a1n, t\u1ea1o c\u1ea3m gi\u00e1c tr\u00f2n v\u1ecb v\u00e0 m\u01b0\u1ee3t h\u01a1n khi u\u1ed1ng.<\/p>\n<h2 data-start=\"1594\" data-end=\"1640\"><span role=\"text\"><strong data-start=\"1597\" data-end=\"1640\">V\u00ec sao n\u00ean ch\u1ecdn Honey Robusta Vi\u1ec7t Nam?<\/strong><\/span><\/h2>\n<p data-start=\"1642\" data-end=\"1740\">Honey Robusta Vi\u1ec7t Nam kh\u00f4ng ch\u1ec9 l\u00e0 c\u00e0 ph\u00ea u\u1ed1ng h\u00e0ng ng\u00e0y m\u00e0 c\u00f2n l\u00e0 l\u1ef1a ch\u1ecdn n\u00e2ng c\u1ea5p tr\u1ea3i nghi\u1ec7m:<\/p>\n<ul data-start=\"1742\" data-end=\"1863\">\n<li data-start=\"1742\" data-end=\"1775\">Ph\u00f9 h\u1ee3p pha phin truy\u1ec1n th\u1ed1ng<\/li>\n<li data-start=\"1776\" data-end=\"1821\">D\u00f9ng t\u1ed1t cho espresso ho\u1eb7c m\u00e1y pha c\u00e0 ph\u00ea<\/li>\n<li data-start=\"1822\" data-end=\"1863\">C\u00f3 th\u1ec3 pha cold brew cho v\u1ecb thanh h\u01a1n<\/li>\n<\/ul>\n<h2 data-start=\"1959\" data-end=\"1997\"><span role=\"text\"><strong data-start=\"1962\" data-end=\"1997\">Ngu\u1ed3n g\u1ed1c v\u00e0 quy tr\u00ecnh ch\u1ebf bi\u1ebfn<\/strong><\/span><\/h2>\n<p data-start=\"1999\" data-end=\"2173\">H\u1ea1t c\u00e0 ph\u00ea \u0111\u01b0\u1ee3c tr\u1ed3ng t\u1ea1i L\u00e2m \u0110\u1ed3ng \u2013 v\u00f9ng \u0111\u1ea5t n\u1ed5i ti\u1ebfng c\u1ee7a c\u00e0 ph\u00ea Vi\u1ec7t Nam. Sau khi thu ho\u1ea1ch, c\u00e0 ph\u00ea \u0111\u01b0\u1ee3c x\u1eed l\u00fd theo ph\u01b0\u01a1ng ph\u00e1p honey, gi\u1eef l\u1ea1i l\u1edbp nh\u1ea7y tr\u01b0\u1edbc khi ph\u01a1i kh\u00f4.<\/p>\n<h2 data-section-id=\"18ry7w2\" data-start=\"2302\" data-end=\"2346\"><span role=\"text\"><strong data-start=\"2305\" data-end=\"2346\">G\u1ee3i \u00fd c\u00e1ch pha Honey Robusta Vi\u1ec7t Nam<\/strong><\/span><\/h2>\n<p data-start=\"2348\" data-end=\"2411\">\u0110\u1ec3 th\u01b0\u1edfng th\u1ee9c tr\u1ecdn v\u1eb9n <strong data-start=\"2372\" data-end=\"2398\">Honey Robusta Vi\u1ec7t Nam<\/strong>, b\u1ea1n c\u00f3 th\u1ec3:<\/p>\n<ul data-start=\"2413\" data-end=\"2510\">\n<li data-section-id=\"1xkwgws\" data-start=\"2413\" data-end=\"2442\">Pha phin: gi\u1eef tr\u1ecdn v\u1ecb \u0111\u1eadm<\/li>\n<li data-section-id=\"1v0ew9q\" data-start=\"2443\" data-end=\"2478\">Espresso: t\u0103ng \u0111\u1ed9 m\u1ea1nh v\u00e0 crema<\/li>\n<li data-section-id=\"1ye6bbx\" data-start=\"2479\" data-end=\"2510\">Cold brew: n\u1ed5i b\u1eadt h\u1eadu ng\u1ecdt<\/li>\n<\/ul>\n","protected":false},"featured_media":334,"comment_status":"open","ping_status":"closed","template":"","meta":[],"product_brand":[],"product_cat":[35],"product_tag":[],"class_list":{"0":"post-333","1":"product","2":"type-product","3":"status-publish","4":"has-post-thumbnail","6":"product_cat-vietnamesecoffee","8":"first","9":"instock","10":"shipping-taxable","11":"purchasable","12":"product-type-variable"},"yoast_head":"<!-- This site is optimized with the Yoast SEO plugin v27.1.1 - https:\/\/yoast.com\/product\/yoast-seo-wordpress\/ -->\n<title>Honey Robusta Vi\u1ec7t Nam \u2013 ch\u1ebf bi\u1ebfn m\u1eadt ong \u0111\u1eadm v\u1ecb - Vietnamesecoffee<\/title>\n<meta name=\"description\" content=\"Kh\u00e1m ph\u00e1 Honey Robusta Vi\u1ec7t Nam t\u1eeb L\u00e2m H\u00e0, L\u00e2m \u0110\u1ed3ng. C\u00e0 ph\u00ea ch\u1ebf bi\u1ebfn m\u1eadt ong, rang medium, h\u01b0\u01a1ng v\u1ecb \u0111\u1eadm \u0111\u00e0, h\u1eadu ng\u1ecdt t\u1ef1 nhi\u00ean.\" \/>\n<meta name=\"robots\" content=\"index, follow, max-snippet:-1, max-image-preview:large, max-video-preview:-1\" \/>\n<link rel=\"canonical\" href=\"https:\/\/chocobakery.azdigi.shop\/index.php\/san-pham\/honey-robusta\/\" \/>\n<meta property=\"og:locale\" content=\"vi_VN\" \/>\n<meta property=\"og:type\" content=\"article\" \/>\n<meta property=\"og:title\" content=\"Honey Robusta Vi\u1ec7t Nam \u2013 ch\u1ebf bi\u1ebfn m\u1eadt ong \u0111\u1eadm v\u1ecb - Vietnamesecoffee\" \/>\n<meta property=\"og:description\" content=\"Kh\u00e1m ph\u00e1 Honey Robusta Vi\u1ec7t Nam t\u1eeb L\u00e2m H\u00e0, L\u00e2m \u0110\u1ed3ng. C\u00e0 ph\u00ea ch\u1ebf bi\u1ebfn m\u1eadt ong, rang medium, h\u01b0\u01a1ng v\u1ecb \u0111\u1eadm \u0111\u00e0, h\u1eadu ng\u1ecdt t\u1ef1 nhi\u00ean.\" \/>\n<meta property=\"og:url\" content=\"https:\/\/chocobakery.azdigi.shop\/index.php\/san-pham\/honey-robusta\/\" \/>\n<meta property=\"og:site_name\" content=\"Vietnamesecoffee\" \/>\n<meta property=\"article:modified_time\" content=\"2026-04-16T17:14:08+00:00\" \/>\n<meta property=\"og:image\" content=\"https:\/\/chocobakery.azdigi.shop\/wp-content\/uploads\/2026\/04\/29dfca08-906c-4af3-b63d-9a45edb7831e.png\" \/>\n\t<meta property=\"og:image:width\" content=\"1024\" \/>\n\t<meta property=\"og:image:height\" content=\"1024\" \/>\n\t<meta property=\"og:image:type\" content=\"image\/png\" \/>\n<meta name=\"twitter:card\" content=\"summary_large_image\" \/>\n<meta name=\"twitter:label1\" content=\"\u01af\u1edbc t\u00ednh th\u1eddi gian \u0111\u1ecdc\" \/>\n\t<meta name=\"twitter:data1\" content=\"1 ph\u00fat\" \/>\n<script type=\"application\/ld+json\" class=\"yoast-schema-graph\">{\"@context\":\"https:\/\/schema.org\",\"@graph\":[{\"@type\":\"WebPage\",\"@id\":\"https:\/\/chocobakery.azdigi.shop\/index.php\/san-pham\/honey-robusta\/\",\"url\":\"https:\/\/chocobakery.azdigi.shop\/index.php\/san-pham\/honey-robusta\/\",\"name\":\"Honey Robusta Vi\u1ec7t Nam \u2013 ch\u1ebf bi\u1ebfn m\u1eadt ong \u0111\u1eadm v\u1ecb - Vietnamesecoffee\",\"isPartOf\":{\"@id\":\"https:\/\/chocobakery.azdigi.shop\/#website\"},\"primaryImageOfPage\":{\"@id\":\"https:\/\/chocobakery.azdigi.shop\/index.php\/san-pham\/honey-robusta\/#primaryimage\"},\"image\":{\"@id\":\"https:\/\/chocobakery.azdigi.shop\/index.php\/san-pham\/honey-robusta\/#primaryimage\"},\"thumbnailUrl\":\"https:\/\/chocobakery.azdigi.shop\/wp-content\/uploads\/2026\/04\/29dfca08-906c-4af3-b63d-9a45edb7831e.png\",\"datePublished\":\"2026-04-16T16:57:39+00:00\",\"dateModified\":\"2026-04-16T17:14:08+00:00\",\"description\":\"Kh\u00e1m ph\u00e1 Honey Robusta Vi\u1ec7t Nam t\u1eeb L\u00e2m H\u00e0, L\u00e2m \u0110\u1ed3ng. C\u00e0 ph\u00ea ch\u1ebf bi\u1ebfn m\u1eadt ong, rang medium, h\u01b0\u01a1ng v\u1ecb \u0111\u1eadm \u0111\u00e0, h\u1eadu ng\u1ecdt t\u1ef1 nhi\u00ean.\",\"breadcrumb\":{\"@id\":\"https:\/\/chocobakery.azdigi.shop\/index.php\/san-pham\/honey-robusta\/#breadcrumb\"},\"inLanguage\":\"vi\",\"potentialAction\":[{\"@type\":\"ReadAction\",\"target\":[\"https:\/\/chocobakery.azdigi.shop\/index.php\/san-pham\/honey-robusta\/\"]}]},{\"@type\":\"ImageObject\",\"inLanguage\":\"vi\",\"@id\":\"https:\/\/chocobakery.azdigi.shop\/index.php\/san-pham\/honey-robusta\/#primaryimage\",\"url\":\"https:\/\/chocobakery.azdigi.shop\/wp-content\/uploads\/2026\/04\/29dfca08-906c-4af3-b63d-9a45edb7831e.png\",\"contentUrl\":\"https:\/\/chocobakery.azdigi.shop\/wp-content\/uploads\/2026\/04\/29dfca08-906c-4af3-b63d-9a45edb7831e.png\",\"width\":1024,\"height\":1024},{\"@type\":\"BreadcrumbList\",\"@id\":\"https:\/\/chocobakery.azdigi.shop\/index.php\/san-pham\/honey-robusta\/#breadcrumb\",\"itemListElement\":[{\"@type\":\"ListItem\",\"position\":1,\"name\":\"Trang ch\u1ee7\",\"item\":\"https:\/\/chocobakery.azdigi.shop\/\"},{\"@type\":\"ListItem\",\"position\":2,\"name\":\"C\u1eeda h\u00e0ng\",\"item\":\"https:\/\/chocobakery.azdigi.shop\/?page_id=212\"},{\"@type\":\"ListItem\",\"position\":3,\"name\":\"HONEY ROBUSTA\"}]},{\"@type\":\"WebSite\",\"@id\":\"https:\/\/chocobakery.azdigi.shop\/#website\",\"url\":\"https:\/\/chocobakery.azdigi.shop\/\",\"name\":\"Vietnamesecoffee\",\"description\":\"\",\"potentialAction\":[{\"@type\":\"SearchAction\",\"target\":{\"@type\":\"EntryPoint\",\"urlTemplate\":\"https:\/\/chocobakery.azdigi.shop\/?s={search_term_string}\"},\"query-input\":{\"@type\":\"PropertyValueSpecification\",\"valueRequired\":true,\"valueName\":\"search_term_string\"}}],\"inLanguage\":\"vi\"}]}<\/script>\n<!-- \/ Yoast SEO plugin. -->","yoast_head_json":{"title":"Honey Robusta Vi\u1ec7t Nam \u2013 ch\u1ebf bi\u1ebfn m\u1eadt ong \u0111\u1eadm v\u1ecb - Vietnamesecoffee","description":"Kh\u00e1m ph\u00e1 Honey Robusta Vi\u1ec7t Nam t\u1eeb L\u00e2m H\u00e0, L\u00e2m \u0110\u1ed3ng. C\u00e0 ph\u00ea ch\u1ebf bi\u1ebfn m\u1eadt ong, rang medium, h\u01b0\u01a1ng v\u1ecb \u0111\u1eadm \u0111\u00e0, h\u1eadu ng\u1ecdt t\u1ef1 nhi\u00ean.","robots":{"index":"index","follow":"follow","max-snippet":"max-snippet:-1","max-image-preview":"max-image-preview:large","max-video-preview":"max-video-preview:-1"},"canonical":"https:\/\/chocobakery.azdigi.shop\/index.php\/san-pham\/honey-robusta\/","og_locale":"vi_VN","og_type":"article","og_title":"Honey Robusta Vi\u1ec7t Nam \u2013 ch\u1ebf bi\u1ebfn m\u1eadt ong \u0111\u1eadm v\u1ecb - Vietnamesecoffee","og_description":"Kh\u00e1m ph\u00e1 Honey Robusta Vi\u1ec7t Nam t\u1eeb L\u00e2m H\u00e0, L\u00e2m \u0110\u1ed3ng. C\u00e0 ph\u00ea ch\u1ebf bi\u1ebfn m\u1eadt ong, rang medium, h\u01b0\u01a1ng v\u1ecb \u0111\u1eadm \u0111\u00e0, h\u1eadu ng\u1ecdt t\u1ef1 nhi\u00ean.","og_url":"https:\/\/chocobakery.azdigi.shop\/index.php\/san-pham\/honey-robusta\/","og_site_name":"Vietnamesecoffee","article_modified_time":"2026-04-16T17:14:08+00:00","og_image":[{"width":1024,"height":1024,"url":"https:\/\/chocobakery.azdigi.shop\/wp-content\/uploads\/2026\/04\/29dfca08-906c-4af3-b63d-9a45edb7831e.png","type":"image\/png"}],"twitter_card":"summary_large_image","twitter_misc":{"\u01af\u1edbc t\u00ednh th\u1eddi gian \u0111\u1ecdc":"1 ph\u00fat"},"schema":{"@context":"https:\/\/schema.org","@graph":[{"@type":"WebPage","@id":"https:\/\/chocobakery.azdigi.shop\/index.php\/san-pham\/honey-robusta\/","url":"https:\/\/chocobakery.azdigi.shop\/index.php\/san-pham\/honey-robusta\/","name":"Honey Robusta Vi\u1ec7t Nam \u2013 ch\u1ebf bi\u1ebfn m\u1eadt ong \u0111\u1eadm v\u1ecb - Vietnamesecoffee","isPartOf":{"@id":"https:\/\/chocobakery.azdigi.shop\/#website"},"primaryImageOfPage":{"@id":"https:\/\/chocobakery.azdigi.shop\/index.php\/san-pham\/honey-robusta\/#primaryimage"},"image":{"@id":"https:\/\/chocobakery.azdigi.shop\/index.php\/san-pham\/honey-robusta\/#primaryimage"},"thumbnailUrl":"https:\/\/chocobakery.azdigi.shop\/wp-content\/uploads\/2026\/04\/29dfca08-906c-4af3-b63d-9a45edb7831e.png","datePublished":"2026-04-16T16:57:39+00:00","dateModified":"2026-04-16T17:14:08+00:00","description":"Kh\u00e1m ph\u00e1 Honey Robusta Vi\u1ec7t Nam t\u1eeb L\u00e2m H\u00e0, L\u00e2m \u0110\u1ed3ng. C\u00e0 ph\u00ea ch\u1ebf bi\u1ebfn m\u1eadt ong, rang medium, h\u01b0\u01a1ng v\u1ecb \u0111\u1eadm \u0111\u00e0, h\u1eadu ng\u1ecdt t\u1ef1 nhi\u00ean.","breadcrumb":{"@id":"https:\/\/chocobakery.azdigi.shop\/index.php\/san-pham\/honey-robusta\/#breadcrumb"},"inLanguage":"vi","potentialAction":[{"@type":"ReadAction","target":["https:\/\/chocobakery.azdigi.shop\/index.php\/san-pham\/honey-robusta\/"]}]},{"@type":"ImageObject","inLanguage":"vi","@id":"https:\/\/chocobakery.azdigi.shop\/index.php\/san-pham\/honey-robusta\/#primaryimage","url":"https:\/\/chocobakery.azdigi.shop\/wp-content\/uploads\/2026\/04\/29dfca08-906c-4af3-b63d-9a45edb7831e.png","contentUrl":"https:\/\/chocobakery.azdigi.shop\/wp-content\/uploads\/2026\/04\/29dfca08-906c-4af3-b63d-9a45edb7831e.png","width":1024,"height":1024},{"@type":"BreadcrumbList","@id":"https:\/\/chocobakery.azdigi.shop\/index.php\/san-pham\/honey-robusta\/#breadcrumb","itemListElement":[{"@type":"ListItem","position":1,"name":"Trang ch\u1ee7","item":"https:\/\/chocobakery.azdigi.shop\/"},{"@type":"ListItem","position":2,"name":"C\u1eeda h\u00e0ng","item":"https:\/\/chocobakery.azdigi.shop\/?page_id=212"},{"@type":"ListItem","position":3,"name":"HONEY ROBUSTA"}]},{"@type":"WebSite","@id":"https:\/\/chocobakery.azdigi.shop\/#website","url":"https:\/\/chocobakery.azdigi.shop\/","name":"Vietnamesecoffee","description":"","potentialAction":[{"@type":"SearchAction","target":{"@type":"EntryPoint","urlTemplate":"https:\/\/chocobakery.azdigi.shop\/?s={search_term_string}"},"query-input":{"@type":"PropertyValueSpecification","valueRequired":true,"valueName":"search_term_string"}}],"inLanguage":"vi"}]}},"_links":{"self":[{"href":"https:\/\/chocobakery.azdigi.shop\/index.php?rest_route=\/wp\/v2\/product\/333","targetHints":{"allow":["GET"]}}],"collection":[{"href":"https:\/\/chocobakery.azdigi.shop\/index.php?rest_route=\/wp\/v2\/product"}],"about":[{"href":"https:\/\/chocobakery.azdigi.shop\/index.php?rest_route=\/wp\/v2\/types\/product"}],"replies":[{"embeddable":true,"href":"https:\/\/chocobakery.azdigi.shop\/index.php?rest_route=%2Fwp%2Fv2%2Fcomments&post=333"}],"wp:featuredmedia":[{"embeddable":true,"href":"https:\/\/chocobakery.azdigi.shop\/index.php?rest_route=\/wp\/v2\/media\/334"}],"wp:attachment":[{"href":"https:\/\/chocobakery.azdigi.shop\/index.php?rest_route=%2Fwp%2Fv2%2Fmedia&parent=333"}],"wp:term":[{"taxonomy":"product_brand","embeddable":true,"href":"https:\/\/chocobakery.azdigi.shop\/index.php?rest_route=%2Fwp%2Fv2%2Fproduct_brand&post=333"},{"taxonomy":"product_cat","embeddable":true,"href":"https:\/\/chocobakery.azdigi.shop\/index.php?rest_route=%2Fwp%2Fv2%2Fproduct_cat&post=333"},{"taxonomy":"product_tag","embeddable":true,"href":"https:\/\/chocobakery.azdigi.shop\/index.php?rest_route=%2Fwp%2Fv2%2Fproduct_tag&post=333"}],"curies":[{"name":"wp","href":"https:\/\/api.w.org\/{rel}","templated":true}]}}