{"id":254,"date":"2026-04-07T14:29:21","date_gmt":"2026-04-07T14:29:21","guid":{"rendered":"https:\/\/chocobakery.azdigi.shop\/?post_type=product&#038;p=254"},"modified":"2026-04-18T05:31:30","modified_gmt":"2026-04-18T05:31:30","slug":"ca-phe-rang-xay-nguyen-arabica","status":"publish","type":"product","link":"https:\/\/chocobakery.azdigi.shop\/?product=ca-phe-rang-xay-nguyen-arabica","title":{"rendered":"C\u00e0 ph\u00ea rang xay nguy\u00ean Arabica"},"content":{"rendered":"<p data-start=\"689\" data-end=\"877\">C\u00e0 ph\u00ea rang xay Arabica c\u00f3 m\u00f9i th\u01a1m thanh. V\u1ecb c\u00e0 ph\u00ea c\u00e2n b\u1eb1ng v\u00e0 d\u1ec5 u\u1ed1ng. \u0110\u1eb7c tr\u01b0ng c\u1ee7a d\u00f2ng n\u00e0y l\u00e0 v\u1ecb chua nh\u1eb9 v\u00e0 h\u1eadu v\u1ecb \u00eam. V\u00ec v\u1eady, c\u00e0 ph\u00ea rang xay Arabica ph\u00f9 h\u1ee3p v\u1edbi ng\u01b0\u1eddi m\u1edbi b\u1eaft \u0111\u1ea7u.<\/p>\n<p data-start=\"879\" data-end=\"1042\">Khi pha, c\u00e0 ph\u00ea rang xay Arabica cho m\u00e0u n\u00e2u s\u00e1ng. H\u01b0\u01a1ng th\u01a1m lan t\u1ecfa nh\u1eb9 v\u00e0 d\u1ec5 ch\u1ecbu. B\u1ea1n c\u00f3 th\u1ec3 d\u00f9ng c\u00e0 ph\u00ea rang xay Arabica \u0111\u1ec3 pha phin, espresso ho\u1eb7c pour over.<\/p>\n<h2 data-section-id=\"1nvjq3g\" data-start=\"1049\" data-end=\"1087\">\u01afu \u0111i\u1ec3m c\u1ee7a c\u00e0 ph\u00ea rang xay Arabica<\/h2>\n<p data-start=\"1089\" data-end=\"1209\">C\u00e0 ph\u00ea rang xay Arabica c\u00f3 nhi\u1ec1u \u01b0u \u0111i\u1ec3m n\u1ed5i b\u1eadt. Tr\u01b0\u1edbc h\u1ebft l\u00e0 h\u01b0\u01a1ng th\u01a1m t\u1ef1 nhi\u00ean. M\u00f9i th\u01a1m kh\u00f4ng qu\u00e1 g\u1eaft, r\u1ea5t d\u1ec5 ch\u1ecbu.<\/p>\n<p data-start=\"1211\" data-end=\"1330\">Ngo\u00e0i ra, c\u00e0 ph\u00ea rang xay Arabica c\u00f3 v\u1ecb nh\u1eb9. \u0110\u1ed9 \u0111\u1eafng th\u1ea5p h\u01a1n so v\u1edbi Robusta. \u0110i\u1ec1u n\u00e0y gi\u00fap ng\u01b0\u1eddi u\u1ed1ng kh\u00f4ng b\u1ecb g\u1eaft c\u1ed5.<\/p>\n<p data-start=\"1332\" data-end=\"1440\">S\u1ea3n ph\u1ea9m c\u0169ng r\u1ea5t ti\u1ec7n l\u1ee3i. C\u00e0 ph\u00ea \u0111\u00e3 \u0111\u01b0\u1ee3c xay s\u1eb5n n\u00ean d\u1ec5 s\u1eed d\u1ee5ng m\u1ed7i ng\u00e0y. B\u1ea1n kh\u00f4ng c\u1ea7n th\u00eam b\u01b0\u1edbc xay h\u1ea1t.<\/p>\n<p data-start=\"1442\" data-end=\"1529\">B\u1ea1n c\u00f3 th\u1ec3 xem th\u00eam c\u00e1ch pha t\u1ea1i: <strong data-start=\"1476\" data-end=\"1506\">\/cach-pha-ca-phe-pour-over<\/strong> \u0111\u1ec3 pha \u0111\u00fang chu\u1ea9n h\u01a1n.<\/p>\n<h2 data-section-id=\"1tfd92z\" data-start=\"1536\" data-end=\"1576\">C\u00e1ch b\u1ea3o qu\u1ea3n c\u00e0 ph\u00ea rang xay Arabica<\/h2>\n<p data-start=\"1578\" data-end=\"1672\">C\u00e0 ph\u00ea rang xay Arabica n\u00ean \u0111\u01b0\u1ee3c b\u1ea3o qu\u1ea3n trong h\u1ed9p k\u00edn. \u0110i\u1ec1u n\u00e0y gi\u00fap gi\u1eef h\u01b0\u01a1ng th\u01a1m l\u00e2u h\u01a1n.<\/p>\n<p data-start=\"1674\" data-end=\"1766\">B\u1ea1n n\u00ean \u0111\u1ec3 c\u00e0 ph\u00ea \u1edf n\u01a1i kh\u00f4 r\u00e1o. Tr\u00e1nh \u00e1nh n\u1eafng tr\u1ef1c ti\u1ebfp. Kh\u00f4ng \u0111\u1ec3 g\u1ea7n n\u01a1i c\u00f3 nhi\u1ec7t \u0111\u1ed9 cao.<\/p>\n<p data-start=\"1768\" data-end=\"1865\">Sau khi m\u1edf t\u00fai, n\u00ean d\u00f9ng s\u1edbm. \u0110i\u1ec1u n\u00e0y gi\u00fap c\u00e0 ph\u00ea rang xay Arabica gi\u1eef \u0111\u01b0\u1ee3c ch\u1ea5t l\u01b0\u1ee3ng t\u1ed1t nh\u1ea5<\/p>\n","protected":false},"excerpt":{"rendered":"<p>C\u00e0 ph\u00ea rang xay Arabica c\u00f3 m\u00f9i th\u01a1m thanh. V\u1ecb c\u00e0 ph\u00ea c\u00e2n b\u1eb1ng v\u00e0 d\u1ec5 u\u1ed1ng. \u0110\u1eb7c tr\u01b0ng c\u1ee7a d\u00f2ng n\u00e0y l\u00e0 v\u1ecb chua nh\u1eb9 v\u00e0 h\u1eadu v\u1ecb \u00eam. V\u00ec v\u1eady, c\u00e0 ph\u00ea rang xay Arabica ph\u00f9 h\u1ee3p v\u1edbi ng\u01b0\u1eddi m\u1edbi b\u1eaft \u0111\u1ea7u. Khi pha, c\u00e0 ph\u00ea rang xay Arabica cho m\u00e0u n\u00e2u s\u00e1ng. [&#8230;]\n","protected":false},"featured_media":256,"comment_status":"open","ping_status":"closed","template":"","meta":[],"product_brand":[],"product_cat":[31],"product_tag":[],"class_list":{"0":"post-254","1":"product","2":"type-product","3":"status-publish","4":"has-post-thumbnail","6":"product_cat-brazil","8":"first","9":"instock","10":"shipping-taxable","11":"purchasable","12":"product-type-variable"},"yoast_head":"<!-- This site is optimized with the Yoast SEO plugin v27.1.1 - https:\/\/yoast.com\/product\/yoast-seo-wordpress\/ -->\n<title>C\u00e0 ph\u00ea rang xay Arabica nguy\u00ean ch\u1ea5t \u2013 Vietnamesecoffee<\/title>\n<meta name=\"description\" content=\"C\u00e0 ph\u00ea rang xay Arabica nguy\u00ean ch\u1ea5t v\u1edbi h\u01b0\u01a1ng th\u01a1m thanh, v\u1ecb chua nh\u1eb9 d\u1ec5 u\u1ed1ng. Ch\u1ecdn c\u00e0 ph\u00ea rang xay Arabica \u0111\u1ec3 pha phin, espresso m\u1ed7i ng\u00e0y.\" \/>\n<meta name=\"robots\" content=\"index, follow, max-snippet:-1, max-image-preview:large, max-video-preview:-1\" \/>\n<link rel=\"canonical\" href=\"https:\/\/chocobakery.azdigi.shop\/?product=ca-phe-rang-xay-nguyen-arabica\" \/>\n<meta property=\"og:locale\" content=\"vi_VN\" \/>\n<meta property=\"og:type\" content=\"article\" \/>\n<meta property=\"og:title\" content=\"C\u00e0 ph\u00ea rang xay Arabica nguy\u00ean ch\u1ea5t \u2013 Vietnamesecoffee\" \/>\n<meta property=\"og:description\" content=\"C\u00e0 ph\u00ea rang xay Arabica nguy\u00ean ch\u1ea5t v\u1edbi h\u01b0\u01a1ng th\u01a1m thanh, v\u1ecb chua nh\u1eb9 d\u1ec5 u\u1ed1ng. Ch\u1ecdn c\u00e0 ph\u00ea rang xay Arabica \u0111\u1ec3 pha phin, espresso m\u1ed7i ng\u00e0y.\" \/>\n<meta property=\"og:url\" content=\"https:\/\/chocobakery.azdigi.shop\/?product=ca-phe-rang-xay-nguyen-arabica\" \/>\n<meta property=\"og:site_name\" content=\"Vietnamesecoffee\" \/>\n<meta property=\"article:modified_time\" content=\"2026-04-18T05:31:30+00:00\" \/>\n<meta property=\"og:image\" content=\"https:\/\/chocobakery.azdigi.shop\/wp-content\/uploads\/2026\/04\/1000c25e184f1c23a17b076dc40c61d5.jpg\" \/>\n\t<meta property=\"og:image:width\" content=\"926\" \/>\n\t<meta property=\"og:image:height\" content=\"1350\" \/>\n\t<meta property=\"og:image:type\" content=\"image\/jpeg\" \/>\n<meta name=\"twitter:card\" content=\"summary_large_image\" \/>\n<meta name=\"twitter:label1\" content=\"\u01af\u1edbc t\u00ednh th\u1eddi gian \u0111\u1ecdc\" \/>\n\t<meta name=\"twitter:data1\" content=\"2 ph\u00fat\" \/>\n<script type=\"application\/ld+json\" class=\"yoast-schema-graph\">{\"@context\":\"https:\/\/schema.org\",\"@graph\":[{\"@type\":\"WebPage\",\"@id\":\"https:\/\/chocobakery.azdigi.shop\/?product=ca-phe-rang-xay-nguyen-arabica\",\"url\":\"https:\/\/chocobakery.azdigi.shop\/?product=ca-phe-rang-xay-nguyen-arabica\",\"name\":\"C\u00e0 ph\u00ea rang xay Arabica nguy\u00ean ch\u1ea5t \u2013 Vietnamesecoffee\",\"isPartOf\":{\"@id\":\"https:\/\/chocobakery.azdigi.shop\/#website\"},\"primaryImageOfPage\":{\"@id\":\"https:\/\/chocobakery.azdigi.shop\/?product=ca-phe-rang-xay-nguyen-arabica#primaryimage\"},\"image\":{\"@id\":\"https:\/\/chocobakery.azdigi.shop\/?product=ca-phe-rang-xay-nguyen-arabica#primaryimage\"},\"thumbnailUrl\":\"https:\/\/chocobakery.azdigi.shop\/wp-content\/uploads\/2026\/04\/1000c25e184f1c23a17b076dc40c61d5.jpg\",\"datePublished\":\"2026-04-07T14:29:21+00:00\",\"dateModified\":\"2026-04-18T05:31:30+00:00\",\"description\":\"C\u00e0 ph\u00ea rang xay Arabica nguy\u00ean ch\u1ea5t v\u1edbi h\u01b0\u01a1ng th\u01a1m thanh, v\u1ecb chua nh\u1eb9 d\u1ec5 u\u1ed1ng. Ch\u1ecdn c\u00e0 ph\u00ea rang xay Arabica \u0111\u1ec3 pha phin, espresso m\u1ed7i ng\u00e0y.\",\"breadcrumb\":{\"@id\":\"https:\/\/chocobakery.azdigi.shop\/?product=ca-phe-rang-xay-nguyen-arabica#breadcrumb\"},\"inLanguage\":\"vi\",\"potentialAction\":[{\"@type\":\"ReadAction\",\"target\":[\"https:\/\/chocobakery.azdigi.shop\/?product=ca-phe-rang-xay-nguyen-arabica\"]}]},{\"@type\":\"ImageObject\",\"inLanguage\":\"vi\",\"@id\":\"https:\/\/chocobakery.azdigi.shop\/?product=ca-phe-rang-xay-nguyen-arabica#primaryimage\",\"url\":\"https:\/\/chocobakery.azdigi.shop\/wp-content\/uploads\/2026\/04\/1000c25e184f1c23a17b076dc40c61d5.jpg\",\"contentUrl\":\"https:\/\/chocobakery.azdigi.shop\/wp-content\/uploads\/2026\/04\/1000c25e184f1c23a17b076dc40c61d5.jpg\",\"width\":926,\"height\":1350},{\"@type\":\"BreadcrumbList\",\"@id\":\"https:\/\/chocobakery.azdigi.shop\/?product=ca-phe-rang-xay-nguyen-arabica#breadcrumb\",\"itemListElement\":[{\"@type\":\"ListItem\",\"position\":1,\"name\":\"Trang ch\u1ee7\",\"item\":\"https:\/\/chocobakery.azdigi.shop\/\"},{\"@type\":\"ListItem\",\"position\":2,\"name\":\"C\u1eeda h\u00e0ng\",\"item\":\"https:\/\/chocobakery.azdigi.shop\/?page_id=212\"},{\"@type\":\"ListItem\",\"position\":3,\"name\":\"C\u00e0 ph\u00ea rang xay nguy\u00ean Arabica\"}]},{\"@type\":\"WebSite\",\"@id\":\"https:\/\/chocobakery.azdigi.shop\/#website\",\"url\":\"https:\/\/chocobakery.azdigi.shop\/\",\"name\":\"Vietnamesecoffee\",\"description\":\"\",\"potentialAction\":[{\"@type\":\"SearchAction\",\"target\":{\"@type\":\"EntryPoint\",\"urlTemplate\":\"https:\/\/chocobakery.azdigi.shop\/?s={search_term_string}\"},\"query-input\":{\"@type\":\"PropertyValueSpecification\",\"valueRequired\":true,\"valueName\":\"search_term_string\"}}],\"inLanguage\":\"vi\"}]}<\/script>\n<!-- \/ Yoast SEO plugin. -->","yoast_head_json":{"title":"C\u00e0 ph\u00ea rang xay Arabica nguy\u00ean ch\u1ea5t \u2013 Vietnamesecoffee","description":"C\u00e0 ph\u00ea rang xay Arabica nguy\u00ean ch\u1ea5t v\u1edbi h\u01b0\u01a1ng th\u01a1m thanh, v\u1ecb chua nh\u1eb9 d\u1ec5 u\u1ed1ng. Ch\u1ecdn c\u00e0 ph\u00ea rang xay Arabica \u0111\u1ec3 pha phin, espresso m\u1ed7i ng\u00e0y.","robots":{"index":"index","follow":"follow","max-snippet":"max-snippet:-1","max-image-preview":"max-image-preview:large","max-video-preview":"max-video-preview:-1"},"canonical":"https:\/\/chocobakery.azdigi.shop\/?product=ca-phe-rang-xay-nguyen-arabica","og_locale":"vi_VN","og_type":"article","og_title":"C\u00e0 ph\u00ea rang xay Arabica nguy\u00ean ch\u1ea5t \u2013 Vietnamesecoffee","og_description":"C\u00e0 ph\u00ea rang xay Arabica nguy\u00ean ch\u1ea5t v\u1edbi h\u01b0\u01a1ng th\u01a1m thanh, v\u1ecb chua nh\u1eb9 d\u1ec5 u\u1ed1ng. Ch\u1ecdn c\u00e0 ph\u00ea rang xay Arabica \u0111\u1ec3 pha phin, espresso m\u1ed7i ng\u00e0y.","og_url":"https:\/\/chocobakery.azdigi.shop\/?product=ca-phe-rang-xay-nguyen-arabica","og_site_name":"Vietnamesecoffee","article_modified_time":"2026-04-18T05:31:30+00:00","og_image":[{"width":926,"height":1350,"url":"https:\/\/chocobakery.azdigi.shop\/wp-content\/uploads\/2026\/04\/1000c25e184f1c23a17b076dc40c61d5.jpg","type":"image\/jpeg"}],"twitter_card":"summary_large_image","twitter_misc":{"\u01af\u1edbc t\u00ednh th\u1eddi gian \u0111\u1ecdc":"2 ph\u00fat"},"schema":{"@context":"https:\/\/schema.org","@graph":[{"@type":"WebPage","@id":"https:\/\/chocobakery.azdigi.shop\/?product=ca-phe-rang-xay-nguyen-arabica","url":"https:\/\/chocobakery.azdigi.shop\/?product=ca-phe-rang-xay-nguyen-arabica","name":"C\u00e0 ph\u00ea rang xay Arabica nguy\u00ean ch\u1ea5t \u2013 Vietnamesecoffee","isPartOf":{"@id":"https:\/\/chocobakery.azdigi.shop\/#website"},"primaryImageOfPage":{"@id":"https:\/\/chocobakery.azdigi.shop\/?product=ca-phe-rang-xay-nguyen-arabica#primaryimage"},"image":{"@id":"https:\/\/chocobakery.azdigi.shop\/?product=ca-phe-rang-xay-nguyen-arabica#primaryimage"},"thumbnailUrl":"https:\/\/chocobakery.azdigi.shop\/wp-content\/uploads\/2026\/04\/1000c25e184f1c23a17b076dc40c61d5.jpg","datePublished":"2026-04-07T14:29:21+00:00","dateModified":"2026-04-18T05:31:30+00:00","description":"C\u00e0 ph\u00ea rang xay Arabica nguy\u00ean ch\u1ea5t v\u1edbi h\u01b0\u01a1ng th\u01a1m thanh, v\u1ecb chua nh\u1eb9 d\u1ec5 u\u1ed1ng. Ch\u1ecdn c\u00e0 ph\u00ea rang xay Arabica \u0111\u1ec3 pha phin, espresso m\u1ed7i ng\u00e0y.","breadcrumb":{"@id":"https:\/\/chocobakery.azdigi.shop\/?product=ca-phe-rang-xay-nguyen-arabica#breadcrumb"},"inLanguage":"vi","potentialAction":[{"@type":"ReadAction","target":["https:\/\/chocobakery.azdigi.shop\/?product=ca-phe-rang-xay-nguyen-arabica"]}]},{"@type":"ImageObject","inLanguage":"vi","@id":"https:\/\/chocobakery.azdigi.shop\/?product=ca-phe-rang-xay-nguyen-arabica#primaryimage","url":"https:\/\/chocobakery.azdigi.shop\/wp-content\/uploads\/2026\/04\/1000c25e184f1c23a17b076dc40c61d5.jpg","contentUrl":"https:\/\/chocobakery.azdigi.shop\/wp-content\/uploads\/2026\/04\/1000c25e184f1c23a17b076dc40c61d5.jpg","width":926,"height":1350},{"@type":"BreadcrumbList","@id":"https:\/\/chocobakery.azdigi.shop\/?product=ca-phe-rang-xay-nguyen-arabica#breadcrumb","itemListElement":[{"@type":"ListItem","position":1,"name":"Trang ch\u1ee7","item":"https:\/\/chocobakery.azdigi.shop\/"},{"@type":"ListItem","position":2,"name":"C\u1eeda h\u00e0ng","item":"https:\/\/chocobakery.azdigi.shop\/?page_id=212"},{"@type":"ListItem","position":3,"name":"C\u00e0 ph\u00ea rang xay nguy\u00ean Arabica"}]},{"@type":"WebSite","@id":"https:\/\/chocobakery.azdigi.shop\/#website","url":"https:\/\/chocobakery.azdigi.shop\/","name":"Vietnamesecoffee","description":"","potentialAction":[{"@type":"SearchAction","target":{"@type":"EntryPoint","urlTemplate":"https:\/\/chocobakery.azdigi.shop\/?s={search_term_string}"},"query-input":{"@type":"PropertyValueSpecification","valueRequired":true,"valueName":"search_term_string"}}],"inLanguage":"vi"}]}},"_links":{"self":[{"href":"https:\/\/chocobakery.azdigi.shop\/index.php?rest_route=\/wp\/v2\/product\/254","targetHints":{"allow":["GET"]}}],"collection":[{"href":"https:\/\/chocobakery.azdigi.shop\/index.php?rest_route=\/wp\/v2\/product"}],"about":[{"href":"https:\/\/chocobakery.azdigi.shop\/index.php?rest_route=\/wp\/v2\/types\/product"}],"replies":[{"embeddable":true,"href":"https:\/\/chocobakery.azdigi.shop\/index.php?rest_route=%2Fwp%2Fv2%2Fcomments&post=254"}],"wp:featuredmedia":[{"embeddable":true,"href":"https:\/\/chocobakery.azdigi.shop\/index.php?rest_route=\/wp\/v2\/media\/256"}],"wp:attachment":[{"href":"https:\/\/chocobakery.azdigi.shop\/index.php?rest_route=%2Fwp%2Fv2%2Fmedia&parent=254"}],"wp:term":[{"taxonomy":"product_brand","embeddable":true,"href":"https:\/\/chocobakery.azdigi.shop\/index.php?rest_route=%2Fwp%2Fv2%2Fproduct_brand&post=254"},{"taxonomy":"product_cat","embeddable":true,"href":"https:\/\/chocobakery.azdigi.shop\/index.php?rest_route=%2Fwp%2Fv2%2Fproduct_cat&post=254"},{"taxonomy":"product_tag","embeddable":true,"href":"https:\/\/chocobakery.azdigi.shop\/index.php?rest_route=%2Fwp%2Fv2%2Fproduct_tag&post=254"}],"curies":[{"name":"wp","href":"https:\/\/api.w.org\/{rel}","templated":true}]}}