{"id":245,"date":"2026-04-04T04:19:52","date_gmt":"2026-04-04T04:19:52","guid":{"rendered":"https:\/\/chocobakery.azdigi.shop\/?post_type=product&#038;p=245"},"modified":"2026-04-25T01:40:56","modified_gmt":"2026-04-25T01:40:56","slug":"coldbrew-nguyen-ban","status":"publish","type":"product","link":"https:\/\/chocobakery.azdigi.shop\/?product=coldbrew-nguyen-ban","title":{"rendered":"COLDBREW NGUY\u00caN B\u1ea2N"},"content":{"rendered":"<p data-start=\"486\" data-end=\"707\">Coldbrew nguy\u00ean b\u1ea3n \u0111\u01b0\u1ee3c pha t\u1eeb <strong data-start=\"518\" data-end=\"556\">100% Arabica \u1ee7 l\u1ea1nh trong 14 ti\u1ebfng<\/strong>. Qu\u00e1 tr\u00ecnh \u1ee7 ch\u1eadm gi\u00fap chi\u1ebft xu\u1ea5t h\u01b0\u01a1ng v\u1ecb t\u1ef1 nhi\u00ean. C\u00e0 ph\u00ea c\u00f3 v\u1ecb <strong data-start=\"623\" data-end=\"649\">\u0111\u1eadm r\u00f5 nh\u01b0ng kh\u00f4ng g\u1eaft<\/strong>. S\u1ea3n ph\u1ea9m kh\u00f4ng th\u00eam \u0111\u01b0\u1eddng n\u00ean gi\u1eef \u0111\u01b0\u1ee3c s\u1ef1 nguy\u00ean ch\u1ea5t.<\/p>\n<p data-start=\"709\" data-end=\"909\">Th\u1ee9c u\u1ed1ng n\u00e0y mang l\u1ea1i tr\u1ea3i nghi\u1ec7m kh\u00e1c bi\u1ec7t so v\u1edbi c\u00e0 ph\u00ea pha n\u00f3ng. V\u1ecb c\u00e0 ph\u00ea m\u01b0\u1ee3t h\u01a1n. H\u1eadu v\u1ecb s\u1ea1ch v\u00e0 k\u00e9o d\u00e0i. Nh\u1edd \u0111\u00f3, coldbrew nguy\u00ean b\u1ea3n ph\u00f9 h\u1ee3p v\u1edbi ng\u01b0\u1eddi th\u00edch <strong data-start=\"874\" data-end=\"906\">c\u00e0 ph\u00ea \u0111\u1eadm nh\u01b0ng v\u1eabn d\u1ec5 u\u1ed1ng<\/strong>.<\/p>\n<p data-start=\"911\" data-end=\"989\">N\u1ebfu b\u1ea1n quan t\u00e2m \u0111\u1ebfn c\u00e1c d\u00f2ng c\u00e0 ph\u00ea \u1ee7 l\u1ea1nh kh\u00e1c, b\u1ea1n c\u00f3 th\u1ec3 tham kh\u1ea3o th\u00eam:<\/p>\n<ul data-start=\"990\" data-end=\"1055\">\n<li data-section-id=\"1msscrf\" data-start=\"990\" data-end=\"1017\">\/menu\/coldbrew-kiwi-tao<\/li>\n<li data-section-id=\"1f9mis7\" data-start=\"1018\" data-end=\"1055\">\/menu\/coldbrew-mat-ong-hoa-ca-phe<\/li>\n<\/ul>\n<p data-start=\"1057\" data-end=\"1263\">Coldbrew nguy\u00ean b\u1ea3n ph\u00f9 h\u1ee3p v\u1edbi kh\u00e1ch <strong data-start=\"1095\" data-end=\"1119\">u\u1ed1ng \u0111\u01b0\u1ee3c c\u00e0 ph\u00ea \u0111\u1eadm<\/strong> v\u00e0 kh\u00f4ng th\u00edch v\u1ecb ng\u1ecdt. \u0110\u00e2y l\u00e0 l\u1ef1a ch\u1ecdn t\u1ed1t cho ng\u01b0\u1eddi y\u00eau th\u00edch c\u00e0 ph\u00ea nguy\u00ean ch\u1ea5t. S\u1ea3n ph\u1ea9m gi\u00fap gi\u1eef tr\u1ecdn h\u01b0\u01a1ng v\u1ecb t\u1ef1 nhi\u00ean c\u1ee7a h\u1ea1t Arabica.<\/p>\n<ul data-start=\"1265\" data-end=\"1303\">\n<li data-section-id=\"1esoohx\" data-start=\"1265\" data-end=\"1284\"><strong data-start=\"1267\" data-end=\"1278\">\u0110\u1ed9 \u0111\u1eadm:<\/strong> \u25cf\u25cf\u25cf<\/li>\n<li data-section-id=\"1v2fo8r\" data-start=\"1285\" data-end=\"1303\"><strong data-start=\"1287\" data-end=\"1299\">\u0110\u1ed9 ng\u1ecdt:<\/strong> 0<\/li>\n<\/ul>\n<p data-start=\"1305\" data-end=\"1483\">Tuy nhi\u00ean, coldbrew nguy\u00ean b\u1ea3n kh\u00f4ng ph\u00f9 h\u1ee3p v\u1edbi ng\u01b0\u1eddi <strong data-start=\"1360\" data-end=\"1386\">kh\u00f4ng quen u\u1ed1ng c\u00e0 ph\u00ea<\/strong> ho\u1eb7c nh\u1ea1y c\u1ea3m v\u1edbi caffeine. Trong tr\u01b0\u1eddng h\u1ee3p \u0111\u00f3, b\u1ea1n c\u00f3 th\u1ec3 ch\u1ecdn c\u00e1c lo\u1ea1i \u0111\u1ed3 u\u1ed1ng nh\u1eb9 h\u01a1n t\u1ea1i:<\/p>\n<ul data-start=\"1484\" data-end=\"1506\">\n<li data-section-id=\"auyte1\" data-start=\"1484\" data-end=\"1506\">\/menu\/tra-trai-cay<\/li>\n<\/ul>\n<p data-start=\"1508\" data-end=\"1607\">S\u1ea3n ph\u1ea9m ch\u1ec9 c\u00f3 phi\u00ean b\u1ea3n l\u1ea1nh. \u0110i\u1ec1u n\u00e0y gi\u00fap gi\u1eef tr\u1ecdn h\u01b0\u01a1ng v\u1ecb \u0111\u1eb7c tr\u01b0ng c\u1ee7a ph\u01b0\u01a1ng ph\u00e1p \u1ee7 l\u1ea1nh.<\/p>\n<p data-start=\"1707\" data-end=\"1733\">Gi\u00e1 \u0111\u00e3 bao g\u1ed3m <strong data-start=\"1722\" data-end=\"1732\">8% VAT<\/strong>.<\/p>\n","protected":false},"excerpt":{"rendered":"<p>Coldbrew nguy\u00ean b\u1ea3n \u0111\u01b0\u1ee3c pha t\u1eeb 100% Arabica \u1ee7 l\u1ea1nh trong 14 ti\u1ebfng. Qu\u00e1 tr\u00ecnh \u1ee7 ch\u1eadm gi\u00fap chi\u1ebft xu\u1ea5t h\u01b0\u01a1ng v\u1ecb t\u1ef1 nhi\u00ean. C\u00e0 ph\u00ea c\u00f3 v\u1ecb \u0111\u1eadm r\u00f5 nh\u01b0ng kh\u00f4ng g\u1eaft. S\u1ea3n ph\u1ea9m kh\u00f4ng th\u00eam \u0111\u01b0\u1eddng n\u00ean gi\u1eef \u0111\u01b0\u1ee3c s\u1ef1 nguy\u00ean ch\u1ea5t. Th\u1ee9c u\u1ed1ng n\u00e0y mang l\u1ea1i tr\u1ea3i nghi\u1ec7m kh\u00e1c bi\u1ec7t so v\u1edbi [&#8230;]\n","protected":false},"featured_media":141,"comment_status":"open","ping_status":"closed","template":"","meta":[],"product_brand":[],"product_cat":[29],"product_tag":[],"class_list":{"0":"post-245","1":"product","2":"type-product","3":"status-publish","4":"has-post-thumbnail","6":"product_cat-ca-phe-dong-chai","8":"first","9":"onbackorder","10":"shipping-taxable","11":"purchasable","12":"product-type-variable"},"yoast_head":"<!-- This site is optimized with the Yoast SEO plugin v27.1.1 - https:\/\/yoast.com\/product\/yoast-seo-wordpress\/ -->\n<title>Coldbrew nguy\u00ean b\u1ea3n \u2013 c\u00e0 ph\u00ea \u1ee7 l\u1ea1nh \u0111\u1eadm, kh\u00f4ng \u0111\u01b0\u1eddng- Vietnamesecoffee<\/title>\n<meta name=\"description\" content=\"Coldbrew nguy\u00ean b\u1ea3n t\u1eeb 100% Arabica \u1ee7 l\u1ea1nh 14 ti\u1ebfng. V\u1ecb \u0111\u1eadm r\u00f5, kh\u00f4ng \u0111\u01b0\u1eddng. Ph\u00f9 h\u1ee3p ng\u01b0\u1eddi th\u00edch c\u00e0 ph\u00ea m\u1ea1nh v\u00e0 nguy\u00ean ch\u1ea5t.\" \/>\n<meta name=\"robots\" content=\"index, follow, max-snippet:-1, max-image-preview:large, max-video-preview:-1\" \/>\n<link rel=\"canonical\" href=\"https:\/\/chocobakery.azdigi.shop\/?product=coldbrew-nguyen-ban\" \/>\n<meta property=\"og:locale\" content=\"vi_VN\" \/>\n<meta property=\"og:type\" content=\"article\" \/>\n<meta property=\"og:title\" content=\"Coldbrew nguy\u00ean b\u1ea3n \u2013 c\u00e0 ph\u00ea \u1ee7 l\u1ea1nh \u0111\u1eadm, kh\u00f4ng \u0111\u01b0\u1eddng- Vietnamesecoffee\" \/>\n<meta property=\"og:description\" content=\"Coldbrew nguy\u00ean b\u1ea3n t\u1eeb 100% Arabica \u1ee7 l\u1ea1nh 14 ti\u1ebfng. V\u1ecb \u0111\u1eadm r\u00f5, kh\u00f4ng \u0111\u01b0\u1eddng. Ph\u00f9 h\u1ee3p ng\u01b0\u1eddi th\u00edch c\u00e0 ph\u00ea m\u1ea1nh v\u00e0 nguy\u00ean ch\u1ea5t.\" \/>\n<meta property=\"og:url\" content=\"https:\/\/chocobakery.azdigi.shop\/?product=coldbrew-nguyen-ban\" \/>\n<meta property=\"og:site_name\" content=\"Vietnamesecoffee\" \/>\n<meta property=\"article:modified_time\" content=\"2026-04-25T01:40:56+00:00\" \/>\n<meta property=\"og:image\" content=\"https:\/\/chocobakery.azdigi.shop\/wp-content\/uploads\/2026\/03\/cold-brew-nguyen-ban.png\" \/>\n\t<meta property=\"og:image:width\" content=\"600\" \/>\n\t<meta property=\"og:image:height\" content=\"600\" \/>\n\t<meta property=\"og:image:type\" content=\"image\/png\" \/>\n<meta name=\"twitter:card\" content=\"summary_large_image\" \/>\n<meta name=\"twitter:label1\" content=\"\u01af\u1edbc t\u00ednh th\u1eddi gian \u0111\u1ecdc\" \/>\n\t<meta name=\"twitter:data1\" content=\"2 ph\u00fat\" \/>\n<script type=\"application\/ld+json\" class=\"yoast-schema-graph\">{\"@context\":\"https:\/\/schema.org\",\"@graph\":[{\"@type\":\"WebPage\",\"@id\":\"https:\/\/chocobakery.azdigi.shop\/?product=coldbrew-nguyen-ban\",\"url\":\"https:\/\/chocobakery.azdigi.shop\/?product=coldbrew-nguyen-ban\",\"name\":\"Coldbrew nguy\u00ean b\u1ea3n \u2013 c\u00e0 ph\u00ea \u1ee7 l\u1ea1nh \u0111\u1eadm, kh\u00f4ng \u0111\u01b0\u1eddng- Vietnamesecoffee\",\"isPartOf\":{\"@id\":\"https:\/\/chocobakery.azdigi.shop\/#website\"},\"primaryImageOfPage\":{\"@id\":\"https:\/\/chocobakery.azdigi.shop\/?product=coldbrew-nguyen-ban#primaryimage\"},\"image\":{\"@id\":\"https:\/\/chocobakery.azdigi.shop\/?product=coldbrew-nguyen-ban#primaryimage\"},\"thumbnailUrl\":\"https:\/\/chocobakery.azdigi.shop\/wp-content\/uploads\/2026\/03\/cold-brew-nguyen-ban.png\",\"datePublished\":\"2026-04-04T04:19:52+00:00\",\"dateModified\":\"2026-04-25T01:40:56+00:00\",\"description\":\"Coldbrew nguy\u00ean b\u1ea3n t\u1eeb 100% Arabica \u1ee7 l\u1ea1nh 14 ti\u1ebfng. V\u1ecb \u0111\u1eadm r\u00f5, kh\u00f4ng \u0111\u01b0\u1eddng. Ph\u00f9 h\u1ee3p ng\u01b0\u1eddi th\u00edch c\u00e0 ph\u00ea m\u1ea1nh v\u00e0 nguy\u00ean ch\u1ea5t.\",\"breadcrumb\":{\"@id\":\"https:\/\/chocobakery.azdigi.shop\/?product=coldbrew-nguyen-ban#breadcrumb\"},\"inLanguage\":\"vi\",\"potentialAction\":[{\"@type\":\"ReadAction\",\"target\":[\"https:\/\/chocobakery.azdigi.shop\/?product=coldbrew-nguyen-ban\"]}]},{\"@type\":\"ImageObject\",\"inLanguage\":\"vi\",\"@id\":\"https:\/\/chocobakery.azdigi.shop\/?product=coldbrew-nguyen-ban#primaryimage\",\"url\":\"https:\/\/chocobakery.azdigi.shop\/wp-content\/uploads\/2026\/03\/cold-brew-nguyen-ban.png\",\"contentUrl\":\"https:\/\/chocobakery.azdigi.shop\/wp-content\/uploads\/2026\/03\/cold-brew-nguyen-ban.png\",\"width\":600,\"height\":600},{\"@type\":\"BreadcrumbList\",\"@id\":\"https:\/\/chocobakery.azdigi.shop\/?product=coldbrew-nguyen-ban#breadcrumb\",\"itemListElement\":[{\"@type\":\"ListItem\",\"position\":1,\"name\":\"Trang ch\u1ee7\",\"item\":\"https:\/\/chocobakery.azdigi.shop\/\"},{\"@type\":\"ListItem\",\"position\":2,\"name\":\"C\u1eeda h\u00e0ng\",\"item\":\"https:\/\/chocobakery.azdigi.shop\/?page_id=212\"},{\"@type\":\"ListItem\",\"position\":3,\"name\":\"COLDBREW NGUY\u00caN B\u1ea2N\"}]},{\"@type\":\"WebSite\",\"@id\":\"https:\/\/chocobakery.azdigi.shop\/#website\",\"url\":\"https:\/\/chocobakery.azdigi.shop\/\",\"name\":\"Vietnamesecoffee\",\"description\":\"\",\"potentialAction\":[{\"@type\":\"SearchAction\",\"target\":{\"@type\":\"EntryPoint\",\"urlTemplate\":\"https:\/\/chocobakery.azdigi.shop\/?s={search_term_string}\"},\"query-input\":{\"@type\":\"PropertyValueSpecification\",\"valueRequired\":true,\"valueName\":\"search_term_string\"}}],\"inLanguage\":\"vi\"}]}<\/script>\n<!-- \/ Yoast SEO plugin. -->","yoast_head_json":{"title":"Coldbrew nguy\u00ean b\u1ea3n \u2013 c\u00e0 ph\u00ea \u1ee7 l\u1ea1nh \u0111\u1eadm, kh\u00f4ng \u0111\u01b0\u1eddng- Vietnamesecoffee","description":"Coldbrew nguy\u00ean b\u1ea3n t\u1eeb 100% Arabica \u1ee7 l\u1ea1nh 14 ti\u1ebfng. V\u1ecb \u0111\u1eadm r\u00f5, kh\u00f4ng \u0111\u01b0\u1eddng. Ph\u00f9 h\u1ee3p ng\u01b0\u1eddi th\u00edch c\u00e0 ph\u00ea m\u1ea1nh v\u00e0 nguy\u00ean ch\u1ea5t.","robots":{"index":"index","follow":"follow","max-snippet":"max-snippet:-1","max-image-preview":"max-image-preview:large","max-video-preview":"max-video-preview:-1"},"canonical":"https:\/\/chocobakery.azdigi.shop\/?product=coldbrew-nguyen-ban","og_locale":"vi_VN","og_type":"article","og_title":"Coldbrew nguy\u00ean b\u1ea3n \u2013 c\u00e0 ph\u00ea \u1ee7 l\u1ea1nh \u0111\u1eadm, kh\u00f4ng \u0111\u01b0\u1eddng- Vietnamesecoffee","og_description":"Coldbrew nguy\u00ean b\u1ea3n t\u1eeb 100% Arabica \u1ee7 l\u1ea1nh 14 ti\u1ebfng. V\u1ecb \u0111\u1eadm r\u00f5, kh\u00f4ng \u0111\u01b0\u1eddng. Ph\u00f9 h\u1ee3p ng\u01b0\u1eddi th\u00edch c\u00e0 ph\u00ea m\u1ea1nh v\u00e0 nguy\u00ean ch\u1ea5t.","og_url":"https:\/\/chocobakery.azdigi.shop\/?product=coldbrew-nguyen-ban","og_site_name":"Vietnamesecoffee","article_modified_time":"2026-04-25T01:40:56+00:00","og_image":[{"width":600,"height":600,"url":"https:\/\/chocobakery.azdigi.shop\/wp-content\/uploads\/2026\/03\/cold-brew-nguyen-ban.png","type":"image\/png"}],"twitter_card":"summary_large_image","twitter_misc":{"\u01af\u1edbc t\u00ednh th\u1eddi gian \u0111\u1ecdc":"2 ph\u00fat"},"schema":{"@context":"https:\/\/schema.org","@graph":[{"@type":"WebPage","@id":"https:\/\/chocobakery.azdigi.shop\/?product=coldbrew-nguyen-ban","url":"https:\/\/chocobakery.azdigi.shop\/?product=coldbrew-nguyen-ban","name":"Coldbrew nguy\u00ean b\u1ea3n \u2013 c\u00e0 ph\u00ea \u1ee7 l\u1ea1nh \u0111\u1eadm, kh\u00f4ng \u0111\u01b0\u1eddng- Vietnamesecoffee","isPartOf":{"@id":"https:\/\/chocobakery.azdigi.shop\/#website"},"primaryImageOfPage":{"@id":"https:\/\/chocobakery.azdigi.shop\/?product=coldbrew-nguyen-ban#primaryimage"},"image":{"@id":"https:\/\/chocobakery.azdigi.shop\/?product=coldbrew-nguyen-ban#primaryimage"},"thumbnailUrl":"https:\/\/chocobakery.azdigi.shop\/wp-content\/uploads\/2026\/03\/cold-brew-nguyen-ban.png","datePublished":"2026-04-04T04:19:52+00:00","dateModified":"2026-04-25T01:40:56+00:00","description":"Coldbrew nguy\u00ean b\u1ea3n t\u1eeb 100% Arabica \u1ee7 l\u1ea1nh 14 ti\u1ebfng. V\u1ecb \u0111\u1eadm r\u00f5, kh\u00f4ng \u0111\u01b0\u1eddng. Ph\u00f9 h\u1ee3p ng\u01b0\u1eddi th\u00edch c\u00e0 ph\u00ea m\u1ea1nh v\u00e0 nguy\u00ean ch\u1ea5t.","breadcrumb":{"@id":"https:\/\/chocobakery.azdigi.shop\/?product=coldbrew-nguyen-ban#breadcrumb"},"inLanguage":"vi","potentialAction":[{"@type":"ReadAction","target":["https:\/\/chocobakery.azdigi.shop\/?product=coldbrew-nguyen-ban"]}]},{"@type":"ImageObject","inLanguage":"vi","@id":"https:\/\/chocobakery.azdigi.shop\/?product=coldbrew-nguyen-ban#primaryimage","url":"https:\/\/chocobakery.azdigi.shop\/wp-content\/uploads\/2026\/03\/cold-brew-nguyen-ban.png","contentUrl":"https:\/\/chocobakery.azdigi.shop\/wp-content\/uploads\/2026\/03\/cold-brew-nguyen-ban.png","width":600,"height":600},{"@type":"BreadcrumbList","@id":"https:\/\/chocobakery.azdigi.shop\/?product=coldbrew-nguyen-ban#breadcrumb","itemListElement":[{"@type":"ListItem","position":1,"name":"Trang ch\u1ee7","item":"https:\/\/chocobakery.azdigi.shop\/"},{"@type":"ListItem","position":2,"name":"C\u1eeda h\u00e0ng","item":"https:\/\/chocobakery.azdigi.shop\/?page_id=212"},{"@type":"ListItem","position":3,"name":"COLDBREW NGUY\u00caN B\u1ea2N"}]},{"@type":"WebSite","@id":"https:\/\/chocobakery.azdigi.shop\/#website","url":"https:\/\/chocobakery.azdigi.shop\/","name":"Vietnamesecoffee","description":"","potentialAction":[{"@type":"SearchAction","target":{"@type":"EntryPoint","urlTemplate":"https:\/\/chocobakery.azdigi.shop\/?s={search_term_string}"},"query-input":{"@type":"PropertyValueSpecification","valueRequired":true,"valueName":"search_term_string"}}],"inLanguage":"vi"}]}},"_links":{"self":[{"href":"https:\/\/chocobakery.azdigi.shop\/index.php?rest_route=\/wp\/v2\/product\/245","targetHints":{"allow":["GET"]}}],"collection":[{"href":"https:\/\/chocobakery.azdigi.shop\/index.php?rest_route=\/wp\/v2\/product"}],"about":[{"href":"https:\/\/chocobakery.azdigi.shop\/index.php?rest_route=\/wp\/v2\/types\/product"}],"replies":[{"embeddable":true,"href":"https:\/\/chocobakery.azdigi.shop\/index.php?rest_route=%2Fwp%2Fv2%2Fcomments&post=245"}],"wp:featuredmedia":[{"embeddable":true,"href":"https:\/\/chocobakery.azdigi.shop\/index.php?rest_route=\/wp\/v2\/media\/141"}],"wp:attachment":[{"href":"https:\/\/chocobakery.azdigi.shop\/index.php?rest_route=%2Fwp%2Fv2%2Fmedia&parent=245"}],"wp:term":[{"taxonomy":"product_brand","embeddable":true,"href":"https:\/\/chocobakery.azdigi.shop\/index.php?rest_route=%2Fwp%2Fv2%2Fproduct_brand&post=245"},{"taxonomy":"product_cat","embeddable":true,"href":"https:\/\/chocobakery.azdigi.shop\/index.php?rest_route=%2Fwp%2Fv2%2Fproduct_cat&post=245"},{"taxonomy":"product_tag","embeddable":true,"href":"https:\/\/chocobakery.azdigi.shop\/index.php?rest_route=%2Fwp%2Fv2%2Fproduct_tag&post=245"}],"curies":[{"name":"wp","href":"https:\/\/api.w.org\/{rel}","templated":true}]}}