{"id":241,"date":"2026-04-04T04:05:47","date_gmt":"2026-04-04T04:05:47","guid":{"rendered":"https:\/\/chocobakery.azdigi.shop\/?post_type=product&#038;p=241"},"modified":"2026-04-11T04:28:26","modified_gmt":"2026-04-11T04:28:26","slug":"coldbrew-kiwi-tao","status":"publish","type":"product","link":"https:\/\/chocobakery.azdigi.shop\/?product=coldbrew-kiwi-tao","title":{"rendered":"COLDBREW KIWI T\u00c1O"},"content":{"rendered":"<p data-start=\"557\" data-end=\"787\">Coldbrew kiwi t\u00e1o l\u00e0 th\u1ee9c u\u1ed1ng pha t\u1eeb <strong data-start=\"595\" data-end=\"625\">c\u00e0 ph\u00ea 100% Arabica \u1ee7 l\u1ea1nh<\/strong>. H\u01b0\u01a1ng v\u1ecb \u0111\u01b0\u1ee3c k\u1ebft h\u1ee3p c\u00f9ng <strong data-start=\"654\" data-end=\"681\">siro kiwi t\u00e1o home-made<\/strong>, t\u1ea1o n\u00ean c\u1ea3m gi\u00e1c <strong data-start=\"700\" data-end=\"735\">chua ng\u1ecdt c\u00e2n b\u1eb1ng v\u00e0 thanh m\u00e1t<\/strong>. S\u1ea3n ph\u1ea9m \u0111\u01b0\u1ee3c ph\u1ee5c v\u1ee5 l\u1ea1nh \u0111\u1ec3 gi\u1eef tr\u1ecdn h\u01b0\u01a1ng v\u1ecb.<\/p>\n<p data-start=\"789\" data-end=\"966\">Th\u1ee9c u\u1ed1ng n\u00e0y mang l\u1ea1i tr\u1ea3i nghi\u1ec7m nh\u1eb9 nh\u00e0ng h\u01a1n so v\u1edbi c\u00e0 ph\u00ea truy\u1ec1n th\u1ed1ng. V\u1ecb c\u00e0 ph\u00ea kh\u00f4ng qu\u00e1 g\u1eaft. H\u1eadu v\u1ecb tr\u00e1i c\u00e2y gi\u00fap t\u1ed5ng th\u1ec3 tr\u1edf n\u00ean d\u1ec5 u\u1ed1ng v\u00e0 ph\u00f9 h\u1ee3p v\u1edbi nhi\u1ec1u ng\u01b0\u1eddi.<\/p>\n<p data-start=\"968\" data-end=\"1034\">N\u1ebfu b\u1ea1n th\u00edch c\u00e1c d\u00f2ng c\u00e0 ph\u00ea \u1ee7 l\u1ea1nh, b\u1ea1n c\u00f3 th\u1ec3 tham kh\u1ea3o th\u00eam:<\/p>\n<ul data-start=\"1035\" data-end=\"1104\">\n<li data-section-id=\"bd663q\" data-start=\"1035\" data-end=\"1066\">\/menu\/coldbrew-truyen-thong<\/li>\n<li data-section-id=\"1f9mis7\" data-start=\"1067\" data-end=\"1104\">\/menu\/coldbrew-mat-ong-hoa-ca-phe<\/li>\n<\/ul>\n<p data-start=\"1106\" data-end=\"1283\">Coldbrew kiwi t\u00e1o ph\u00f9 h\u1ee3p v\u1edbi ng\u01b0\u1eddi <strong data-start=\"1142\" data-end=\"1162\">u\u1ed1ng \u0111\u01b0\u1ee3c c\u00e0 ph\u00ea<\/strong> nh\u01b0ng kh\u00f4ng th\u00edch v\u1ecb qu\u00e1 \u0111\u1eadm. \u0110\u00e2y c\u0169ng l\u00e0 l\u1ef1a ch\u1ecdn t\u1ed1t cho ng\u01b0\u1eddi th\u00edch <strong data-start=\"1234\" data-end=\"1280\">\u0111\u1ed3 u\u1ed1ng c\u00f3 v\u1ecb tr\u00e1i c\u00e2y v\u00e0 \u0111\u1ed9 ng\u1ecdt v\u1eeba ph\u1ea3i<\/strong>.<\/p>\n<ul data-start=\"1285\" data-end=\"1323\">\n<li data-section-id=\"1pswk5m\" data-start=\"1285\" data-end=\"1303\"><strong data-start=\"1287\" data-end=\"1298\">\u0110\u1ed9 \u0111\u1eadm:<\/strong> \u25cf\u25cf<\/li>\n<li data-section-id=\"f990sr\" data-start=\"1304\" data-end=\"1323\"><strong data-start=\"1306\" data-end=\"1318\">\u0110\u1ed9 ng\u1ecdt:<\/strong> \u25cf\u25cf<\/li>\n<\/ul>\n<p data-start=\"1325\" data-end=\"1495\">Tuy nhi\u00ean, s\u1ea3n ph\u1ea9m kh\u00f4ng ph\u00f9 h\u1ee3p v\u1edbi ng\u01b0\u1eddi <strong data-start=\"1369\" data-end=\"1397\">kh\u00f4ng d\u00f9ng \u0111\u01b0\u1ee3c caffeine<\/strong> ho\u1eb7c kh\u00f4ng th\u00edch v\u1ecb ng\u1ecdt. Trong tr\u01b0\u1eddng h\u1ee3p \u0111\u00f3, b\u1ea1n c\u00f3 th\u1ec3 ch\u1ecdn c\u00e1c d\u00f2ng n\u01b0\u1edbc thanh m\u00e1t h\u01a1n t\u1ea1i:<\/p>\n<ul data-start=\"1496\" data-end=\"1518\">\n<li data-section-id=\"auyte1\" data-start=\"1496\" data-end=\"1518\">\/menu\/tra-trai-cay<\/li>\n<\/ul>\n<p data-start=\"1520\" data-end=\"1652\">B\u1ea1n c\u00f3 th\u1ec3 y\u00eau c\u1ea7u \u0111i\u1ec1u ch\u1ec9nh \u0111\u1ed9 ng\u1ecdt theo kh\u1ea9u v\u1ecb. Tuy nhi\u00ean, kh\u00f4ng n\u00ean thay \u0111\u1ed5i qu\u00e1 nhi\u1ec1u \u0111\u1ec3 gi\u1eef \u0111\u01b0\u1ee3c h\u01b0\u01a1ng v\u1ecb c\u00e2n b\u1eb1ng ban \u0111\u1ea7u.<\/p>\n","protected":false},"excerpt":{"rendered":"<p>Coldbrew kiwi t\u00e1o l\u00e0 th\u1ee9c u\u1ed1ng pha t\u1eeb c\u00e0 ph\u00ea 100% Arabica \u1ee7 l\u1ea1nh. H\u01b0\u01a1ng v\u1ecb \u0111\u01b0\u1ee3c k\u1ebft h\u1ee3p c\u00f9ng siro kiwi t\u00e1o home-made, t\u1ea1o n\u00ean c\u1ea3m gi\u00e1c chua ng\u1ecdt c\u00e2n b\u1eb1ng v\u00e0 thanh m\u00e1t. S\u1ea3n ph\u1ea9m \u0111\u01b0\u1ee3c ph\u1ee5c v\u1ee5 l\u1ea1nh \u0111\u1ec3 gi\u1eef tr\u1ecdn h\u01b0\u01a1ng v\u1ecb. Th\u1ee9c u\u1ed1ng n\u00e0y mang l\u1ea1i tr\u1ea3i nghi\u1ec7m nh\u1eb9 nh\u00e0ng [&#8230;]\n","protected":false},"featured_media":143,"comment_status":"open","ping_status":"closed","template":"","meta":[],"product_brand":[20],"product_cat":[29],"product_tag":[],"class_list":{"0":"post-241","1":"product","2":"type-product","3":"status-publish","4":"has-post-thumbnail","6":"product_brand-deepsi","7":"product_cat-ca-phe-dong-chai","9":"first","10":"instock","11":"shipping-taxable","12":"purchasable","13":"product-type-variable"},"yoast_head":"<!-- This site is optimized with the Yoast SEO plugin v27.1.1 - https:\/\/yoast.com\/product\/yoast-seo-wordpress\/ -->\n<title>Coldbrew kiwi t\u00e1o \u2013 c\u00e0 ph\u00ea \u1ee7 l\u1ea1nh chua ng\u1ecdt d\u1ec5 u\u1ed1ng- Vietnamesecoffee<\/title>\n<meta name=\"description\" content=\"Coldbrew kiwi t\u00e1o t\u1eeb Arabica \u1ee7 l\u1ea1nh. V\u1ecb chua ng\u1ecdt c\u00e2n b\u1eb1ng, d\u1ec5 u\u1ed1ng. Ph\u00f9 h\u1ee3p ng\u01b0\u1eddi th\u00edch c\u00e0 ph\u00ea nh\u1eb9 v\u00e0 h\u01b0\u01a1ng tr\u00e1i c\u00e2y.\" \/>\n<meta name=\"robots\" content=\"index, follow, max-snippet:-1, max-image-preview:large, max-video-preview:-1\" \/>\n<link rel=\"canonical\" href=\"https:\/\/chocobakery.azdigi.shop\/index.php\/san-pham\/coldbrew-kiwi-tao\/\" \/>\n<meta property=\"og:locale\" content=\"vi_VN\" \/>\n<meta property=\"og:type\" content=\"article\" \/>\n<meta property=\"og:title\" content=\"Coldbrew kiwi t\u00e1o \u2013 c\u00e0 ph\u00ea \u1ee7 l\u1ea1nh chua ng\u1ecdt d\u1ec5 u\u1ed1ng- Vietnamesecoffee\" \/>\n<meta property=\"og:description\" content=\"Coldbrew kiwi t\u00e1o t\u1eeb Arabica \u1ee7 l\u1ea1nh. V\u1ecb chua ng\u1ecdt c\u00e2n b\u1eb1ng, d\u1ec5 u\u1ed1ng. Ph\u00f9 h\u1ee3p ng\u01b0\u1eddi th\u00edch c\u00e0 ph\u00ea nh\u1eb9 v\u00e0 h\u01b0\u01a1ng tr\u00e1i c\u00e2y.\" \/>\n<meta property=\"og:url\" content=\"https:\/\/chocobakery.azdigi.shop\/index.php\/san-pham\/coldbrew-kiwi-tao\/\" \/>\n<meta property=\"og:site_name\" content=\"Vietnamesecoffee\" \/>\n<meta property=\"article:modified_time\" content=\"2026-04-11T04:28:26+00:00\" \/>\n<meta property=\"og:image\" content=\"https:\/\/chocobakery.azdigi.shop\/wp-content\/uploads\/2026\/03\/coldbrew-dau-tam.png\" \/>\n\t<meta property=\"og:image:width\" content=\"600\" \/>\n\t<meta property=\"og:image:height\" content=\"600\" \/>\n\t<meta property=\"og:image:type\" content=\"image\/png\" \/>\n<meta name=\"twitter:card\" content=\"summary_large_image\" \/>\n<meta name=\"twitter:label1\" content=\"\u01af\u1edbc t\u00ednh th\u1eddi gian \u0111\u1ecdc\" \/>\n\t<meta name=\"twitter:data1\" content=\"2 ph\u00fat\" \/>\n<script type=\"application\/ld+json\" class=\"yoast-schema-graph\">{\"@context\":\"https:\/\/schema.org\",\"@graph\":[{\"@type\":\"WebPage\",\"@id\":\"https:\/\/chocobakery.azdigi.shop\/index.php\/san-pham\/coldbrew-kiwi-tao\/\",\"url\":\"https:\/\/chocobakery.azdigi.shop\/index.php\/san-pham\/coldbrew-kiwi-tao\/\",\"name\":\"Coldbrew kiwi t\u00e1o \u2013 c\u00e0 ph\u00ea \u1ee7 l\u1ea1nh chua ng\u1ecdt d\u1ec5 u\u1ed1ng- Vietnamesecoffee\",\"isPartOf\":{\"@id\":\"https:\/\/chocobakery.azdigi.shop\/#website\"},\"primaryImageOfPage\":{\"@id\":\"https:\/\/chocobakery.azdigi.shop\/index.php\/san-pham\/coldbrew-kiwi-tao\/#primaryimage\"},\"image\":{\"@id\":\"https:\/\/chocobakery.azdigi.shop\/index.php\/san-pham\/coldbrew-kiwi-tao\/#primaryimage\"},\"thumbnailUrl\":\"https:\/\/chocobakery.azdigi.shop\/wp-content\/uploads\/2026\/03\/coldbrew-dau-tam.png\",\"datePublished\":\"2026-04-04T04:05:47+00:00\",\"dateModified\":\"2026-04-11T04:28:26+00:00\",\"description\":\"Coldbrew kiwi t\u00e1o t\u1eeb Arabica \u1ee7 l\u1ea1nh. V\u1ecb chua ng\u1ecdt c\u00e2n b\u1eb1ng, d\u1ec5 u\u1ed1ng. Ph\u00f9 h\u1ee3p ng\u01b0\u1eddi th\u00edch c\u00e0 ph\u00ea nh\u1eb9 v\u00e0 h\u01b0\u01a1ng tr\u00e1i c\u00e2y.\",\"breadcrumb\":{\"@id\":\"https:\/\/chocobakery.azdigi.shop\/index.php\/san-pham\/coldbrew-kiwi-tao\/#breadcrumb\"},\"inLanguage\":\"vi\",\"potentialAction\":[{\"@type\":\"ReadAction\",\"target\":[\"https:\/\/chocobakery.azdigi.shop\/index.php\/san-pham\/coldbrew-kiwi-tao\/\"]}]},{\"@type\":\"ImageObject\",\"inLanguage\":\"vi\",\"@id\":\"https:\/\/chocobakery.azdigi.shop\/index.php\/san-pham\/coldbrew-kiwi-tao\/#primaryimage\",\"url\":\"https:\/\/chocobakery.azdigi.shop\/wp-content\/uploads\/2026\/03\/coldbrew-dau-tam.png\",\"contentUrl\":\"https:\/\/chocobakery.azdigi.shop\/wp-content\/uploads\/2026\/03\/coldbrew-dau-tam.png\",\"width\":600,\"height\":600},{\"@type\":\"BreadcrumbList\",\"@id\":\"https:\/\/chocobakery.azdigi.shop\/index.php\/san-pham\/coldbrew-kiwi-tao\/#breadcrumb\",\"itemListElement\":[{\"@type\":\"ListItem\",\"position\":1,\"name\":\"Trang ch\u1ee7\",\"item\":\"https:\/\/chocobakery.azdigi.shop\/\"},{\"@type\":\"ListItem\",\"position\":2,\"name\":\"C\u1eeda h\u00e0ng\",\"item\":\"https:\/\/chocobakery.azdigi.shop\/?page_id=212\"},{\"@type\":\"ListItem\",\"position\":3,\"name\":\"COLDBREW KIWI T\u00c1O\"}]},{\"@type\":\"WebSite\",\"@id\":\"https:\/\/chocobakery.azdigi.shop\/#website\",\"url\":\"https:\/\/chocobakery.azdigi.shop\/\",\"name\":\"Vietnamesecoffee\",\"description\":\"\",\"potentialAction\":[{\"@type\":\"SearchAction\",\"target\":{\"@type\":\"EntryPoint\",\"urlTemplate\":\"https:\/\/chocobakery.azdigi.shop\/?s={search_term_string}\"},\"query-input\":{\"@type\":\"PropertyValueSpecification\",\"valueRequired\":true,\"valueName\":\"search_term_string\"}}],\"inLanguage\":\"vi\"}]}<\/script>\n<!-- \/ Yoast SEO plugin. -->","yoast_head_json":{"title":"Coldbrew kiwi t\u00e1o \u2013 c\u00e0 ph\u00ea \u1ee7 l\u1ea1nh chua ng\u1ecdt d\u1ec5 u\u1ed1ng- Vietnamesecoffee","description":"Coldbrew kiwi t\u00e1o t\u1eeb Arabica \u1ee7 l\u1ea1nh. V\u1ecb chua ng\u1ecdt c\u00e2n b\u1eb1ng, d\u1ec5 u\u1ed1ng. Ph\u00f9 h\u1ee3p ng\u01b0\u1eddi th\u00edch c\u00e0 ph\u00ea nh\u1eb9 v\u00e0 h\u01b0\u01a1ng tr\u00e1i c\u00e2y.","robots":{"index":"index","follow":"follow","max-snippet":"max-snippet:-1","max-image-preview":"max-image-preview:large","max-video-preview":"max-video-preview:-1"},"canonical":"https:\/\/chocobakery.azdigi.shop\/index.php\/san-pham\/coldbrew-kiwi-tao\/","og_locale":"vi_VN","og_type":"article","og_title":"Coldbrew kiwi t\u00e1o \u2013 c\u00e0 ph\u00ea \u1ee7 l\u1ea1nh chua ng\u1ecdt d\u1ec5 u\u1ed1ng- Vietnamesecoffee","og_description":"Coldbrew kiwi t\u00e1o t\u1eeb Arabica \u1ee7 l\u1ea1nh. V\u1ecb chua ng\u1ecdt c\u00e2n b\u1eb1ng, d\u1ec5 u\u1ed1ng. Ph\u00f9 h\u1ee3p ng\u01b0\u1eddi th\u00edch c\u00e0 ph\u00ea nh\u1eb9 v\u00e0 h\u01b0\u01a1ng tr\u00e1i c\u00e2y.","og_url":"https:\/\/chocobakery.azdigi.shop\/index.php\/san-pham\/coldbrew-kiwi-tao\/","og_site_name":"Vietnamesecoffee","article_modified_time":"2026-04-11T04:28:26+00:00","og_image":[{"width":600,"height":600,"url":"https:\/\/chocobakery.azdigi.shop\/wp-content\/uploads\/2026\/03\/coldbrew-dau-tam.png","type":"image\/png"}],"twitter_card":"summary_large_image","twitter_misc":{"\u01af\u1edbc t\u00ednh th\u1eddi gian \u0111\u1ecdc":"2 ph\u00fat"},"schema":{"@context":"https:\/\/schema.org","@graph":[{"@type":"WebPage","@id":"https:\/\/chocobakery.azdigi.shop\/index.php\/san-pham\/coldbrew-kiwi-tao\/","url":"https:\/\/chocobakery.azdigi.shop\/index.php\/san-pham\/coldbrew-kiwi-tao\/","name":"Coldbrew kiwi t\u00e1o \u2013 c\u00e0 ph\u00ea \u1ee7 l\u1ea1nh chua ng\u1ecdt d\u1ec5 u\u1ed1ng- Vietnamesecoffee","isPartOf":{"@id":"https:\/\/chocobakery.azdigi.shop\/#website"},"primaryImageOfPage":{"@id":"https:\/\/chocobakery.azdigi.shop\/index.php\/san-pham\/coldbrew-kiwi-tao\/#primaryimage"},"image":{"@id":"https:\/\/chocobakery.azdigi.shop\/index.php\/san-pham\/coldbrew-kiwi-tao\/#primaryimage"},"thumbnailUrl":"https:\/\/chocobakery.azdigi.shop\/wp-content\/uploads\/2026\/03\/coldbrew-dau-tam.png","datePublished":"2026-04-04T04:05:47+00:00","dateModified":"2026-04-11T04:28:26+00:00","description":"Coldbrew kiwi t\u00e1o t\u1eeb Arabica \u1ee7 l\u1ea1nh. V\u1ecb chua ng\u1ecdt c\u00e2n b\u1eb1ng, d\u1ec5 u\u1ed1ng. Ph\u00f9 h\u1ee3p ng\u01b0\u1eddi th\u00edch c\u00e0 ph\u00ea nh\u1eb9 v\u00e0 h\u01b0\u01a1ng tr\u00e1i c\u00e2y.","breadcrumb":{"@id":"https:\/\/chocobakery.azdigi.shop\/index.php\/san-pham\/coldbrew-kiwi-tao\/#breadcrumb"},"inLanguage":"vi","potentialAction":[{"@type":"ReadAction","target":["https:\/\/chocobakery.azdigi.shop\/index.php\/san-pham\/coldbrew-kiwi-tao\/"]}]},{"@type":"ImageObject","inLanguage":"vi","@id":"https:\/\/chocobakery.azdigi.shop\/index.php\/san-pham\/coldbrew-kiwi-tao\/#primaryimage","url":"https:\/\/chocobakery.azdigi.shop\/wp-content\/uploads\/2026\/03\/coldbrew-dau-tam.png","contentUrl":"https:\/\/chocobakery.azdigi.shop\/wp-content\/uploads\/2026\/03\/coldbrew-dau-tam.png","width":600,"height":600},{"@type":"BreadcrumbList","@id":"https:\/\/chocobakery.azdigi.shop\/index.php\/san-pham\/coldbrew-kiwi-tao\/#breadcrumb","itemListElement":[{"@type":"ListItem","position":1,"name":"Trang ch\u1ee7","item":"https:\/\/chocobakery.azdigi.shop\/"},{"@type":"ListItem","position":2,"name":"C\u1eeda h\u00e0ng","item":"https:\/\/chocobakery.azdigi.shop\/?page_id=212"},{"@type":"ListItem","position":3,"name":"COLDBREW KIWI T\u00c1O"}]},{"@type":"WebSite","@id":"https:\/\/chocobakery.azdigi.shop\/#website","url":"https:\/\/chocobakery.azdigi.shop\/","name":"Vietnamesecoffee","description":"","potentialAction":[{"@type":"SearchAction","target":{"@type":"EntryPoint","urlTemplate":"https:\/\/chocobakery.azdigi.shop\/?s={search_term_string}"},"query-input":{"@type":"PropertyValueSpecification","valueRequired":true,"valueName":"search_term_string"}}],"inLanguage":"vi"}]}},"_links":{"self":[{"href":"https:\/\/chocobakery.azdigi.shop\/index.php?rest_route=\/wp\/v2\/product\/241","targetHints":{"allow":["GET"]}}],"collection":[{"href":"https:\/\/chocobakery.azdigi.shop\/index.php?rest_route=\/wp\/v2\/product"}],"about":[{"href":"https:\/\/chocobakery.azdigi.shop\/index.php?rest_route=\/wp\/v2\/types\/product"}],"replies":[{"embeddable":true,"href":"https:\/\/chocobakery.azdigi.shop\/index.php?rest_route=%2Fwp%2Fv2%2Fcomments&post=241"}],"wp:featuredmedia":[{"embeddable":true,"href":"https:\/\/chocobakery.azdigi.shop\/index.php?rest_route=\/wp\/v2\/media\/143"}],"wp:attachment":[{"href":"https:\/\/chocobakery.azdigi.shop\/index.php?rest_route=%2Fwp%2Fv2%2Fmedia&parent=241"}],"wp:term":[{"taxonomy":"product_brand","embeddable":true,"href":"https:\/\/chocobakery.azdigi.shop\/index.php?rest_route=%2Fwp%2Fv2%2Fproduct_brand&post=241"},{"taxonomy":"product_cat","embeddable":true,"href":"https:\/\/chocobakery.azdigi.shop\/index.php?rest_route=%2Fwp%2Fv2%2Fproduct_cat&post=241"},{"taxonomy":"product_tag","embeddable":true,"href":"https:\/\/chocobakery.azdigi.shop\/index.php?rest_route=%2Fwp%2Fv2%2Fproduct_tag&post=241"}],"curies":[{"name":"wp","href":"https:\/\/api.w.org\/{rel}","templated":true}]}}