{"id":237,"date":"2026-04-04T03:47:48","date_gmt":"2026-04-04T03:47:48","guid":{"rendered":"https:\/\/chocobakery.azdigi.shop\/?post_type=product&#038;p=237"},"modified":"2026-04-18T05:31:50","modified_gmt":"2026-04-18T05:31:50","slug":"coldbrew-mat-ong-hoa-ca-phe-250ml","status":"publish","type":"product","link":"https:\/\/chocobakery.azdigi.shop\/?product=coldbrew-mat-ong-hoa-ca-phe-250ml","title":{"rendered":"COLDBREW M\u1eacT ONG HOA C\u00c0 PH\u00ca &#8211; 250ML"},"content":{"rendered":"<p data-start=\"601\" data-end=\"746\">Coldbrew m\u1eadt ong hoa c\u00e0 ph\u00ea \u0111\u01b0\u1ee3c pha t\u1eeb <strong data-start=\"641\" data-end=\"664\">100% Arabica \u1ee7 l\u1ea1nh<\/strong>. Th\u1ee9c u\u1ed1ng c\u00f3 v\u1ecb <strong data-start=\"682\" data-end=\"706\">thanh nh\u1eb9 v\u00e0 d\u1ec5 u\u1ed1ng<\/strong>. H\u01b0\u01a1ng m\u1eadt ong t\u1ea1o h\u1eadu ng\u1ecdt t\u1ef1 nhi\u00ean.<\/p>\n<p data-start=\"748\" data-end=\"930\">Coldbrew m\u1eadt ong hoa c\u00e0 ph\u00ea ph\u00f9 h\u1ee3p v\u1edbi ng\u01b0\u1eddi th\u00edch <strong data-start=\"800\" data-end=\"817\">c\u00e0 ph\u00ea \u0111\u1eadm r\u00f5<\/strong> nh\u01b0ng kh\u00f4ng qu\u00e1 g\u1eaft. S\u1ea3n ph\u1ea9m c\u0169ng ph\u00f9 h\u1ee3p v\u1edbi ng\u01b0\u1eddi quan t\u00e2m \u0111\u1ebfn <strong data-start=\"884\" data-end=\"903\">\u0111\u1ed3 u\u1ed1ng \u00edt calo<\/strong> v\u00e0 nguy\u00ean li\u1ec7u t\u1ef1 nhi\u00ean.<\/p>\n<ul data-start=\"932\" data-end=\"969\">\n<li data-section-id=\"1pswk5m\" data-start=\"932\" data-end=\"950\"><strong data-start=\"934\" data-end=\"945\">\u0110\u1ed9 \u0111\u1eadm:<\/strong> \u25cf\u25cf<\/li>\n<li data-section-id=\"1v6x7r8\" data-start=\"951\" data-end=\"969\"><strong data-start=\"953\" data-end=\"965\">\u0110\u1ed9 ng\u1ecdt:<\/strong> \u25cf<\/li>\n<\/ul>\n<p data-start=\"971\" data-end=\"997\">Gi\u00e1 \u0111\u00e3 bao g\u1ed3m <strong data-start=\"986\" data-end=\"996\">8% VAT<\/strong>.<\/p>\n","protected":false},"excerpt":{"rendered":"<p>Coldbrew m\u1eadt ong hoa c\u00e0 ph\u00ea \u0111\u01b0\u1ee3c pha t\u1eeb 100% Arabica \u1ee7 l\u1ea1nh. Th\u1ee9c u\u1ed1ng c\u00f3 v\u1ecb thanh nh\u1eb9 v\u00e0 d\u1ec5 u\u1ed1ng. H\u01b0\u01a1ng m\u1eadt ong t\u1ea1o h\u1eadu ng\u1ecdt t\u1ef1 nhi\u00ean. Coldbrew m\u1eadt ong hoa c\u00e0 ph\u00ea ph\u00f9 h\u1ee3p v\u1edbi ng\u01b0\u1eddi th\u00edch c\u00e0 ph\u00ea \u0111\u1eadm r\u00f5 nh\u01b0ng kh\u00f4ng qu\u00e1 g\u1eaft. S\u1ea3n ph\u1ea9m c\u0169ng ph\u00f9 h\u1ee3p v\u1edbi [&#8230;]\n","protected":false},"featured_media":137,"comment_status":"open","ping_status":"closed","template":"","meta":[],"product_brand":[20],"product_cat":[29],"product_tag":[],"class_list":{"0":"post-237","1":"product","2":"type-product","3":"status-publish","4":"has-post-thumbnail","6":"product_brand-deepsi","7":"product_cat-ca-phe-dong-chai","9":"first","10":"instock","11":"shipping-taxable","12":"purchasable","13":"product-type-variable"},"yoast_head":"<!-- This site is optimized with the Yoast SEO plugin v27.1.1 - https:\/\/yoast.com\/product\/yoast-seo-wordpress\/ -->\n<title>Vietnamesecoffee - Coldbrew m\u1eadt ong hoa c\u00e0 ph\u00ea<\/title>\n<meta name=\"description\" content=\"Coldbrew m\u1eadt ong hoa c\u00e0 ph\u00ea t\u1eeb 100% Arabica \u1ee7 l\u1ea1nh. V\u1ecb thanh nh\u1eb9, \u00edt calo. H\u1eadu ng\u1ecdt t\u1ef1 nhi\u00ean. Ph\u00f9 h\u1ee3p ng\u01b0\u1eddi th\u00edch c\u00e0 ph\u00ea \u0111\u1eadm nh\u01b0ng d\u1ec5 u\u1ed1ng.\" \/>\n<meta name=\"robots\" content=\"index, follow, max-snippet:-1, max-image-preview:large, max-video-preview:-1\" \/>\n<link rel=\"canonical\" href=\"https:\/\/chocobakery.azdigi.shop\/?product=coldbrew-mat-ong-hoa-ca-phe-250ml\" \/>\n<meta property=\"og:locale\" content=\"vi_VN\" \/>\n<meta property=\"og:type\" content=\"article\" \/>\n<meta property=\"og:title\" content=\"Vietnamesecoffee - Coldbrew m\u1eadt ong hoa c\u00e0 ph\u00ea\" \/>\n<meta property=\"og:description\" content=\"Coldbrew m\u1eadt ong hoa c\u00e0 ph\u00ea t\u1eeb 100% Arabica \u1ee7 l\u1ea1nh. V\u1ecb thanh nh\u1eb9, \u00edt calo. H\u1eadu ng\u1ecdt t\u1ef1 nhi\u00ean. Ph\u00f9 h\u1ee3p ng\u01b0\u1eddi th\u00edch c\u00e0 ph\u00ea \u0111\u1eadm nh\u01b0ng d\u1ec5 u\u1ed1ng.\" \/>\n<meta property=\"og:url\" content=\"https:\/\/chocobakery.azdigi.shop\/?product=coldbrew-mat-ong-hoa-ca-phe-250ml\" \/>\n<meta property=\"og:site_name\" content=\"Vietnamesecoffee\" \/>\n<meta property=\"article:modified_time\" content=\"2026-04-18T05:31:50+00:00\" \/>\n<meta property=\"og:image\" content=\"https:\/\/chocobakery.azdigi.shop\/wp-content\/uploads\/2026\/03\/90_747a2309b8a746e6af31d6724f91f168_grande.png\" \/>\n\t<meta property=\"og:image:width\" content=\"600\" \/>\n\t<meta property=\"og:image:height\" content=\"600\" \/>\n\t<meta property=\"og:image:type\" content=\"image\/png\" \/>\n<meta name=\"twitter:card\" content=\"summary_large_image\" \/>\n<meta name=\"twitter:label1\" content=\"\u01af\u1edbc t\u00ednh th\u1eddi gian \u0111\u1ecdc\" \/>\n\t<meta name=\"twitter:data1\" content=\"1 ph\u00fat\" \/>\n<script type=\"application\/ld+json\" class=\"yoast-schema-graph\">{\"@context\":\"https:\/\/schema.org\",\"@graph\":[{\"@type\":\"WebPage\",\"@id\":\"https:\/\/chocobakery.azdigi.shop\/?product=coldbrew-mat-ong-hoa-ca-phe-250ml\",\"url\":\"https:\/\/chocobakery.azdigi.shop\/?product=coldbrew-mat-ong-hoa-ca-phe-250ml\",\"name\":\"Vietnamesecoffee - Coldbrew m\u1eadt ong hoa c\u00e0 ph\u00ea\",\"isPartOf\":{\"@id\":\"https:\/\/chocobakery.azdigi.shop\/#website\"},\"primaryImageOfPage\":{\"@id\":\"https:\/\/chocobakery.azdigi.shop\/?product=coldbrew-mat-ong-hoa-ca-phe-250ml#primaryimage\"},\"image\":{\"@id\":\"https:\/\/chocobakery.azdigi.shop\/?product=coldbrew-mat-ong-hoa-ca-phe-250ml#primaryimage\"},\"thumbnailUrl\":\"https:\/\/chocobakery.azdigi.shop\/wp-content\/uploads\/2026\/03\/90_747a2309b8a746e6af31d6724f91f168_grande.png\",\"datePublished\":\"2026-04-04T03:47:48+00:00\",\"dateModified\":\"2026-04-18T05:31:50+00:00\",\"description\":\"Coldbrew m\u1eadt ong hoa c\u00e0 ph\u00ea t\u1eeb 100% Arabica \u1ee7 l\u1ea1nh. V\u1ecb thanh nh\u1eb9, \u00edt calo. H\u1eadu ng\u1ecdt t\u1ef1 nhi\u00ean. Ph\u00f9 h\u1ee3p ng\u01b0\u1eddi th\u00edch c\u00e0 ph\u00ea \u0111\u1eadm nh\u01b0ng d\u1ec5 u\u1ed1ng.\",\"breadcrumb\":{\"@id\":\"https:\/\/chocobakery.azdigi.shop\/?product=coldbrew-mat-ong-hoa-ca-phe-250ml#breadcrumb\"},\"inLanguage\":\"vi\",\"potentialAction\":[{\"@type\":\"ReadAction\",\"target\":[\"https:\/\/chocobakery.azdigi.shop\/?product=coldbrew-mat-ong-hoa-ca-phe-250ml\"]}]},{\"@type\":\"ImageObject\",\"inLanguage\":\"vi\",\"@id\":\"https:\/\/chocobakery.azdigi.shop\/?product=coldbrew-mat-ong-hoa-ca-phe-250ml#primaryimage\",\"url\":\"https:\/\/chocobakery.azdigi.shop\/wp-content\/uploads\/2026\/03\/90_747a2309b8a746e6af31d6724f91f168_grande.png\",\"contentUrl\":\"https:\/\/chocobakery.azdigi.shop\/wp-content\/uploads\/2026\/03\/90_747a2309b8a746e6af31d6724f91f168_grande.png\",\"width\":600,\"height\":600},{\"@type\":\"BreadcrumbList\",\"@id\":\"https:\/\/chocobakery.azdigi.shop\/?product=coldbrew-mat-ong-hoa-ca-phe-250ml#breadcrumb\",\"itemListElement\":[{\"@type\":\"ListItem\",\"position\":1,\"name\":\"Trang ch\u1ee7\",\"item\":\"https:\/\/chocobakery.azdigi.shop\/\"},{\"@type\":\"ListItem\",\"position\":2,\"name\":\"C\u1eeda h\u00e0ng\",\"item\":\"https:\/\/chocobakery.azdigi.shop\/?page_id=212\"},{\"@type\":\"ListItem\",\"position\":3,\"name\":\"COLDBREW M\u1eacT ONG HOA C\u00c0 PH\u00ca &#8211; 250ML\"}]},{\"@type\":\"WebSite\",\"@id\":\"https:\/\/chocobakery.azdigi.shop\/#website\",\"url\":\"https:\/\/chocobakery.azdigi.shop\/\",\"name\":\"Vietnamesecoffee\",\"description\":\"\",\"potentialAction\":[{\"@type\":\"SearchAction\",\"target\":{\"@type\":\"EntryPoint\",\"urlTemplate\":\"https:\/\/chocobakery.azdigi.shop\/?s={search_term_string}\"},\"query-input\":{\"@type\":\"PropertyValueSpecification\",\"valueRequired\":true,\"valueName\":\"search_term_string\"}}],\"inLanguage\":\"vi\"}]}<\/script>\n<!-- \/ Yoast SEO plugin. -->","yoast_head_json":{"title":"Vietnamesecoffee - Coldbrew m\u1eadt ong hoa c\u00e0 ph\u00ea","description":"Coldbrew m\u1eadt ong hoa c\u00e0 ph\u00ea t\u1eeb 100% Arabica \u1ee7 l\u1ea1nh. V\u1ecb thanh nh\u1eb9, \u00edt calo. H\u1eadu ng\u1ecdt t\u1ef1 nhi\u00ean. Ph\u00f9 h\u1ee3p ng\u01b0\u1eddi th\u00edch c\u00e0 ph\u00ea \u0111\u1eadm nh\u01b0ng d\u1ec5 u\u1ed1ng.","robots":{"index":"index","follow":"follow","max-snippet":"max-snippet:-1","max-image-preview":"max-image-preview:large","max-video-preview":"max-video-preview:-1"},"canonical":"https:\/\/chocobakery.azdigi.shop\/?product=coldbrew-mat-ong-hoa-ca-phe-250ml","og_locale":"vi_VN","og_type":"article","og_title":"Vietnamesecoffee - Coldbrew m\u1eadt ong hoa c\u00e0 ph\u00ea","og_description":"Coldbrew m\u1eadt ong hoa c\u00e0 ph\u00ea t\u1eeb 100% Arabica \u1ee7 l\u1ea1nh. V\u1ecb thanh nh\u1eb9, \u00edt calo. H\u1eadu ng\u1ecdt t\u1ef1 nhi\u00ean. Ph\u00f9 h\u1ee3p ng\u01b0\u1eddi th\u00edch c\u00e0 ph\u00ea \u0111\u1eadm nh\u01b0ng d\u1ec5 u\u1ed1ng.","og_url":"https:\/\/chocobakery.azdigi.shop\/?product=coldbrew-mat-ong-hoa-ca-phe-250ml","og_site_name":"Vietnamesecoffee","article_modified_time":"2026-04-18T05:31:50+00:00","og_image":[{"width":600,"height":600,"url":"https:\/\/chocobakery.azdigi.shop\/wp-content\/uploads\/2026\/03\/90_747a2309b8a746e6af31d6724f91f168_grande.png","type":"image\/png"}],"twitter_card":"summary_large_image","twitter_misc":{"\u01af\u1edbc t\u00ednh th\u1eddi gian \u0111\u1ecdc":"1 ph\u00fat"},"schema":{"@context":"https:\/\/schema.org","@graph":[{"@type":"WebPage","@id":"https:\/\/chocobakery.azdigi.shop\/?product=coldbrew-mat-ong-hoa-ca-phe-250ml","url":"https:\/\/chocobakery.azdigi.shop\/?product=coldbrew-mat-ong-hoa-ca-phe-250ml","name":"Vietnamesecoffee - Coldbrew m\u1eadt ong hoa c\u00e0 ph\u00ea","isPartOf":{"@id":"https:\/\/chocobakery.azdigi.shop\/#website"},"primaryImageOfPage":{"@id":"https:\/\/chocobakery.azdigi.shop\/?product=coldbrew-mat-ong-hoa-ca-phe-250ml#primaryimage"},"image":{"@id":"https:\/\/chocobakery.azdigi.shop\/?product=coldbrew-mat-ong-hoa-ca-phe-250ml#primaryimage"},"thumbnailUrl":"https:\/\/chocobakery.azdigi.shop\/wp-content\/uploads\/2026\/03\/90_747a2309b8a746e6af31d6724f91f168_grande.png","datePublished":"2026-04-04T03:47:48+00:00","dateModified":"2026-04-18T05:31:50+00:00","description":"Coldbrew m\u1eadt ong hoa c\u00e0 ph\u00ea t\u1eeb 100% Arabica \u1ee7 l\u1ea1nh. V\u1ecb thanh nh\u1eb9, \u00edt calo. H\u1eadu ng\u1ecdt t\u1ef1 nhi\u00ean. Ph\u00f9 h\u1ee3p ng\u01b0\u1eddi th\u00edch c\u00e0 ph\u00ea \u0111\u1eadm nh\u01b0ng d\u1ec5 u\u1ed1ng.","breadcrumb":{"@id":"https:\/\/chocobakery.azdigi.shop\/?product=coldbrew-mat-ong-hoa-ca-phe-250ml#breadcrumb"},"inLanguage":"vi","potentialAction":[{"@type":"ReadAction","target":["https:\/\/chocobakery.azdigi.shop\/?product=coldbrew-mat-ong-hoa-ca-phe-250ml"]}]},{"@type":"ImageObject","inLanguage":"vi","@id":"https:\/\/chocobakery.azdigi.shop\/?product=coldbrew-mat-ong-hoa-ca-phe-250ml#primaryimage","url":"https:\/\/chocobakery.azdigi.shop\/wp-content\/uploads\/2026\/03\/90_747a2309b8a746e6af31d6724f91f168_grande.png","contentUrl":"https:\/\/chocobakery.azdigi.shop\/wp-content\/uploads\/2026\/03\/90_747a2309b8a746e6af31d6724f91f168_grande.png","width":600,"height":600},{"@type":"BreadcrumbList","@id":"https:\/\/chocobakery.azdigi.shop\/?product=coldbrew-mat-ong-hoa-ca-phe-250ml#breadcrumb","itemListElement":[{"@type":"ListItem","position":1,"name":"Trang ch\u1ee7","item":"https:\/\/chocobakery.azdigi.shop\/"},{"@type":"ListItem","position":2,"name":"C\u1eeda h\u00e0ng","item":"https:\/\/chocobakery.azdigi.shop\/?page_id=212"},{"@type":"ListItem","position":3,"name":"COLDBREW M\u1eacT ONG HOA C\u00c0 PH\u00ca &#8211; 250ML"}]},{"@type":"WebSite","@id":"https:\/\/chocobakery.azdigi.shop\/#website","url":"https:\/\/chocobakery.azdigi.shop\/","name":"Vietnamesecoffee","description":"","potentialAction":[{"@type":"SearchAction","target":{"@type":"EntryPoint","urlTemplate":"https:\/\/chocobakery.azdigi.shop\/?s={search_term_string}"},"query-input":{"@type":"PropertyValueSpecification","valueRequired":true,"valueName":"search_term_string"}}],"inLanguage":"vi"}]}},"_links":{"self":[{"href":"https:\/\/chocobakery.azdigi.shop\/index.php?rest_route=\/wp\/v2\/product\/237","targetHints":{"allow":["GET"]}}],"collection":[{"href":"https:\/\/chocobakery.azdigi.shop\/index.php?rest_route=\/wp\/v2\/product"}],"about":[{"href":"https:\/\/chocobakery.azdigi.shop\/index.php?rest_route=\/wp\/v2\/types\/product"}],"replies":[{"embeddable":true,"href":"https:\/\/chocobakery.azdigi.shop\/index.php?rest_route=%2Fwp%2Fv2%2Fcomments&post=237"}],"wp:featuredmedia":[{"embeddable":true,"href":"https:\/\/chocobakery.azdigi.shop\/index.php?rest_route=\/wp\/v2\/media\/137"}],"wp:attachment":[{"href":"https:\/\/chocobakery.azdigi.shop\/index.php?rest_route=%2Fwp%2Fv2%2Fmedia&parent=237"}],"wp:term":[{"taxonomy":"product_brand","embeddable":true,"href":"https:\/\/chocobakery.azdigi.shop\/index.php?rest_route=%2Fwp%2Fv2%2Fproduct_brand&post=237"},{"taxonomy":"product_cat","embeddable":true,"href":"https:\/\/chocobakery.azdigi.shop\/index.php?rest_route=%2Fwp%2Fv2%2Fproduct_cat&post=237"},{"taxonomy":"product_tag","embeddable":true,"href":"https:\/\/chocobakery.azdigi.shop\/index.php?rest_route=%2Fwp%2Fv2%2Fproduct_tag&post=237"}],"curies":[{"name":"wp","href":"https:\/\/api.w.org\/{rel}","templated":true}]}}