{"id":228,"date":"2026-03-28T01:41:05","date_gmt":"2026-03-28T01:41:05","guid":{"rendered":"https:\/\/chocobakery.azdigi.shop\/?post_type=product&#038;p=228"},"modified":"2026-04-23T23:56:34","modified_gmt":"2026-04-23T23:56:34","slug":"coldbrew-mo-250ml","status":"publish","type":"product","link":"https:\/\/chocobakery.azdigi.shop\/?product=coldbrew-mo-250ml","title":{"rendered":"COLDBREW M\u01a0 250ML"},"content":{"rendered":"<h2 data-section-id=\"18scq38\" data-start=\"423\" data-end=\"479\"><span role=\"text\"><strong data-start=\"426\" data-end=\"479\">Cold Brew m\u01a1 \u2013 S\u1ef1 k\u1ebft h\u1ee3p gi\u1eefa c\u00e0 ph\u00ea v\u00e0 tr\u00e1i c\u00e2y<\/strong><\/span><\/h2>\n<p data-start=\"481\" data-end=\"571\">Cold brew m\u01a1 l\u00e0 th\u1ee9c u\u1ed1ng \u0111\u1ed9c \u0111\u00e1o v\u00e0 d\u1ec5 u\u1ed1ng. S\u1ea3n ph\u1ea9m s\u1eed d\u1ee5ng 100% c\u00e0 ph\u00ea Arabica \u1ee7 l\u1ea1nh.<\/p>\n<p data-start=\"573\" data-end=\"666\">C\u00e0 ph\u00ea \u0111\u01b0\u1ee3c k\u1ebft h\u1ee3p v\u1edbi n\u01b0\u1edbc c\u1ed1t m\u01a1 home-made. H\u01b0\u01a1ng v\u1ecb v\u00ec th\u1ebf tr\u1edf n\u00ean t\u01b0\u01a1i m\u1edbi v\u00e0 kh\u00e1c bi\u1ec7t.<\/p>\n<p data-start=\"668\" data-end=\"737\">\u0110\u00e2y l\u00e0 l\u1ef1a ch\u1ecdn ph\u00f9 h\u1ee3p cho ng\u01b0\u1eddi th\u00edch c\u00e0 ph\u00ea nh\u1eb9 v\u00e0 c\u00f3 v\u1ecb tr\u00e1i c\u00e2y.<\/p>\n<h2 data-section-id=\"k4ecsd\" data-start=\"744\" data-end=\"786\"><span role=\"text\"><strong data-start=\"747\" data-end=\"786\">H\u01b0\u01a1ng v\u1ecb \u0111\u1eb7c tr\u01b0ng c\u1ee7a cold brew m\u01a1<\/strong><\/span><\/h2>\n<p data-start=\"788\" data-end=\"852\">Cold brew m\u01a1 c\u00f3 \u0111\u1ed9 \u0111\u1eadm nh\u1eb9. V\u1ecb c\u00e0 ph\u00ea kh\u00f4ng qu\u00e1 r\u00f5, d\u1ec5 ti\u1ebfp c\u1eadn.<\/p>\n<p data-start=\"854\" data-end=\"916\">\u0110\u1ed9 ng\u1ecdt \u1edf m\u1ee9c cao. N\u01b0\u1edbc m\u01a1 mang l\u1ea1i v\u1ecb ng\u1ecdt thanh v\u00e0 chua nh\u1eb9.<\/p>\n<p data-start=\"918\" data-end=\"982\">T\u1ed5ng th\u1ec3 ly n\u01b0\u1edbc c\u00e2n b\u1eb1ng. H\u01b0\u01a1ng tr\u00e1i c\u00e2y n\u1ed5i b\u1eadt h\u01a1n v\u1ecb c\u00e0 ph\u00ea.<\/p>\n<p data-start=\"984\" data-end=\"1059\">Th\u1ee9c u\u1ed1ng n\u00e0y ch\u1ec9 n\u00ean d\u00f9ng l\u1ea1nh. Khi u\u1ed1ng l\u1ea1nh, h\u01b0\u01a1ng v\u1ecb s\u1ebd r\u00f5 v\u00e0 ngon h\u01a1n.<\/p>\n<h2 data-section-id=\"v8j4cr\" data-start=\"1066\" data-end=\"1107\"><span role=\"text\"><strong data-start=\"1069\" data-end=\"1107\">\u0110\u1ed1i t\u01b0\u1ee3ng ph\u00f9 h\u1ee3p v\u00e0 kh\u00f4ng ph\u00f9 h\u1ee3p<\/strong><\/span><\/h2>\n<p data-start=\"1109\" data-end=\"1184\">Cold brew m\u01a1 ph\u00f9 h\u1ee3p v\u1edbi ng\u01b0\u1eddi u\u1ed1ng \u0111\u01b0\u1ee3c c\u00e0 ph\u00ea. S\u1ea3n ph\u1ea9m c\u00f3 ch\u1ee9a caffeine.<\/p>\n<p data-start=\"1186\" data-end=\"1296\">\u0110\u00e2y l\u00e0 l\u1ef1a ch\u1ecdn t\u1ed1t cho ng\u01b0\u1eddi kh\u00f4ng th\u00edch v\u1ecb c\u00e0 ph\u00ea qu\u00e1 m\u1ea1nh. \u0110\u1ed3ng th\u1eddi, ph\u00f9 h\u1ee3p v\u1edbi ng\u01b0\u1eddi th\u00edch \u0111\u1ed3 u\u1ed1ng ng\u1ecdt.<\/p>\n<p data-start=\"1298\" data-end=\"1420\">Tuy nhi\u00ean, s\u1ea3n ph\u1ea9m kh\u00f4ng ph\u00f9 h\u1ee3p v\u1edbi ng\u01b0\u1eddi kh\u00f4ng d\u00f9ng \u0111\u01b0\u1ee3c c\u00e0 ph\u00ea. Ngo\u00e0i ra, ng\u01b0\u1eddi kh\u00f4ng th\u00edch v\u1ecb ng\u1ecdt c\u0169ng n\u00ean c\u00e2n nh\u1eafc.<\/p>\n<h2 data-section-id=\"119ee4u\" data-start=\"1427\" data-end=\"1457\"><span role=\"text\"><strong data-start=\"1430\" data-end=\"1457\">L\u01b0u \u00fd khi \u0111i\u1ec1u ch\u1ec9nh v\u1ecb<\/strong><\/span><\/h2>\n<p data-start=\"1459\" data-end=\"1543\">B\u1ea1n c\u00f3 th\u1ec3 \u0111i\u1ec1u ch\u1ec9nh \u0111\u1ed9 ng\u1ecdt theo kh\u1ea9u v\u1ecb. Tuy nhi\u00ean, kh\u00f4ng n\u00ean thay \u0111\u1ed5i qu\u00e1 nhi\u1ec1u.<\/p>\n<p data-start=\"1545\" data-end=\"1624\">C\u00f4ng th\u1ee9c \u0111\u00e3 \u0111\u01b0\u1ee3c c\u00e2n b\u1eb1ng s\u1eb5n. Vi\u1ec7c thay \u0111\u1ed5i c\u00f3 th\u1ec3 l\u00e0m m\u1ea5t \u0111i h\u01b0\u01a1ng v\u1ecb chu\u1ea9n.<\/p>\n<p data-start=\"1626\" data-end=\"1686\">\u0110\u1ec3 c\u00f3 tr\u1ea3i nghi\u1ec7m t\u1ed1t nh\u1ea5t, b\u1ea1n n\u00ean d\u00f9ng theo c\u00f4ng th\u1ee9c g\u1ed1c.<\/p>\n<h2 data-section-id=\"ce7i7e\" data-start=\"1693\" data-end=\"1727\"><span role=\"text\"><strong data-start=\"1696\" data-end=\"1727\">Gi\u00e1 c\u1ea3 r\u00f5 r\u00e0ng v\u00e0 minh b\u1ea1ch<\/strong><\/span><\/h2>\n<p data-start=\"1729\" data-end=\"1801\">Gi\u00e1 s\u1ea3n ph\u1ea9m \u0111\u00e3 bao g\u1ed3m 8% VAT. B\u1ea1n kh\u00f4ng c\u1ea7n lo ph\u00e1t sinh th\u00eam chi ph\u00ed.<\/p>\n","protected":false},"excerpt":{"rendered":"<p>C\u00e0 ph\u00ea 100% Arabica \u1ee7 l\u1ea1nh k\u1ebft h\u1ee3p c\u00f9ng n\u01b0\u1edbc c\u1ed1t m\u01a1 home-made (Ch\u1ec9 u\u1ed1ng l\u1ea1nh).<\/p>\n<div>&#8211; \u0110\u1ed9 \u0111\u1eadm:\u00a0\u25cf\u25cf\u00a0\/\u00a0\u0110\u1ed9\u00a0ng\u1ecdt:\u00a0\u25cf\u25cf<br \/>\n&#8211; Ph\u00f9 h\u1ee3p v\u1edbi kh\u00e1ch d\u00f9ng \u0111\u01b0\u1ee3c c\u00e0 ph\u00ea (nhi\u1ec1u caffein\/ kh\u00f4ng th\u00edch \u0111\u1ed3 u\u1ed1ng c\u00f3 qu\u00e1 nhi\u1ec1u v\u1ecb c\u00e0 ph\u00ea), th\u00edch ng\u1ecdt<br \/>\n&#8211; Kh\u00f4ng ph\u00f9 h\u1ee3p v\u1edbi kh\u00e1ch kh\u00f4ng th\u00edch ng\u1ecdt, kh\u00f4ng d\u00f9ng \u0111\u01b0\u1ee3c c\u00e0 ph\u00ea<br \/>\n&#8211; C\u00f3 th\u1ec3 t\u0103ng\/gi\u1ea3m ng\u1ecdt nh\u01b0ng KH\u00d4NG N\u00caN v\u00ec v\u1ecb s\u1ebd kh\u00f4ng chu\u1ea9n v\u1ecb tr\u1ecdn v\u1eb9n nh\u1ea5t.<\/div>\n<div>&#8211; Gi\u00e1 \u0111\u00e3 bao g\u1ed3m 8% VAT<\/div>\n","protected":false},"featured_media":143,"comment_status":"open","ping_status":"closed","template":"","meta":[],"product_brand":[],"product_cat":[29],"product_tag":[],"class_list":{"0":"post-228","1":"product","2":"type-product","3":"status-publish","4":"has-post-thumbnail","6":"product_cat-ca-phe-dong-chai","8":"first","9":"instock","10":"shipping-taxable","11":"purchasable","12":"product-type-variable"},"yoast_head":"<!-- This site is optimized with the Yoast SEO plugin v27.1.1 - https:\/\/yoast.com\/product\/yoast-seo-wordpress\/ -->\n<title>COLDBREW M\u01a0 250ML - Vietnamesecoffee<\/title>\n<meta name=\"description\" content=\"Vietnamesecoffee - Ph\u00f9 h\u1ee3p v\u1edbi kh\u00e1ch d\u00f9ng \u0111\u01b0\u1ee3c c\u00e0 ph\u00ea (nhi\u1ec1u caffein\/ kh\u00f4ng th\u00edch \u0111\u1ed3 u\u1ed1ng c\u00f3 qu\u00e1 nhi\u1ec1u v\u1ecb c\u00e0 ph\u00ea), th\u00edch ng\u1ecdt\" \/>\n<meta name=\"robots\" content=\"index, follow, max-snippet:-1, max-image-preview:large, max-video-preview:-1\" \/>\n<link rel=\"canonical\" href=\"https:\/\/chocobakery.azdigi.shop\/?product=coldbrew-mo-250ml\" \/>\n<meta property=\"og:locale\" content=\"vi_VN\" \/>\n<meta property=\"og:type\" content=\"article\" \/>\n<meta property=\"og:title\" content=\"COLDBREW M\u01a0 250ML - Vietnamesecoffee\" \/>\n<meta property=\"og:description\" content=\"Vietnamesecoffee - Ph\u00f9 h\u1ee3p v\u1edbi kh\u00e1ch d\u00f9ng \u0111\u01b0\u1ee3c c\u00e0 ph\u00ea (nhi\u1ec1u caffein\/ kh\u00f4ng th\u00edch \u0111\u1ed3 u\u1ed1ng c\u00f3 qu\u00e1 nhi\u1ec1u v\u1ecb c\u00e0 ph\u00ea), th\u00edch ng\u1ecdt\" \/>\n<meta property=\"og:url\" content=\"https:\/\/chocobakery.azdigi.shop\/?product=coldbrew-mo-250ml\" \/>\n<meta property=\"og:site_name\" content=\"Vietnamesecoffee\" \/>\n<meta property=\"article:modified_time\" content=\"2026-04-23T23:56:34+00:00\" \/>\n<meta property=\"og:image\" content=\"https:\/\/chocobakery.azdigi.shop\/wp-content\/uploads\/2026\/03\/coldbrew-dau-tam.png\" \/>\n\t<meta property=\"og:image:width\" content=\"600\" \/>\n\t<meta property=\"og:image:height\" content=\"600\" \/>\n\t<meta property=\"og:image:type\" content=\"image\/png\" \/>\n<meta name=\"twitter:card\" content=\"summary_large_image\" \/>\n<meta name=\"twitter:label1\" content=\"\u01af\u1edbc t\u00ednh th\u1eddi gian \u0111\u1ecdc\" \/>\n\t<meta name=\"twitter:data1\" content=\"2 ph\u00fat\" \/>\n<script type=\"application\/ld+json\" class=\"yoast-schema-graph\">{\"@context\":\"https:\/\/schema.org\",\"@graph\":[{\"@type\":\"WebPage\",\"@id\":\"https:\/\/chocobakery.azdigi.shop\/?product=coldbrew-mo-250ml\",\"url\":\"https:\/\/chocobakery.azdigi.shop\/?product=coldbrew-mo-250ml\",\"name\":\"COLDBREW M\u01a0 250ML - Vietnamesecoffee\",\"isPartOf\":{\"@id\":\"https:\/\/chocobakery.azdigi.shop\/#website\"},\"primaryImageOfPage\":{\"@id\":\"https:\/\/chocobakery.azdigi.shop\/?product=coldbrew-mo-250ml#primaryimage\"},\"image\":{\"@id\":\"https:\/\/chocobakery.azdigi.shop\/?product=coldbrew-mo-250ml#primaryimage\"},\"thumbnailUrl\":\"https:\/\/chocobakery.azdigi.shop\/wp-content\/uploads\/2026\/03\/coldbrew-dau-tam.png\",\"datePublished\":\"2026-03-28T01:41:05+00:00\",\"dateModified\":\"2026-04-23T23:56:34+00:00\",\"description\":\"Vietnamesecoffee - Ph\u00f9 h\u1ee3p v\u1edbi kh\u00e1ch d\u00f9ng \u0111\u01b0\u1ee3c c\u00e0 ph\u00ea (nhi\u1ec1u caffein\/ kh\u00f4ng th\u00edch \u0111\u1ed3 u\u1ed1ng c\u00f3 qu\u00e1 nhi\u1ec1u v\u1ecb c\u00e0 ph\u00ea), th\u00edch ng\u1ecdt\",\"breadcrumb\":{\"@id\":\"https:\/\/chocobakery.azdigi.shop\/?product=coldbrew-mo-250ml#breadcrumb\"},\"inLanguage\":\"vi\",\"potentialAction\":[{\"@type\":\"ReadAction\",\"target\":[\"https:\/\/chocobakery.azdigi.shop\/?product=coldbrew-mo-250ml\"]}]},{\"@type\":\"ImageObject\",\"inLanguage\":\"vi\",\"@id\":\"https:\/\/chocobakery.azdigi.shop\/?product=coldbrew-mo-250ml#primaryimage\",\"url\":\"https:\/\/chocobakery.azdigi.shop\/wp-content\/uploads\/2026\/03\/coldbrew-dau-tam.png\",\"contentUrl\":\"https:\/\/chocobakery.azdigi.shop\/wp-content\/uploads\/2026\/03\/coldbrew-dau-tam.png\",\"width\":600,\"height\":600},{\"@type\":\"BreadcrumbList\",\"@id\":\"https:\/\/chocobakery.azdigi.shop\/?product=coldbrew-mo-250ml#breadcrumb\",\"itemListElement\":[{\"@type\":\"ListItem\",\"position\":1,\"name\":\"Trang ch\u1ee7\",\"item\":\"https:\/\/chocobakery.azdigi.shop\/\"},{\"@type\":\"ListItem\",\"position\":2,\"name\":\"C\u1eeda h\u00e0ng\",\"item\":\"https:\/\/chocobakery.azdigi.shop\/?page_id=212\"},{\"@type\":\"ListItem\",\"position\":3,\"name\":\"COLDBREW M\u01a0 250ML\"}]},{\"@type\":\"WebSite\",\"@id\":\"https:\/\/chocobakery.azdigi.shop\/#website\",\"url\":\"https:\/\/chocobakery.azdigi.shop\/\",\"name\":\"Vietnamesecoffee\",\"description\":\"\",\"potentialAction\":[{\"@type\":\"SearchAction\",\"target\":{\"@type\":\"EntryPoint\",\"urlTemplate\":\"https:\/\/chocobakery.azdigi.shop\/?s={search_term_string}\"},\"query-input\":{\"@type\":\"PropertyValueSpecification\",\"valueRequired\":true,\"valueName\":\"search_term_string\"}}],\"inLanguage\":\"vi\"}]}<\/script>\n<!-- \/ Yoast SEO plugin. -->","yoast_head_json":{"title":"COLDBREW M\u01a0 250ML - Vietnamesecoffee","description":"Vietnamesecoffee - Ph\u00f9 h\u1ee3p v\u1edbi kh\u00e1ch d\u00f9ng \u0111\u01b0\u1ee3c c\u00e0 ph\u00ea (nhi\u1ec1u caffein\/ kh\u00f4ng th\u00edch \u0111\u1ed3 u\u1ed1ng c\u00f3 qu\u00e1 nhi\u1ec1u v\u1ecb c\u00e0 ph\u00ea), th\u00edch ng\u1ecdt","robots":{"index":"index","follow":"follow","max-snippet":"max-snippet:-1","max-image-preview":"max-image-preview:large","max-video-preview":"max-video-preview:-1"},"canonical":"https:\/\/chocobakery.azdigi.shop\/?product=coldbrew-mo-250ml","og_locale":"vi_VN","og_type":"article","og_title":"COLDBREW M\u01a0 250ML - Vietnamesecoffee","og_description":"Vietnamesecoffee - Ph\u00f9 h\u1ee3p v\u1edbi kh\u00e1ch d\u00f9ng \u0111\u01b0\u1ee3c c\u00e0 ph\u00ea (nhi\u1ec1u caffein\/ kh\u00f4ng th\u00edch \u0111\u1ed3 u\u1ed1ng c\u00f3 qu\u00e1 nhi\u1ec1u v\u1ecb c\u00e0 ph\u00ea), th\u00edch ng\u1ecdt","og_url":"https:\/\/chocobakery.azdigi.shop\/?product=coldbrew-mo-250ml","og_site_name":"Vietnamesecoffee","article_modified_time":"2026-04-23T23:56:34+00:00","og_image":[{"width":600,"height":600,"url":"https:\/\/chocobakery.azdigi.shop\/wp-content\/uploads\/2026\/03\/coldbrew-dau-tam.png","type":"image\/png"}],"twitter_card":"summary_large_image","twitter_misc":{"\u01af\u1edbc t\u00ednh th\u1eddi gian \u0111\u1ecdc":"2 ph\u00fat"},"schema":{"@context":"https:\/\/schema.org","@graph":[{"@type":"WebPage","@id":"https:\/\/chocobakery.azdigi.shop\/?product=coldbrew-mo-250ml","url":"https:\/\/chocobakery.azdigi.shop\/?product=coldbrew-mo-250ml","name":"COLDBREW M\u01a0 250ML - Vietnamesecoffee","isPartOf":{"@id":"https:\/\/chocobakery.azdigi.shop\/#website"},"primaryImageOfPage":{"@id":"https:\/\/chocobakery.azdigi.shop\/?product=coldbrew-mo-250ml#primaryimage"},"image":{"@id":"https:\/\/chocobakery.azdigi.shop\/?product=coldbrew-mo-250ml#primaryimage"},"thumbnailUrl":"https:\/\/chocobakery.azdigi.shop\/wp-content\/uploads\/2026\/03\/coldbrew-dau-tam.png","datePublished":"2026-03-28T01:41:05+00:00","dateModified":"2026-04-23T23:56:34+00:00","description":"Vietnamesecoffee - Ph\u00f9 h\u1ee3p v\u1edbi kh\u00e1ch d\u00f9ng \u0111\u01b0\u1ee3c c\u00e0 ph\u00ea (nhi\u1ec1u caffein\/ kh\u00f4ng th\u00edch \u0111\u1ed3 u\u1ed1ng c\u00f3 qu\u00e1 nhi\u1ec1u v\u1ecb c\u00e0 ph\u00ea), th\u00edch ng\u1ecdt","breadcrumb":{"@id":"https:\/\/chocobakery.azdigi.shop\/?product=coldbrew-mo-250ml#breadcrumb"},"inLanguage":"vi","potentialAction":[{"@type":"ReadAction","target":["https:\/\/chocobakery.azdigi.shop\/?product=coldbrew-mo-250ml"]}]},{"@type":"ImageObject","inLanguage":"vi","@id":"https:\/\/chocobakery.azdigi.shop\/?product=coldbrew-mo-250ml#primaryimage","url":"https:\/\/chocobakery.azdigi.shop\/wp-content\/uploads\/2026\/03\/coldbrew-dau-tam.png","contentUrl":"https:\/\/chocobakery.azdigi.shop\/wp-content\/uploads\/2026\/03\/coldbrew-dau-tam.png","width":600,"height":600},{"@type":"BreadcrumbList","@id":"https:\/\/chocobakery.azdigi.shop\/?product=coldbrew-mo-250ml#breadcrumb","itemListElement":[{"@type":"ListItem","position":1,"name":"Trang ch\u1ee7","item":"https:\/\/chocobakery.azdigi.shop\/"},{"@type":"ListItem","position":2,"name":"C\u1eeda h\u00e0ng","item":"https:\/\/chocobakery.azdigi.shop\/?page_id=212"},{"@type":"ListItem","position":3,"name":"COLDBREW M\u01a0 250ML"}]},{"@type":"WebSite","@id":"https:\/\/chocobakery.azdigi.shop\/#website","url":"https:\/\/chocobakery.azdigi.shop\/","name":"Vietnamesecoffee","description":"","potentialAction":[{"@type":"SearchAction","target":{"@type":"EntryPoint","urlTemplate":"https:\/\/chocobakery.azdigi.shop\/?s={search_term_string}"},"query-input":{"@type":"PropertyValueSpecification","valueRequired":true,"valueName":"search_term_string"}}],"inLanguage":"vi"}]}},"_links":{"self":[{"href":"https:\/\/chocobakery.azdigi.shop\/index.php?rest_route=\/wp\/v2\/product\/228","targetHints":{"allow":["GET"]}}],"collection":[{"href":"https:\/\/chocobakery.azdigi.shop\/index.php?rest_route=\/wp\/v2\/product"}],"about":[{"href":"https:\/\/chocobakery.azdigi.shop\/index.php?rest_route=\/wp\/v2\/types\/product"}],"replies":[{"embeddable":true,"href":"https:\/\/chocobakery.azdigi.shop\/index.php?rest_route=%2Fwp%2Fv2%2Fcomments&post=228"}],"wp:featuredmedia":[{"embeddable":true,"href":"https:\/\/chocobakery.azdigi.shop\/index.php?rest_route=\/wp\/v2\/media\/143"}],"wp:attachment":[{"href":"https:\/\/chocobakery.azdigi.shop\/index.php?rest_route=%2Fwp%2Fv2%2Fmedia&parent=228"}],"wp:term":[{"taxonomy":"product_brand","embeddable":true,"href":"https:\/\/chocobakery.azdigi.shop\/index.php?rest_route=%2Fwp%2Fv2%2Fproduct_brand&post=228"},{"taxonomy":"product_cat","embeddable":true,"href":"https:\/\/chocobakery.azdigi.shop\/index.php?rest_route=%2Fwp%2Fv2%2Fproduct_cat&post=228"},{"taxonomy":"product_tag","embeddable":true,"href":"https:\/\/chocobakery.azdigi.shop\/index.php?rest_route=%2Fwp%2Fv2%2Fproduct_tag&post=228"}],"curies":[{"name":"wp","href":"https:\/\/api.w.org\/{rel}","templated":true}]}}