{"id":224,"date":"2026-03-28T01:22:01","date_gmt":"2026-03-28T01:22:01","guid":{"rendered":"https:\/\/chocobakery.azdigi.shop\/?post_type=product&#038;p=224"},"modified":"2026-04-18T05:32:33","modified_gmt":"2026-04-18T05:32:33","slug":"bac-xiu-250ml","status":"publish","type":"product","link":"https:\/\/chocobakery.azdigi.shop\/?product=bac-xiu-250ml","title":{"rendered":"B\u1ea0C X\u1ec8U 250ML"},"content":{"rendered":"","protected":false},"excerpt":{"rendered":"<p>C\u00e0 ph\u00ea Espresso h\u1ea1t Arabica Blend k\u1ebft h\u1ee3p c\u00f9ng s\u1eefa \u0111\u1eb7c v\u00e0 s\u1eefa t\u01b0\u01a1i.<\/p>\n<p>&#8211; \u0110\u1ed9 \u0111\u1eadm: 7\/10<\/p>\n<p>&#8211; \u0110\u1ed9 ng\u1ecdt: 8\/10<\/p>\n<p>&#8211; C\u00f3 phi\u00ean b\u1ea3n l\u1ea1nh (ho\u1eb7c nhi\u1ec7t \u0111\u1ed9 th\u01b0\u1eddng) v\u1edbi chai.<\/p>\n<p>&#8211; C\u00f3 th\u1ec3 t\u0103ng\/gi\u1ea3m c\u00e0 ph\u00ea v\u00e0 v\u1ecb ng\u1ecdt<\/p>\n<p>&#8211; Gi\u00e1 \u0111\u00e3 bao g\u1ed3m 8% VAT<\/p>\n","protected":false},"featured_media":140,"comment_status":"open","ping_status":"closed","template":"","meta":[],"product_brand":[],"product_cat":[29],"product_tag":[],"class_list":{"0":"post-224","1":"product","2":"type-product","3":"status-publish","4":"has-post-thumbnail","6":"product_cat-ca-phe-dong-chai","8":"first","9":"instock","10":"shipping-taxable","11":"purchasable","12":"product-type-variable"},"yoast_head":"<!-- This site is optimized with the Yoast SEO plugin v27.1.1 - https:\/\/yoast.com\/product\/yoast-seo-wordpress\/ -->\n<title>B\u1ea0C X\u1ec8U 250ML - Vietnamesecoffee<\/title>\n<meta name=\"description\" content=\"Vietnamesecoffee - C\u00e0 ph\u00ea Espresso h\u1ea1t Arabica Blend k\u1ebft h\u1ee3p c\u00f9ng s\u1eefa \u0111\u1eb7c v\u00e0 s\u1eefa t\u01b0\u01a1i.\" \/>\n<meta name=\"robots\" content=\"index, follow, max-snippet:-1, max-image-preview:large, max-video-preview:-1\" \/>\n<link rel=\"canonical\" href=\"https:\/\/chocobakery.azdigi.shop\/?product=bac-xiu-250ml\" \/>\n<meta property=\"og:locale\" content=\"vi_VN\" \/>\n<meta property=\"og:type\" content=\"article\" \/>\n<meta property=\"og:title\" content=\"B\u1ea0C X\u1ec8U 250ML - Vietnamesecoffee\" \/>\n<meta property=\"og:description\" content=\"Vietnamesecoffee - C\u00e0 ph\u00ea Espresso h\u1ea1t Arabica Blend k\u1ebft h\u1ee3p c\u00f9ng s\u1eefa \u0111\u1eb7c v\u00e0 s\u1eefa t\u01b0\u01a1i.\" \/>\n<meta property=\"og:url\" content=\"https:\/\/chocobakery.azdigi.shop\/?product=bac-xiu-250ml\" \/>\n<meta property=\"og:site_name\" content=\"Vietnamesecoffee\" \/>\n<meta property=\"article:modified_time\" content=\"2026-04-18T05:32:33+00:00\" \/>\n<meta property=\"og:image\" content=\"https:\/\/chocobakery.azdigi.shop\/wp-content\/uploads\/2026\/03\/77_49354d802dc74f599ce55946809b3154_grande.png\" \/>\n\t<meta property=\"og:image:width\" content=\"600\" \/>\n\t<meta property=\"og:image:height\" content=\"600\" \/>\n\t<meta property=\"og:image:type\" content=\"image\/png\" \/>\n<meta name=\"twitter:card\" content=\"summary_large_image\" \/>\n<meta name=\"twitter:label1\" content=\"\u01af\u1edbc t\u00ednh th\u1eddi gian \u0111\u1ecdc\" \/>\n\t<meta name=\"twitter:data1\" content=\"1 ph\u00fat\" \/>\n<script type=\"application\/ld+json\" class=\"yoast-schema-graph\">{\"@context\":\"https:\/\/schema.org\",\"@graph\":[{\"@type\":\"WebPage\",\"@id\":\"https:\/\/chocobakery.azdigi.shop\/?product=bac-xiu-250ml\",\"url\":\"https:\/\/chocobakery.azdigi.shop\/?product=bac-xiu-250ml\",\"name\":\"B\u1ea0C X\u1ec8U 250ML - Vietnamesecoffee\",\"isPartOf\":{\"@id\":\"https:\/\/chocobakery.azdigi.shop\/#website\"},\"primaryImageOfPage\":{\"@id\":\"https:\/\/chocobakery.azdigi.shop\/?product=bac-xiu-250ml#primaryimage\"},\"image\":{\"@id\":\"https:\/\/chocobakery.azdigi.shop\/?product=bac-xiu-250ml#primaryimage\"},\"thumbnailUrl\":\"https:\/\/chocobakery.azdigi.shop\/wp-content\/uploads\/2026\/03\/77_49354d802dc74f599ce55946809b3154_grande.png\",\"datePublished\":\"2026-03-28T01:22:01+00:00\",\"dateModified\":\"2026-04-18T05:32:33+00:00\",\"description\":\"Vietnamesecoffee - C\u00e0 ph\u00ea Espresso h\u1ea1t Arabica Blend k\u1ebft h\u1ee3p c\u00f9ng s\u1eefa \u0111\u1eb7c v\u00e0 s\u1eefa t\u01b0\u01a1i.\",\"breadcrumb\":{\"@id\":\"https:\/\/chocobakery.azdigi.shop\/?product=bac-xiu-250ml#breadcrumb\"},\"inLanguage\":\"vi\",\"potentialAction\":[{\"@type\":\"ReadAction\",\"target\":[\"https:\/\/chocobakery.azdigi.shop\/?product=bac-xiu-250ml\"]}]},{\"@type\":\"ImageObject\",\"inLanguage\":\"vi\",\"@id\":\"https:\/\/chocobakery.azdigi.shop\/?product=bac-xiu-250ml#primaryimage\",\"url\":\"https:\/\/chocobakery.azdigi.shop\/wp-content\/uploads\/2026\/03\/77_49354d802dc74f599ce55946809b3154_grande.png\",\"contentUrl\":\"https:\/\/chocobakery.azdigi.shop\/wp-content\/uploads\/2026\/03\/77_49354d802dc74f599ce55946809b3154_grande.png\",\"width\":600,\"height\":600},{\"@type\":\"BreadcrumbList\",\"@id\":\"https:\/\/chocobakery.azdigi.shop\/?product=bac-xiu-250ml#breadcrumb\",\"itemListElement\":[{\"@type\":\"ListItem\",\"position\":1,\"name\":\"Trang ch\u1ee7\",\"item\":\"https:\/\/chocobakery.azdigi.shop\/\"},{\"@type\":\"ListItem\",\"position\":2,\"name\":\"C\u1eeda h\u00e0ng\",\"item\":\"https:\/\/chocobakery.azdigi.shop\/?page_id=212\"},{\"@type\":\"ListItem\",\"position\":3,\"name\":\"B\u1ea0C X\u1ec8U 250ML\"}]},{\"@type\":\"WebSite\",\"@id\":\"https:\/\/chocobakery.azdigi.shop\/#website\",\"url\":\"https:\/\/chocobakery.azdigi.shop\/\",\"name\":\"Vietnamesecoffee\",\"description\":\"\",\"potentialAction\":[{\"@type\":\"SearchAction\",\"target\":{\"@type\":\"EntryPoint\",\"urlTemplate\":\"https:\/\/chocobakery.azdigi.shop\/?s={search_term_string}\"},\"query-input\":{\"@type\":\"PropertyValueSpecification\",\"valueRequired\":true,\"valueName\":\"search_term_string\"}}],\"inLanguage\":\"vi\"}]}<\/script>\n<!-- \/ Yoast SEO plugin. -->","yoast_head_json":{"title":"B\u1ea0C X\u1ec8U 250ML - Vietnamesecoffee","description":"Vietnamesecoffee - C\u00e0 ph\u00ea Espresso h\u1ea1t Arabica Blend k\u1ebft h\u1ee3p c\u00f9ng s\u1eefa \u0111\u1eb7c v\u00e0 s\u1eefa t\u01b0\u01a1i.","robots":{"index":"index","follow":"follow","max-snippet":"max-snippet:-1","max-image-preview":"max-image-preview:large","max-video-preview":"max-video-preview:-1"},"canonical":"https:\/\/chocobakery.azdigi.shop\/?product=bac-xiu-250ml","og_locale":"vi_VN","og_type":"article","og_title":"B\u1ea0C X\u1ec8U 250ML - Vietnamesecoffee","og_description":"Vietnamesecoffee - C\u00e0 ph\u00ea Espresso h\u1ea1t Arabica Blend k\u1ebft h\u1ee3p c\u00f9ng s\u1eefa \u0111\u1eb7c v\u00e0 s\u1eefa t\u01b0\u01a1i.","og_url":"https:\/\/chocobakery.azdigi.shop\/?product=bac-xiu-250ml","og_site_name":"Vietnamesecoffee","article_modified_time":"2026-04-18T05:32:33+00:00","og_image":[{"width":600,"height":600,"url":"https:\/\/chocobakery.azdigi.shop\/wp-content\/uploads\/2026\/03\/77_49354d802dc74f599ce55946809b3154_grande.png","type":"image\/png"}],"twitter_card":"summary_large_image","twitter_misc":{"\u01af\u1edbc t\u00ednh th\u1eddi gian \u0111\u1ecdc":"1 ph\u00fat"},"schema":{"@context":"https:\/\/schema.org","@graph":[{"@type":"WebPage","@id":"https:\/\/chocobakery.azdigi.shop\/?product=bac-xiu-250ml","url":"https:\/\/chocobakery.azdigi.shop\/?product=bac-xiu-250ml","name":"B\u1ea0C X\u1ec8U 250ML - Vietnamesecoffee","isPartOf":{"@id":"https:\/\/chocobakery.azdigi.shop\/#website"},"primaryImageOfPage":{"@id":"https:\/\/chocobakery.azdigi.shop\/?product=bac-xiu-250ml#primaryimage"},"image":{"@id":"https:\/\/chocobakery.azdigi.shop\/?product=bac-xiu-250ml#primaryimage"},"thumbnailUrl":"https:\/\/chocobakery.azdigi.shop\/wp-content\/uploads\/2026\/03\/77_49354d802dc74f599ce55946809b3154_grande.png","datePublished":"2026-03-28T01:22:01+00:00","dateModified":"2026-04-18T05:32:33+00:00","description":"Vietnamesecoffee - C\u00e0 ph\u00ea Espresso h\u1ea1t Arabica Blend k\u1ebft h\u1ee3p c\u00f9ng s\u1eefa \u0111\u1eb7c v\u00e0 s\u1eefa t\u01b0\u01a1i.","breadcrumb":{"@id":"https:\/\/chocobakery.azdigi.shop\/?product=bac-xiu-250ml#breadcrumb"},"inLanguage":"vi","potentialAction":[{"@type":"ReadAction","target":["https:\/\/chocobakery.azdigi.shop\/?product=bac-xiu-250ml"]}]},{"@type":"ImageObject","inLanguage":"vi","@id":"https:\/\/chocobakery.azdigi.shop\/?product=bac-xiu-250ml#primaryimage","url":"https:\/\/chocobakery.azdigi.shop\/wp-content\/uploads\/2026\/03\/77_49354d802dc74f599ce55946809b3154_grande.png","contentUrl":"https:\/\/chocobakery.azdigi.shop\/wp-content\/uploads\/2026\/03\/77_49354d802dc74f599ce55946809b3154_grande.png","width":600,"height":600},{"@type":"BreadcrumbList","@id":"https:\/\/chocobakery.azdigi.shop\/?product=bac-xiu-250ml#breadcrumb","itemListElement":[{"@type":"ListItem","position":1,"name":"Trang ch\u1ee7","item":"https:\/\/chocobakery.azdigi.shop\/"},{"@type":"ListItem","position":2,"name":"C\u1eeda h\u00e0ng","item":"https:\/\/chocobakery.azdigi.shop\/?page_id=212"},{"@type":"ListItem","position":3,"name":"B\u1ea0C X\u1ec8U 250ML"}]},{"@type":"WebSite","@id":"https:\/\/chocobakery.azdigi.shop\/#website","url":"https:\/\/chocobakery.azdigi.shop\/","name":"Vietnamesecoffee","description":"","potentialAction":[{"@type":"SearchAction","target":{"@type":"EntryPoint","urlTemplate":"https:\/\/chocobakery.azdigi.shop\/?s={search_term_string}"},"query-input":{"@type":"PropertyValueSpecification","valueRequired":true,"valueName":"search_term_string"}}],"inLanguage":"vi"}]}},"_links":{"self":[{"href":"https:\/\/chocobakery.azdigi.shop\/index.php?rest_route=\/wp\/v2\/product\/224","targetHints":{"allow":["GET"]}}],"collection":[{"href":"https:\/\/chocobakery.azdigi.shop\/index.php?rest_route=\/wp\/v2\/product"}],"about":[{"href":"https:\/\/chocobakery.azdigi.shop\/index.php?rest_route=\/wp\/v2\/types\/product"}],"replies":[{"embeddable":true,"href":"https:\/\/chocobakery.azdigi.shop\/index.php?rest_route=%2Fwp%2Fv2%2Fcomments&post=224"}],"wp:featuredmedia":[{"embeddable":true,"href":"https:\/\/chocobakery.azdigi.shop\/index.php?rest_route=\/wp\/v2\/media\/140"}],"wp:attachment":[{"href":"https:\/\/chocobakery.azdigi.shop\/index.php?rest_route=%2Fwp%2Fv2%2Fmedia&parent=224"}],"wp:term":[{"taxonomy":"product_brand","embeddable":true,"href":"https:\/\/chocobakery.azdigi.shop\/index.php?rest_route=%2Fwp%2Fv2%2Fproduct_brand&post=224"},{"taxonomy":"product_cat","embeddable":true,"href":"https:\/\/chocobakery.azdigi.shop\/index.php?rest_route=%2Fwp%2Fv2%2Fproduct_cat&post=224"},{"taxonomy":"product_tag","embeddable":true,"href":"https:\/\/chocobakery.azdigi.shop\/index.php?rest_route=%2Fwp%2Fv2%2Fproduct_tag&post=224"}],"curies":[{"name":"wp","href":"https:\/\/api.w.org\/{rel}","templated":true}]}}