{"id":219,"date":"2026-03-28T00:32:53","date_gmt":"2026-03-28T00:32:53","guid":{"rendered":"https:\/\/chocobakery.azdigi.shop\/?post_type=product&#038;p=219"},"modified":"2026-04-18T05:32:46","modified_gmt":"2026-04-18T05:32:46","slug":"sii-latte-250ml","status":"publish","type":"product","link":"https:\/\/chocobakery.azdigi.shop\/?product=sii-latte-250ml","title":{"rendered":"Sii LATTE &#8211; 250ML"},"content":{"rendered":"<p data-start=\"111\" data-end=\"182\"><strong data-start=\"111\" data-end=\"182\">C\u00e0 ph\u00ea Espresso k\u1ebft h\u1ee3p kem t\u01b0\u01a1i b\u00e9o ng\u1eady \u2013 th\u1ee9c u\u1ed1ng l\u1ea1nh th\u01a1m m\u1ecbn<\/strong><\/p>\n<p data-start=\"184\" data-end=\"438\">Th\u1ee9c u\u1ed1ng \u0111\u01b0\u1ee3c pha ch\u1ebf t\u1eeb <strong data-start=\"210\" data-end=\"236\">c\u00e0 ph\u00ea Espresso \u0111\u1eadm v\u1ecb<\/strong> k\u1ebft h\u1ee3p c\u00f9ng <strong data-start=\"250\" data-end=\"271\">hai lo\u1ea1i kem t\u01b0\u01a1i<\/strong>, mang \u0111\u1ebfn h\u01b0\u01a1ng v\u1ecb <strong data-start=\"291\" data-end=\"324\">b\u00e9o ng\u1eady, th\u01a1m m\u1ecbn v\u00e0 d\u1ec5 u\u1ed1ng<\/strong>. \u0110\u00e2y l\u00e0 l\u1ef1a ch\u1ecdn l\u00fd t\u01b0\u1edfng cho nh\u1eefng ai y\u00eau th\u00edch \u0111\u1ed3 u\u1ed1ng c\u00f3 v\u1ecb s\u1eefa nh\u01b0ng v\u1eabn mu\u1ed1n c\u1ea3m nh\u1eadn ch\u00fat c\u00e0 ph\u00ea nh\u1eb9 nh\u00e0ng.<\/p>\n<ul data-start=\"440\" data-end=\"513\">\n<li data-section-id=\"uxp3n7\" data-start=\"440\" data-end=\"460\"><strong data-start=\"442\" data-end=\"453\">\u0110\u1ed9 \u0111\u1eadm:<\/strong> 7\/10<\/li>\n<li data-section-id=\"1jdewnx\" data-start=\"461\" data-end=\"482\"><strong data-start=\"463\" data-end=\"475\">\u0110\u1ed9 ng\u1ecdt:<\/strong> 8\/10<\/li>\n<li data-section-id=\"1cnrupu\" data-start=\"483\" data-end=\"513\"><strong data-start=\"485\" data-end=\"497\">Ph\u1ee5c v\u1ee5:<\/strong> Ch\u1ec9 d\u00f9ng l\u1ea1nh<\/li>\n<\/ul>\n<p data-start=\"515\" data-end=\"640\"><strong data-start=\"515\" data-end=\"531\">Ph\u00f9 h\u1ee3p v\u1edbi:<\/strong><br data-start=\"531\" data-end=\"534\" \/>Kh\u00e1ch h\u00e0ng kh\u00f4ng th\u00edch c\u00e0 ph\u00ea qu\u00e1 \u0111\u1eadm, kh\u00f4ng \u01b0a v\u1ecb qu\u00e1 ng\u1ecdt, \u01b0u ti\u00ean \u0111\u1ed3 u\u1ed1ng <strong data-start=\"611\" data-end=\"639\">ng\u1eady, nhi\u1ec1u s\u1eefa, d\u1ec5 u\u1ed1ng<\/strong>.<\/p>\n<p data-start=\"642\" data-end=\"730\"><strong data-start=\"642\" data-end=\"664\">Kh\u00f4ng ph\u00f9 h\u1ee3p v\u1edbi:<\/strong><br data-start=\"664\" data-end=\"667\" \/>Nh\u1eefng ai th\u00edch \u0111\u1ed3 u\u1ed1ng <strong data-start=\"690\" data-end=\"702\">ng\u1ecdt \u0111\u1eadm<\/strong> ho\u1eb7c <strong data-start=\"708\" data-end=\"729\">thanh m\u00e1t, \u00edt b\u00e9o<\/strong>.<\/p>\n<p data-start=\"732\" data-end=\"912\"><strong data-start=\"732\" data-end=\"756\">T\u00f9y ch\u1ec9nh linh ho\u1ea1t:<\/strong><br data-start=\"756\" data-end=\"759\" \/>B\u1ea1n c\u00f3 th\u1ec3 <strong data-start=\"770\" data-end=\"796\">t\u0103ng\/gi\u1ea3m l\u01b0\u1ee3ng c\u00e0 ph\u00ea<\/strong> ho\u1eb7c <strong data-start=\"802\" data-end=\"824\">\u0111i\u1ec1u ch\u1ec9nh \u0111\u1ed9 ng\u1ecdt<\/strong> theo kh\u1ea9u v\u1ecb c\u00e1 nh\u00e2n. Vui l\u00f2ng ghi ch\u00fa tr\u1ef1c ti\u1ebfp khi \u0111\u1eb7t h\u00e0ng \u0111\u1ec3 \u0111\u01b0\u1ee3c ph\u1ee5c v\u1ee5 t\u1ed1t nh\u1ea5t<\/p>\n","protected":false},"excerpt":{"rendered":"<p>C\u00e0 ph\u00ea Espresso k\u1ebft h\u1ee3p kem t\u01b0\u01a1i b\u00e9o ng\u1eady \u2013 th\u1ee9c u\u1ed1ng l\u1ea1nh th\u01a1m m\u1ecbn Th\u1ee9c u\u1ed1ng \u0111\u01b0\u1ee3c pha ch\u1ebf t\u1eeb c\u00e0 ph\u00ea Espresso \u0111\u1eadm v\u1ecb k\u1ebft h\u1ee3p c\u00f9ng hai lo\u1ea1i kem t\u01b0\u01a1i, mang \u0111\u1ebfn h\u01b0\u01a1ng v\u1ecb b\u00e9o ng\u1eady, th\u01a1m m\u1ecbn v\u00e0 d\u1ec5 u\u1ed1ng. \u0110\u00e2y l\u00e0 l\u1ef1a ch\u1ecdn l\u00fd t\u01b0\u1edfng cho nh\u1eefng ai y\u00eau th\u00edch [&#8230;]\n","protected":false},"featured_media":139,"comment_status":"open","ping_status":"closed","template":"","meta":[],"product_brand":[20],"product_cat":[29],"product_tag":[],"class_list":{"0":"post-219","1":"product","2":"type-product","3":"status-publish","4":"has-post-thumbnail","6":"product_brand-deepsi","7":"product_cat-ca-phe-dong-chai","9":"first","10":"instock","11":"sold-individually","12":"shipping-taxable","13":"product-type-variable"},"yoast_head":"<!-- This site is optimized with the Yoast SEO plugin v27.1.1 - https:\/\/yoast.com\/product\/yoast-seo-wordpress\/ -->\n<title>Sii LATTE - 250ML - C\u00e0 ph\u00ea espresso kem t\u01b0\u01a1i b\u00e9o ng\u1eady, d\u1ec5 u\u1ed1ng<\/title>\n<meta name=\"description\" content=\"Sii LATTE - 250ML - C\u00e0 ph\u00ea espresso k\u1ebft h\u1ee3p kem t\u01b0\u01a1i b\u00e9o ng\u1eady. H\u01b0\u01a1ng v\u1ecb th\u01a1m m\u1ecbn, d\u1ec5 u\u1ed1ng. \u0110\u1ed9 \u0111\u1eadm v\u1eeba ph\u1ea3i. Ph\u00f9 h\u1ee3p ng\u01b0\u1eddi th\u00edch v\u1ecb s\u1eefa, \u00edt c\u00e0 ph\u00ea.\" \/>\n<meta name=\"robots\" content=\"index, follow, max-snippet:-1, max-image-preview:large, max-video-preview:-1\" \/>\n<link rel=\"canonical\" href=\"https:\/\/chocobakery.azdigi.shop\/?product=sii-latte-250ml\" \/>\n<meta property=\"og:locale\" content=\"vi_VN\" \/>\n<meta property=\"og:type\" content=\"article\" \/>\n<meta property=\"og:title\" content=\"Sii LATTE - 250ML - C\u00e0 ph\u00ea espresso kem t\u01b0\u01a1i b\u00e9o ng\u1eady, d\u1ec5 u\u1ed1ng\" \/>\n<meta property=\"og:description\" content=\"Sii LATTE - 250ML - C\u00e0 ph\u00ea espresso k\u1ebft h\u1ee3p kem t\u01b0\u01a1i b\u00e9o ng\u1eady. H\u01b0\u01a1ng v\u1ecb th\u01a1m m\u1ecbn, d\u1ec5 u\u1ed1ng. \u0110\u1ed9 \u0111\u1eadm v\u1eeba ph\u1ea3i. Ph\u00f9 h\u1ee3p ng\u01b0\u1eddi th\u00edch v\u1ecb s\u1eefa, \u00edt c\u00e0 ph\u00ea.\" \/>\n<meta property=\"og:url\" content=\"https:\/\/chocobakery.azdigi.shop\/?product=sii-latte-250ml\" \/>\n<meta property=\"og:site_name\" content=\"Vietnamesecoffee\" \/>\n<meta property=\"article:modified_time\" content=\"2026-04-18T05:32:46+00:00\" \/>\n<meta property=\"og:image\" content=\"https:\/\/chocobakery.azdigi.shop\/wp-content\/uploads\/2026\/03\/79_f704f3fc7a674643bb1f20fe7f505e82_grande.png\" \/>\n\t<meta property=\"og:image:width\" content=\"600\" \/>\n\t<meta property=\"og:image:height\" content=\"600\" \/>\n\t<meta property=\"og:image:type\" content=\"image\/png\" \/>\n<meta name=\"twitter:card\" content=\"summary_large_image\" \/>\n<meta name=\"twitter:label1\" content=\"\u01af\u1edbc t\u00ednh th\u1eddi gian \u0111\u1ecdc\" \/>\n\t<meta name=\"twitter:data1\" content=\"2 ph\u00fat\" \/>\n<script type=\"application\/ld+json\" class=\"yoast-schema-graph\">{\"@context\":\"https:\/\/schema.org\",\"@graph\":[{\"@type\":\"WebPage\",\"@id\":\"https:\/\/chocobakery.azdigi.shop\/?product=sii-latte-250ml\",\"url\":\"https:\/\/chocobakery.azdigi.shop\/?product=sii-latte-250ml\",\"name\":\"Sii LATTE - 250ML - C\u00e0 ph\u00ea espresso kem t\u01b0\u01a1i b\u00e9o ng\u1eady, d\u1ec5 u\u1ed1ng\",\"isPartOf\":{\"@id\":\"https:\/\/chocobakery.azdigi.shop\/#website\"},\"primaryImageOfPage\":{\"@id\":\"https:\/\/chocobakery.azdigi.shop\/?product=sii-latte-250ml#primaryimage\"},\"image\":{\"@id\":\"https:\/\/chocobakery.azdigi.shop\/?product=sii-latte-250ml#primaryimage\"},\"thumbnailUrl\":\"https:\/\/chocobakery.azdigi.shop\/wp-content\/uploads\/2026\/03\/79_f704f3fc7a674643bb1f20fe7f505e82_grande.png\",\"datePublished\":\"2026-03-28T00:32:53+00:00\",\"dateModified\":\"2026-04-18T05:32:46+00:00\",\"description\":\"Sii LATTE - 250ML - C\u00e0 ph\u00ea espresso k\u1ebft h\u1ee3p kem t\u01b0\u01a1i b\u00e9o ng\u1eady. H\u01b0\u01a1ng v\u1ecb th\u01a1m m\u1ecbn, d\u1ec5 u\u1ed1ng. \u0110\u1ed9 \u0111\u1eadm v\u1eeba ph\u1ea3i. Ph\u00f9 h\u1ee3p ng\u01b0\u1eddi th\u00edch v\u1ecb s\u1eefa, \u00edt c\u00e0 ph\u00ea.\",\"breadcrumb\":{\"@id\":\"https:\/\/chocobakery.azdigi.shop\/?product=sii-latte-250ml#breadcrumb\"},\"inLanguage\":\"vi\",\"potentialAction\":[{\"@type\":\"ReadAction\",\"target\":[\"https:\/\/chocobakery.azdigi.shop\/?product=sii-latte-250ml\"]}]},{\"@type\":\"ImageObject\",\"inLanguage\":\"vi\",\"@id\":\"https:\/\/chocobakery.azdigi.shop\/?product=sii-latte-250ml#primaryimage\",\"url\":\"https:\/\/chocobakery.azdigi.shop\/wp-content\/uploads\/2026\/03\/79_f704f3fc7a674643bb1f20fe7f505e82_grande.png\",\"contentUrl\":\"https:\/\/chocobakery.azdigi.shop\/wp-content\/uploads\/2026\/03\/79_f704f3fc7a674643bb1f20fe7f505e82_grande.png\",\"width\":600,\"height\":600},{\"@type\":\"BreadcrumbList\",\"@id\":\"https:\/\/chocobakery.azdigi.shop\/?product=sii-latte-250ml#breadcrumb\",\"itemListElement\":[{\"@type\":\"ListItem\",\"position\":1,\"name\":\"Trang ch\u1ee7\",\"item\":\"https:\/\/chocobakery.azdigi.shop\/\"},{\"@type\":\"ListItem\",\"position\":2,\"name\":\"C\u1eeda h\u00e0ng\",\"item\":\"https:\/\/chocobakery.azdigi.shop\/?page_id=212\"},{\"@type\":\"ListItem\",\"position\":3,\"name\":\"Sii LATTE &#8211; 250ML\"}]},{\"@type\":\"WebSite\",\"@id\":\"https:\/\/chocobakery.azdigi.shop\/#website\",\"url\":\"https:\/\/chocobakery.azdigi.shop\/\",\"name\":\"Vietnamesecoffee\",\"description\":\"\",\"potentialAction\":[{\"@type\":\"SearchAction\",\"target\":{\"@type\":\"EntryPoint\",\"urlTemplate\":\"https:\/\/chocobakery.azdigi.shop\/?s={search_term_string}\"},\"query-input\":{\"@type\":\"PropertyValueSpecification\",\"valueRequired\":true,\"valueName\":\"search_term_string\"}}],\"inLanguage\":\"vi\"}]}<\/script>\n<!-- \/ Yoast SEO plugin. -->","yoast_head_json":{"title":"Sii LATTE - 250ML - C\u00e0 ph\u00ea espresso kem t\u01b0\u01a1i b\u00e9o ng\u1eady, d\u1ec5 u\u1ed1ng","description":"Sii LATTE - 250ML - C\u00e0 ph\u00ea espresso k\u1ebft h\u1ee3p kem t\u01b0\u01a1i b\u00e9o ng\u1eady. H\u01b0\u01a1ng v\u1ecb th\u01a1m m\u1ecbn, d\u1ec5 u\u1ed1ng. \u0110\u1ed9 \u0111\u1eadm v\u1eeba ph\u1ea3i. Ph\u00f9 h\u1ee3p ng\u01b0\u1eddi th\u00edch v\u1ecb s\u1eefa, \u00edt c\u00e0 ph\u00ea.","robots":{"index":"index","follow":"follow","max-snippet":"max-snippet:-1","max-image-preview":"max-image-preview:large","max-video-preview":"max-video-preview:-1"},"canonical":"https:\/\/chocobakery.azdigi.shop\/?product=sii-latte-250ml","og_locale":"vi_VN","og_type":"article","og_title":"Sii LATTE - 250ML - C\u00e0 ph\u00ea espresso kem t\u01b0\u01a1i b\u00e9o ng\u1eady, d\u1ec5 u\u1ed1ng","og_description":"Sii LATTE - 250ML - C\u00e0 ph\u00ea espresso k\u1ebft h\u1ee3p kem t\u01b0\u01a1i b\u00e9o ng\u1eady. H\u01b0\u01a1ng v\u1ecb th\u01a1m m\u1ecbn, d\u1ec5 u\u1ed1ng. \u0110\u1ed9 \u0111\u1eadm v\u1eeba ph\u1ea3i. Ph\u00f9 h\u1ee3p ng\u01b0\u1eddi th\u00edch v\u1ecb s\u1eefa, \u00edt c\u00e0 ph\u00ea.","og_url":"https:\/\/chocobakery.azdigi.shop\/?product=sii-latte-250ml","og_site_name":"Vietnamesecoffee","article_modified_time":"2026-04-18T05:32:46+00:00","og_image":[{"width":600,"height":600,"url":"https:\/\/chocobakery.azdigi.shop\/wp-content\/uploads\/2026\/03\/79_f704f3fc7a674643bb1f20fe7f505e82_grande.png","type":"image\/png"}],"twitter_card":"summary_large_image","twitter_misc":{"\u01af\u1edbc t\u00ednh th\u1eddi gian \u0111\u1ecdc":"2 ph\u00fat"},"schema":{"@context":"https:\/\/schema.org","@graph":[{"@type":"WebPage","@id":"https:\/\/chocobakery.azdigi.shop\/?product=sii-latte-250ml","url":"https:\/\/chocobakery.azdigi.shop\/?product=sii-latte-250ml","name":"Sii LATTE - 250ML - C\u00e0 ph\u00ea espresso kem t\u01b0\u01a1i b\u00e9o ng\u1eady, d\u1ec5 u\u1ed1ng","isPartOf":{"@id":"https:\/\/chocobakery.azdigi.shop\/#website"},"primaryImageOfPage":{"@id":"https:\/\/chocobakery.azdigi.shop\/?product=sii-latte-250ml#primaryimage"},"image":{"@id":"https:\/\/chocobakery.azdigi.shop\/?product=sii-latte-250ml#primaryimage"},"thumbnailUrl":"https:\/\/chocobakery.azdigi.shop\/wp-content\/uploads\/2026\/03\/79_f704f3fc7a674643bb1f20fe7f505e82_grande.png","datePublished":"2026-03-28T00:32:53+00:00","dateModified":"2026-04-18T05:32:46+00:00","description":"Sii LATTE - 250ML - C\u00e0 ph\u00ea espresso k\u1ebft h\u1ee3p kem t\u01b0\u01a1i b\u00e9o ng\u1eady. H\u01b0\u01a1ng v\u1ecb th\u01a1m m\u1ecbn, d\u1ec5 u\u1ed1ng. \u0110\u1ed9 \u0111\u1eadm v\u1eeba ph\u1ea3i. Ph\u00f9 h\u1ee3p ng\u01b0\u1eddi th\u00edch v\u1ecb s\u1eefa, \u00edt c\u00e0 ph\u00ea.","breadcrumb":{"@id":"https:\/\/chocobakery.azdigi.shop\/?product=sii-latte-250ml#breadcrumb"},"inLanguage":"vi","potentialAction":[{"@type":"ReadAction","target":["https:\/\/chocobakery.azdigi.shop\/?product=sii-latte-250ml"]}]},{"@type":"ImageObject","inLanguage":"vi","@id":"https:\/\/chocobakery.azdigi.shop\/?product=sii-latte-250ml#primaryimage","url":"https:\/\/chocobakery.azdigi.shop\/wp-content\/uploads\/2026\/03\/79_f704f3fc7a674643bb1f20fe7f505e82_grande.png","contentUrl":"https:\/\/chocobakery.azdigi.shop\/wp-content\/uploads\/2026\/03\/79_f704f3fc7a674643bb1f20fe7f505e82_grande.png","width":600,"height":600},{"@type":"BreadcrumbList","@id":"https:\/\/chocobakery.azdigi.shop\/?product=sii-latte-250ml#breadcrumb","itemListElement":[{"@type":"ListItem","position":1,"name":"Trang ch\u1ee7","item":"https:\/\/chocobakery.azdigi.shop\/"},{"@type":"ListItem","position":2,"name":"C\u1eeda h\u00e0ng","item":"https:\/\/chocobakery.azdigi.shop\/?page_id=212"},{"@type":"ListItem","position":3,"name":"Sii LATTE &#8211; 250ML"}]},{"@type":"WebSite","@id":"https:\/\/chocobakery.azdigi.shop\/#website","url":"https:\/\/chocobakery.azdigi.shop\/","name":"Vietnamesecoffee","description":"","potentialAction":[{"@type":"SearchAction","target":{"@type":"EntryPoint","urlTemplate":"https:\/\/chocobakery.azdigi.shop\/?s={search_term_string}"},"query-input":{"@type":"PropertyValueSpecification","valueRequired":true,"valueName":"search_term_string"}}],"inLanguage":"vi"}]}},"_links":{"self":[{"href":"https:\/\/chocobakery.azdigi.shop\/index.php?rest_route=\/wp\/v2\/product\/219","targetHints":{"allow":["GET"]}}],"collection":[{"href":"https:\/\/chocobakery.azdigi.shop\/index.php?rest_route=\/wp\/v2\/product"}],"about":[{"href":"https:\/\/chocobakery.azdigi.shop\/index.php?rest_route=\/wp\/v2\/types\/product"}],"replies":[{"embeddable":true,"href":"https:\/\/chocobakery.azdigi.shop\/index.php?rest_route=%2Fwp%2Fv2%2Fcomments&post=219"}],"wp:featuredmedia":[{"embeddable":true,"href":"https:\/\/chocobakery.azdigi.shop\/index.php?rest_route=\/wp\/v2\/media\/139"}],"wp:attachment":[{"href":"https:\/\/chocobakery.azdigi.shop\/index.php?rest_route=%2Fwp%2Fv2%2Fmedia&parent=219"}],"wp:term":[{"taxonomy":"product_brand","embeddable":true,"href":"https:\/\/chocobakery.azdigi.shop\/index.php?rest_route=%2Fwp%2Fv2%2Fproduct_brand&post=219"},{"taxonomy":"product_cat","embeddable":true,"href":"https:\/\/chocobakery.azdigi.shop\/index.php?rest_route=%2Fwp%2Fv2%2Fproduct_cat&post=219"},{"taxonomy":"product_tag","embeddable":true,"href":"https:\/\/chocobakery.azdigi.shop\/index.php?rest_route=%2Fwp%2Fv2%2Fproduct_tag&post=219"}],"curies":[{"name":"wp","href":"https:\/\/api.w.org\/{rel}","templated":true}]}}